{"id":790,"date":"2024-06-20T17:06:42","date_gmt":"2024-06-20T17:06:42","guid":{"rendered":"http:\/\/sleepandhypnosis.org\/research\/enyayinkurulu\/"},"modified":"2024-06-20T17:06:42","modified_gmt":"2024-06-20T17:06:42","slug":"enyayinkurulu","status":"publish","type":"page","link":"https:\/\/sleepandhypnosis.org\/research\/enyayinkurulu\/","title":{"rendered":"Enyayinkurulu"},"content":{"rendered":"<div class=\"SectionUst\">\n<div class=\"SectionSlayt\">\n<div><img decoding=\"async\" src=\"[get_bloginfo]url[\/get_bloginfo]\/files\/ing\/images\/banner\/9b4cdc717.png\" alt=\"\"\/><\/div>\n<\/p><\/div>\n<div class=\"SectionLogin\">\n<div class=\"ScopeMedmnu\">\n<div class=\"ScopeBaslik\">\n                        SUBMIT YOUR MANUSCRIPT<\/div>\n<div class=\"ScopeLink\">\n<div class=\"Newuser Scolinkstil\">\n                            <b>Register<\/b>\n                        <\/div>\n<div class=\"gouser Scolinkstil\">\n                            <b>Author Login<\/b><\/div>\n<div class=\"reviewer Scolinkstil\">\n                            <a href=\"http:\/\/www.ejmanager.com\/reviewers\/index.php?isl=login\" target=\"_blank\" rel=\"noopener\"><b>Reviewer Login<\/b><\/a><\/div>\n<div class=\"telif Scolinkstil\">\n                            <a href=\"[get_bloginfo]url[\/get_bloginfo]\/files\/word\/copyrighttransferform.pdf\" target=\"_blank\" rel=\"noopener\">\u00a9 Copyright Transfer Form<\/a><\/div>\n<\/p><\/div>\n<div style=\"float:left; margin-top:125px; margin-left:70px;\">\n                    <!-- Go to www.addthis.com\/dashboard to customize your tools --><\/p>\n<div class=\"addthis_sharing_toolbox\"><\/div>\n<\/p><\/div>\n<\/p><\/div>\n<\/p><\/div>\n<\/p><\/div>\n<p>        <!----SayfaORtas\u0131bitiyor---><br \/>\n    <!---SayfaOrtaYazilariBas\u015fliyot---><\/p>\n<div class=\"ArticleTitle\">\n<div class=\"ABaslik\">\n        <\/div>\n<\/p><\/div>\n<div class=\"ArticleX\">\n<div class=\"leftArticleHak\">\n            <center>Sleep and Hypnosis: A Journal of Clinical Neuroscience and Psychopathology<b><br class=\"m3ncsyod40qcuw2zf\"\/><br \/>\n<br class=\"m3ncsyod40qcuw2zf\"\/><br \/>\nEDITOR-IN-CHIEF<\/b><br class=\"m3ncsyod40qcuw2zf\"\/><br \/>\nMehmet Yucel Agargun, MD<br class=\"m3ncsyod40qcuw2zf\"\/><br \/>\n<span style=\"font-style: italic;\">Medipol University, Turkey<\/span><br class=\"m3ncsyod40qcuw2zf\"\/><br \/>\n<br class=\"m3ncsyod40qcuw2zf\"\/><br \/>\n<b>DEPUTY EDITORS-IN-CHIEF<\/b><br class=\"m3ncsyod40qcuw2zf\"\/><br \/>\nYavuz Selvi, MD<br class=\"m3ncsyod40qcuw2zf\"\/><br \/>\n<span style=\"font-style: italic;\">Sel\u00e7uk University, Turkey<\/span><br class=\"m3ncsyod40qcuw2zf\"\/><br \/>\nMustafa Gulec, MD<br class=\"m3ncsyod40qcuw2zf\"\/><br \/>\n<span style=\"font-style: italic;\">\u0130zmir K\u00e2tip \u00c7elebi University, Turkey<\/span><br class=\"m3ncsyod40qcuw2zf\"\/><br \/>\nMurat Boysan, PhD<br class=\"m3ncsyod40qcuw2zf\"\/><br \/>\n<span style=\"font-style: italic;\">Y\u00fcz\u00fcnc\u00fc Y\u0131l University, Turkey<\/span><br class=\"m3ncsyod40qcuw2zf\"\/><br \/>\n<br class=\"m3ncsyod40qcuw2zf\"\/><br \/>\n<b>ASSOCIATE EDITORS<\/b><br class=\"m3ncsyod40qcuw2zf\"\/><br \/>\nKelly Bulkeley, PhD<br class=\"m3ncsyod40qcuw2zf\"\/><br \/>\n<span style=\"font-style: italic;\">Graduate Theological Union, USA<\/span><br class=\"m3ncsyod40qcuw2zf\"\/><br \/>\nPatrick McNamara, PhD<br class=\"m3ncsyod40qcuw2zf\"\/><br \/>\n<span style=\"font-style: italic;\">Boston University, USA<\/span><br class=\"m3ncsyod40qcuw2zf\"\/><br \/>\nSteven Jay Lynn, PhD<br class=\"m3ncsyod40qcuw2zf\"\/><br \/>\n<span style=\"font-style: italic;\">Binghamton University, USA<\/span><br class=\"m3ncsyod40qcuw2zf\"\/><br \/>\n<br class=\"m3ncsyod40qcuw2zf\"\/><br \/>\n<b>ADVISORY BOARD<\/b><br class=\"m3ncsyod40qcuw2zf\"\/><br \/>\nAmanda Barnier, PhD<br class=\"m3ncsyod40qcuw2zf\"\/><br \/>\n<span style=\"font-style: italic;\">Macquarie University, Australia<\/span><br class=\"m3ncsyod40qcuw2zf\"\/><br \/>\nAna Adan, PhD<br class=\"m3ncsyod40qcuw2zf\"\/><br \/>\n<span style=\"font-style: italic;\">Universitat de Barcelona, Spain<\/span><br class=\"m3ncsyod40qcuw2zf\"\/><br \/>\nCarlos Schenck, MD<br class=\"m3ncsyod40qcuw2zf\"\/><br \/>\n<span style=\"font-style: italic;\">University of Minnesota, USA<\/span><br class=\"m3ncsyod40qcuw2zf\"\/><br \/>\nDonald Kuiken, PhD<br class=\"m3ncsyod40qcuw2zf\"\/><br \/>\n<span style=\"font-style: italic;\">University of Alberta, Canada<\/span><br class=\"m3ncsyod40qcuw2zf\"\/><br \/>\nElif Oral, MD<br class=\"m3ncsyod40qcuw2zf\"\/><br \/>\n<span style=\"font-style: italic;\">\u0130zmir K\u00e2tip \u00c7elebi University, Turkey<\/span><br class=\"m3ncsyod40qcuw2zf\"\/><br \/>\nEric Vermetten, MD<br class=\"m3ncsyod40qcuw2zf\"\/><br \/>\n<span style=\"font-style: italic;\">Universiteit Leiden, Nederlands<\/span><br class=\"m3ncsyod40qcuw2zf\"\/><br \/>\nErnest Hartmann, MD<br class=\"m3ncsyod40qcuw2zf\"\/><br \/>\n<br class=\"m3ncsyod40qcuw2zf\"\/><br \/>\nHelen M. Stallman, PhD<br class=\"m3ncsyod40qcuw2zf\"\/><br \/>\n<span style=\"font-style: italic;\">University of South Australia, Australia<\/span><br class=\"m3ncsyod40qcuw2zf\"\/><br \/>\nJohn Antrobus, PhD<br class=\"m3ncsyod40qcuw2zf\"\/><br \/>\n<span style=\"font-style: italic;\">City College of New York, USA<\/span><br class=\"m3ncsyod40qcuw2zf\"\/><br \/>\nLuc Staner, MD<br class=\"m3ncsyod40qcuw2zf\"\/><br \/>\n<span style=\"font-style: italic;\">Centre Hospitalier de Rouffach, France<\/span><br class=\"m3ncsyod40qcuw2zf\"\/><br \/>\nLuigi Ferini-Strambi, MD<br class=\"m3ncsyod40qcuw2zf\"\/><br \/>\n<span style=\"font-style: italic;\">Universit\u00e0 Vita-Salute San Raffaele, Italy<\/span><br class=\"m3ncsyod40qcuw2zf\"\/><br \/>\nMark Mahowald, MD<br class=\"m3ncsyod40qcuw2zf\"\/><br \/>\n<span style=\"font-style: italic;\">Stanford University, USA<\/span><br class=\"m3ncsyod40qcuw2zf\"\/><br \/>\nMaurice Ohayon, MD<br class=\"m3ncsyod40qcuw2zf\"\/><br \/>\n<span style=\"font-style: italic;\">Stanford University, USA<\/span><br class=\"m3ncsyod40qcuw2zf\"\/><br \/>\nMehmet Murat Demet, MD<br class=\"m3ncsyod40qcuw2zf\"\/><br \/>\n<span style=\"font-style: italic;\">Celal Bayar University, Turkey<\/span><br class=\"m3ncsyod40qcuw2zf\"\/><br \/>\nMichael Schredl, PhD<br class=\"m3ncsyod40qcuw2zf\"\/><br \/>\n<span style=\"font-style: italic;\">Universit\u00e4t Mannheim, Germany&nbsp;<\/span><br class=\"m3ncsyod40qcuw2zf\"\/><br \/>\nOkan \u00c7al\u0131yurt, MD<br class=\"m3ncsyod40qcuw2zf\"\/><br \/>\n<span style=\"font-style: italic;\">Trakya University, Turkey<\/span><br class=\"m3ncsyod40qcuw2zf\"\/><br \/>\nOliviero Bruni, MD<br class=\"m3ncsyod40qcuw2zf\"\/><br \/>\n<span style=\"font-style: italic;\">Sapienza &#8211; Universit\u00e0 di Roma, Italy<\/span><br class=\"m3ncsyod40qcuw2zf\"\/><br \/>\nRosalind Cartwright, PhD<br class=\"m3ncsyod40qcuw2zf\"\/><br \/>\n<span style=\"font-style: italic;\">Rush University Medical Center, USA<\/span><br class=\"m3ncsyod40qcuw2zf\"\/><br \/>\nRoseanne Armitage, PhD<br class=\"m3ncsyod40qcuw2zf\"\/><br \/>\n<span style=\"font-style: italic;\">University of Michigan, USA<\/span><br class=\"m3ncsyod40qcuw2zf\"\/><br \/>\nTore Nielsen, PhD<br class=\"m3ncsyod40qcuw2zf\"\/><br \/>\n<span style=\"font-style: italic;\">Universit\u00e9 de Montr\u00e9al, Canada<\/span><br class=\"m3ncsyod40qcuw2zf\"\/><br \/>\nVincenzo Natale, MD<br class=\"m3ncsyod40qcuw2zf\"\/><br \/>\n<span style=\"font-style: italic;\">Universit\u00e0 di Bologna, Italy<\/span>  <\/center>\n        <\/div>\n<div class=\"RightArticle\">\n<div class=\"RightBlokExp\" onclick=\"location.href='EnYazarlaraBilgi.aspx'\">\n                <img decoding=\"async\" src=\"[get_bloginfo]url[\/get_bloginfo]\/files\/ing\/images\/template\/guide.png\" alt=\"\"\/><b>GUIDE FOR AUTHORS<\/b>\n            <\/div>\n<div class=\"RightBlokExp\" onclick=\"location.href='EnYayinKurulu.aspx'\">\n                <img decoding=\"async\" src=\"[get_bloginfo]url[\/get_bloginfo]\/files\/ing\/images\/template\/team.png\" alt=\"\"\/><b>EDITORIAL BOARD<\/b>\n            <\/div>\n<div class=\"RightBlokExp\" onclick=\"location.href='EnHakkinda.aspx'\">\n                <img decoding=\"async\" src=\"[get_bloginfo]url[\/get_bloginfo]\/files\/ing\/images\/template\/about.png\" alt=\"\"\/><b>ABOUT JOURNAL<\/b>\n            <\/div>\n<div class=\"RightBlokExp\" onclick=\"location.href='indexes.aspx'\">\n                <img decoding=\"async\" src=\"[get_bloginfo]url[\/get_bloginfo]\/files\/ing\/images\/template\/index.png\" alt=\"\"\/><b>INDEXED IN<\/b>\n            <\/div>\n<div class=\"RightBlokExp\" onclick=\"location.href='http:\/\/www.scopemed.org\/?jid=158'\">\n                <img decoding=\"async\" src=\"[get_bloginfo]url[\/get_bloginfo]\/files\/ing\/images\/template\/sonlinefirst.png\" alt=\"\"\/><b>AHEAD OF PRINT<\/b>\n            <\/div>\n<div class=\"RightBlokExp\" onclick=\"location.href='EnArsiv.aspx'\">\n                <img decoding=\"async\" src=\"[get_bloginfo]url[\/get_bloginfo]\/files\/ing\/images\/template\/sarsiv.png\" alt=\"\"\/><b>ARCHIVE<\/b>\n            <\/div>\n<div class=\"RightBlokExp\" onclick=\"location.href='Eniletisim.aspx'\">\n                <img decoding=\"async\" src=\"[get_bloginfo]url[\/get_bloginfo]\/files\/ing\/images\/template\/contact.png\" alt=\"\"\/><b>CONTACT US<\/b>\n            <\/div>\n<div style=\"margin-top: 20px; float: left; width: 170px; margin-left: 35px;\">\n            <\/div>\n<div style=\"margin-top: 20px; float: left; width: 100px; margin-left: 70px;\">\n                <a href=\"http:\/\/www.ncbi.nlm.nih.gov\/pubmed\" target=\"_blank\" rel=\"noopener\"><br \/>\n                    <img decoding=\"async\" width=\"100\" src=\"[get_bloginfo]url[\/get_bloginfo]\/files\/ing\/images\/pubmed.png\" alt=\"\"\/><\/a>\n            <\/div>\n<div style=\"margin-top: 20px; float: left; width: 100px; margin-left: 70px;\">\n                <a href=\"http:\/\/www.wame.org\/\" target=\"_blank\" rel=\"noopener\"><br \/>\n                    <\/a>\n            <\/div>\n<\/p><\/div>\n<\/p><\/div>\n<p>    <!---SayfaOrtaYazilariBitiyor---><br \/>\n        <!---Fotterstart---><\/p>\n","protected":false},"excerpt":{"rendered":"<p>SUBMIT YOUR MANUSCRIPT Register Author Login Reviewer Login \u00a9 Copyright Transfer Form Sleep and Hypnosis: A Journal of Clinical Neuroscience and Psychopathology EDITOR-IN-CHIEF Mehmet Yucel Agargun, MD Medipol University, Turkey DEPUTY EDITORS-IN-CHIEF Yavuz Selvi, MD Sel\u00e7uk University, Turkey Mustafa Gulec, MD \u0130zmir K\u00e2tip \u00c7elebi University, Turkey Murat Boysan, PhD Y\u00fcz\u00fcnc\u00fc Y\u0131l University, Turkey ASSOCIATE EDITORS [&hellip;]<\/p>\n","protected":false},"author":0,"featured_media":0,"parent":0,"menu_order":0,"comment_status":"closed","ping_status":"closed","template":"template_3.php","meta":{"om_disable_all_campaigns":false,"footnotes":""},"class_list":["post-790","page","type-page","status-publish","hentry","post-wrapper","thrv_wrapper"],"aioseo_notices":[],"_links":{"self":[{"href":"https:\/\/sleepandhypnosis.org\/research\/wp-json\/wp\/v2\/pages\/790","targetHints":{"allow":["GET"]}}],"collection":[{"href":"https:\/\/sleepandhypnosis.org\/research\/wp-json\/wp\/v2\/pages"}],"about":[{"href":"https:\/\/sleepandhypnosis.org\/research\/wp-json\/wp\/v2\/types\/page"}],"replies":[{"embeddable":true,"href":"https:\/\/sleepandhypnosis.org\/research\/wp-json\/wp\/v2\/comments?post=790"}],"version-history":[{"count":0,"href":"https:\/\/sleepandhypnosis.org\/research\/wp-json\/wp\/v2\/pages\/790\/revisions"}],"wp:attachment":[{"href":"https:\/\/sleepandhypnosis.org\/research\/wp-json\/wp\/v2\/media?parent=790"}],"curies":[{"name":"wp","href":"https:\/\/api.w.org\/{rel}","templated":true}]}}