{"id":787,"date":"2024-06-20T17:06:42","date_gmt":"2024-06-20T17:06:42","guid":{"rendered":"http:\/\/sleepandhypnosis.org\/research\/eniletisim\/"},"modified":"2024-06-20T17:06:42","modified_gmt":"2024-06-20T17:06:42","slug":"eniletisim","status":"publish","type":"page","link":"https:\/\/sleepandhypnosis.org\/research\/eniletisim\/","title":{"rendered":"Eniletisim"},"content":{"rendered":"<div class=\"SectionUst\">\n<div class=\"SectionSlayt\">\n<div><img decoding=\"async\" src=\"[get_bloginfo]url[\/get_bloginfo]\/files\/ing\/images\/banner\/9b4cdc717.png\" alt=\"\"\/><\/div>\n<\/p><\/div>\n<div class=\"SectionLogin\">\n<div class=\"ScopeMedmnu\">\n<div class=\"ScopeBaslik\">\n                        SUBMIT YOUR MANUSCRIPT<\/div>\n<div class=\"ScopeLink\">\n<div class=\"Newuser Scolinkstil\">\n                            <b>Register<\/b>\n                        <\/div>\n<div class=\"gouser Scolinkstil\">\n                            <b>Author Login<\/b><\/div>\n<div class=\"reviewer Scolinkstil\">\n                            <a href=\"http:\/\/www.ejmanager.com\/reviewers\/index.php?isl=login\" target=\"_blank\" rel=\"noopener\"><b>Reviewer Login<\/b><\/a><\/div>\n<div class=\"telif Scolinkstil\">\n                            <a href=\"[get_bloginfo]url[\/get_bloginfo]\/files\/word\/copyrighttransferform.pdf\" target=\"_blank\" rel=\"noopener\">\u00a9 Copyright Transfer Form<\/a><\/div>\n<\/p><\/div>\n<div style=\"float:left; margin-top:125px; margin-left:70px;\">\n                    <!-- Go to www.addthis.com\/dashboard to customize your tools --><\/p>\n<div class=\"addthis_sharing_toolbox\"><\/div>\n<\/p><\/div>\n<\/p><\/div>\n<\/p><\/div>\n<\/p><\/div>\n<p>        <!----SayfaORtas\u0131bitiyor---><br \/>\n    <!---SayfaOrtaYazilariBas\u015fliyot---><\/p>\n<div class=\"ArticleTitle\">\n<div class=\"ABaslik\">\n        <\/div>\n<\/p><\/div>\n<div class=\"ArticleX\">\n<div class=\"leftArticleHak\">\n<p style=\"margin: 0px; text-align: center;\"><font color=\"#339999\"><span style=\"color: #666666;\">Sleep and Hypnosis: A Journal of Clinical Neuroscience and Ps<\/span><\/font><font color=\"#339999\"><span style=\"color: #666666;\">ychopathology<\/span><\/font><\/p>\n<p><font color=\"#339999\"><b><br class=\"m3ncsyod40qcuw2zf\"\/><br \/>\nCONTACT US<\/b><\/font><br class=\"m3ncsyod40qcuw2zf\"\/><br \/>\n <center>Yerk\u00fcre Tan\u0131t\u0131m ve Yay\u0131nc\u0131l\u0131k Hizmetleri Sanayi ve Ticaret A.\u015e.<br class=\"m3ncsyod40qcuw2zf\"\/><br \/>\n<br class=\"m3ncsyod40qcuw2zf\"\/><br \/>\n<b>Adres:<\/b> Cumhuriyet Cad. 48\/B Harbiye 34367 \/ \u0130stanbul<br class=\"m3ncsyod40qcuw2zf\"\/><br \/>\n<br class=\"m3ncsyod40qcuw2zf\"\/><br \/>\n<b>Tel:<\/b> 0212 240 28 20<br class=\"m3ncsyod40qcuw2zf\"\/><br \/>\n<br class=\"m3ncsyod40qcuw2zf\"\/><br \/>\n<b>Faks:<\/b> 0212 241 68 20<br class=\"m3ncsyod40qcuw2zf\"\/><br \/>\n<br class=\"m3ncsyod40qcuw2zf\"\/><br \/>\n<b>Mail:<\/b> yerkure@yerkure.com.tr<br class=\"m3ncsyod40qcuw2zf\"\/><br \/>\n<br class=\"m3ncsyod40qcuw2zf\"\/><br \/>\n <b>Editorial Office:<\/b> info@sleepandhypnosis.org\/research<br class=\"m3ncsyod40qcuw2zf\"\/><br \/>\n<br class=\"m3ncsyod40qcuw2zf\"\/><br \/>\n<br class=\"m3ncsyod40qcuw2zf\"\/><\/p>\n<p class=\"MsoNormal\" style=\"text-align:justify;text-justify:inter-ideograph\"><br class=\"m3ncsyod40qcuw2zf\"\/>\n<\/p>\n<p>  <\/center>\n        <\/div>\n<div class=\"RightArticle\">\n<div class=\"RightBlokExp\" onclick=\"location.href='EnYazarlaraBilgi.aspx'\">\n                <img decoding=\"async\" src=\"[get_bloginfo]url[\/get_bloginfo]\/files\/ing\/images\/template\/guide.png\" alt=\"\"\/><b>GUIDE FOR AUTHORS<\/b>\n            <\/div>\n<div class=\"RightBlokExp\" onclick=\"location.href='EnYayinKurulu.aspx'\">\n                <img decoding=\"async\" src=\"[get_bloginfo]url[\/get_bloginfo]\/files\/ing\/images\/template\/team.png\" alt=\"\"\/><b>EDITORIAL BOARD<\/b>\n            <\/div>\n<div class=\"RightBlokExp\" onclick=\"location.href='EnHakkinda.aspx'\">\n                <img decoding=\"async\" src=\"[get_bloginfo]url[\/get_bloginfo]\/files\/ing\/images\/template\/about.png\" alt=\"\"\/><b>ABOUT JOURNAL<\/b>\n            <\/div>\n<div class=\"RightBlokExp\" onclick=\"location.href='indexes.aspx'\">\n                <img decoding=\"async\" src=\"[get_bloginfo]url[\/get_bloginfo]\/files\/ing\/images\/template\/index.png\" alt=\"\"\/><b>INDEXED IN<\/b>\n            <\/div>\n<div class=\"RightBlokExp\" onclick=\"location.href='http:\/\/www.scopemed.org\/?jid=158'\">\n                <img decoding=\"async\" src=\"[get_bloginfo]url[\/get_bloginfo]\/files\/ing\/images\/template\/sonlinefirst.png\" alt=\"\"\/><b>AHEAD OF PRINT<\/b>\n            <\/div>\n<div class=\"RightBlokExp\" onclick=\"location.href='EnArsiv.aspx'\">\n                <img decoding=\"async\" src=\"[get_bloginfo]url[\/get_bloginfo]\/files\/ing\/images\/template\/sarsiv.png\" alt=\"\"\/><b>ARCHIVE<\/b>\n            <\/div>\n<div class=\"RightBlokExp\" onclick=\"location.href='Eniletisim.aspx'\">\n                <img decoding=\"async\" src=\"[get_bloginfo]url[\/get_bloginfo]\/files\/ing\/images\/template\/contact.png\" alt=\"\"\/><b>CONTACT US<\/b>\n            <\/div>\n<div style=\"margin-top: 20px; float: left; width: 170px; margin-left: 35px;\">\n            <\/div>\n<div style=\"margin-top: 20px; float: left; width: 100px; margin-left: 70px;\">\n                <a href=\"http:\/\/www.ncbi.nlm.nih.gov\/pubmed\" target=\"_blank\" rel=\"noopener\"><br \/>\n                    <img decoding=\"async\" width=\"100\" src=\"[get_bloginfo]url[\/get_bloginfo]\/files\/ing\/images\/pubmed.png\" alt=\"\"\/><\/a>\n            <\/div>\n<div style=\"margin-top: 20px; float: left; width: 100px; margin-left: 70px;\">\n                <a href=\"http:\/\/www.wame.org\/\" target=\"_blank\" rel=\"noopener\"><br \/>\n                    <\/a>\n            <\/div>\n<\/p><\/div>\n<\/p><\/div>\n<p>    <!---SayfaOrtaYazilariBitiyor---><br \/>\n        <!---Fotterstart---><\/p>\n","protected":false},"excerpt":{"rendered":"<p>SUBMIT YOUR MANUSCRIPT Register Author Login Reviewer Login \u00a9 Copyright Transfer Form Sleep and Hypnosis: A Journal of Clinical Neuroscience and Psychopathology CONTACT US Yerk\u00fcre Tan\u0131t\u0131m ve Yay\u0131nc\u0131l\u0131k Hizmetleri Sanayi ve Ticaret A.\u015e. Adres: Cumhuriyet Cad. 48\/B Harbiye 34367 \/ \u0130stanbul Tel: 0212 240 28 20 Faks: 0212 241 68 20 Mail: yerkure@yerkure.com.tr Editorial Office: [&hellip;]<\/p>\n","protected":false},"author":0,"featured_media":0,"parent":0,"menu_order":0,"comment_status":"closed","ping_status":"closed","template":"template_3.php","meta":{"om_disable_all_campaigns":false,"footnotes":""},"class_list":["post-787","page","type-page","status-publish","hentry","post-wrapper","thrv_wrapper"],"aioseo_notices":[],"_links":{"self":[{"href":"https:\/\/sleepandhypnosis.org\/research\/wp-json\/wp\/v2\/pages\/787","targetHints":{"allow":["GET"]}}],"collection":[{"href":"https:\/\/sleepandhypnosis.org\/research\/wp-json\/wp\/v2\/pages"}],"about":[{"href":"https:\/\/sleepandhypnosis.org\/research\/wp-json\/wp\/v2\/types\/page"}],"replies":[{"embeddable":true,"href":"https:\/\/sleepandhypnosis.org\/research\/wp-json\/wp\/v2\/comments?post=787"}],"version-history":[{"count":0,"href":"https:\/\/sleepandhypnosis.org\/research\/wp-json\/wp\/v2\/pages\/787\/revisions"}],"wp:attachment":[{"href":"https:\/\/sleepandhypnosis.org\/research\/wp-json\/wp\/v2\/media?parent=787"}],"curies":[{"name":"wp","href":"https:\/\/api.w.org\/{rel}","templated":true}]}}