{"id":780,"date":"2024-06-20T17:06:41","date_gmt":"2024-06-20T17:06:41","guid":{"rendered":"http:\/\/sleepandhypnosis.org\/research\/enarsivlist-sayiid-62\/"},"modified":"2024-06-20T17:06:41","modified_gmt":"2024-06-20T17:06:41","slug":"enarsivlist-sayiid-62","status":"publish","type":"page","link":"https:\/\/sleepandhypnosis.org\/research\/enarsivlist-sayiid-62\/","title":{"rendered":"Enarsivlist Sayiid 62"},"content":{"rendered":"<div class=\"leftArticle\">\n<div class=\"ArticalEx1\">\n<div class=\"ArticleHeader\">\n                            <a href=\"[get_bloginfo]url[\/get_bloginfo]\"><br \/>\n                                REM Sleep Behavior Disorder Accompanying Arachnoid Cyst: A Case Report<\/a>\n                        <\/div>\n<div class=\"ArticleAuthor\">\n                            Erhan Ak\u0131nc\u0131, Ali Samanc\u0131o\u011flu<\/div>\n<div class=\"ArticalFother\">\n<div class=\"ArticalKunye\">\n                                Sleep and Hypnosis<br \/>\n                                2016;18(3):65-68<\/div>\n<div class=\"ArticalOzetBtn\">\n                                <a href=\"[get_bloginfo]url[\/get_bloginfo]\"><br \/>\n                                    <img decoding=\"async\" src=\"[get_bloginfo]url[\/get_bloginfo]\/files\/ing\/images\/template\/oztbtn.png\" alt=\"\"\/><\/a><\/div>\n<div class=\"ArticalPdfBtn\">\n                                <a href=\"[get_bloginfo]url[\/get_bloginfo]\/files\/ing\/dergipdf\/2f997ba141f7409ba2459bee26b9382e.pdf\" target=\"_blank\" rel=\"noopener\"><br \/>\n                                    <img decoding=\"async\" src=\"[get_bloginfo]url[\/get_bloginfo]\/files\/ing\/images\/template\/pdfbtn.png\" alt=\"\"\/><\/a><\/div>\n<\/p><\/div>\n<\/p><\/div>\n<div class=\"ArticalEx1\">\n<div class=\"ArticleHeader\">\n                            <a href=\"[get_bloginfo]url[\/get_bloginfo]\"><br \/>\n                                Some Personality Characteristics of College Students Reporting Frequent Nightmares<\/a>\n                        <\/div>\n<div class=\"ArticleAuthor\">\n                            William E. Kelly<\/div>\n<div class=\"ArticalFother\">\n<div class=\"ArticalKunye\">\n                                Sleep and Hypnosis<br \/>\n                                2016;18(3):69-73<\/div>\n<div class=\"ArticalOzetBtn\">\n                                <a href=\"[get_bloginfo]url[\/get_bloginfo]\"><br \/>\n                                    <img decoding=\"async\" src=\"[get_bloginfo]url[\/get_bloginfo]\/files\/ing\/images\/template\/oztbtn.png\" alt=\"\"\/><\/a><\/div>\n<div class=\"ArticalPdfBtn\">\n                                <a href=\"[get_bloginfo]url[\/get_bloginfo]\/files\/ing\/dergipdf\/b39118cb18874a55991bbdc70e1f00ea.pdf\" target=\"_blank\" rel=\"noopener\"><br \/>\n                                    <img decoding=\"async\" src=\"[get_bloginfo]url[\/get_bloginfo]\/files\/ing\/images\/template\/pdfbtn.png\" alt=\"\"\/><\/a><\/div>\n<\/p><\/div>\n<\/p><\/div>\n<\/p><\/div>\n","protected":false},"excerpt":{"rendered":"<p>REM Sleep Behavior Disorder Accompanying Arachnoid Cyst: A Case Report Erhan Ak\u0131nc\u0131, Ali Samanc\u0131o\u011flu Sleep and Hypnosis 2016;18(3):65-68 Some Personality Characteristics of College Students Reporting Frequent Nightmares William E. Kelly Sleep and Hypnosis 2016;18(3):69-73<\/p>\n","protected":false},"author":0,"featured_media":0,"parent":0,"menu_order":0,"comment_status":"closed","ping_status":"closed","template":"","meta":{"om_disable_all_campaigns":false,"footnotes":""},"class_list":["post-780","page","type-page","status-publish","hentry","post-wrapper","thrv_wrapper"],"aioseo_notices":[],"_links":{"self":[{"href":"https:\/\/sleepandhypnosis.org\/research\/wp-json\/wp\/v2\/pages\/780","targetHints":{"allow":["GET"]}}],"collection":[{"href":"https:\/\/sleepandhypnosis.org\/research\/wp-json\/wp\/v2\/pages"}],"about":[{"href":"https:\/\/sleepandhypnosis.org\/research\/wp-json\/wp\/v2\/types\/page"}],"replies":[{"embeddable":true,"href":"https:\/\/sleepandhypnosis.org\/research\/wp-json\/wp\/v2\/comments?post=780"}],"version-history":[{"count":0,"href":"https:\/\/sleepandhypnosis.org\/research\/wp-json\/wp\/v2\/pages\/780\/revisions"}],"wp:attachment":[{"href":"https:\/\/sleepandhypnosis.org\/research\/wp-json\/wp\/v2\/media?parent=780"}],"curies":[{"name":"wp","href":"https:\/\/api.w.org\/{rel}","templated":true}]}}