{"id":766,"date":"2024-06-20T17:06:40","date_gmt":"2024-06-20T17:06:40","guid":{"rendered":"http:\/\/sleepandhypnosis.org\/research\/enarsivlist-sayiid-4\/"},"modified":"2024-06-20T17:06:40","modified_gmt":"2024-06-20T17:06:40","slug":"enarsivlist-sayiid-4","status":"publish","type":"page","link":"https:\/\/sleepandhypnosis.org\/research\/enarsivlist-sayiid-4\/","title":{"rendered":"Enarsivlist Sayiid 4"},"content":{"rendered":"<div class=\"leftArticle\">\n<div class=\"ArticalEx1\">\n<div class=\"ArticleHeader\">\n                            <a href=\"[get_bloginfo]url[\/get_bloginfo]\"><br \/>\n                                The Nightmare is the Most Useful Dream<\/a>\n                        <\/div>\n<div class=\"ArticleAuthor\">\n                            Ernest Hartmann<\/div>\n<div class=\"ArticalFother\">\n<div class=\"ArticalKunye\">\n                                Sleep and Hypnosis<br \/>\n                                1999;1(4):199-203<\/div>\n<div class=\"ArticalOzetBtn\">\n                                <a href=\"[get_bloginfo]url[\/get_bloginfo]\"><br \/>\n                                    <img decoding=\"async\" src=\"[get_bloginfo]url[\/get_bloginfo]\/files\/ing\/images\/template\/oztbtn.png\" alt=\"\"\/><\/a><\/div>\n<div class=\"ArticalPdfBtn\">\n                                <a href=\"[get_bloginfo]url[\/get_bloginfo]\/files\/ing\/dergipdf\/ecf0565b3ced482d85abdf83cd3db672.pdf\" target=\"_blank\" rel=\"noopener\"><br \/>\n                                    <img decoding=\"async\" src=\"[get_bloginfo]url[\/get_bloginfo]\/files\/ing\/images\/template\/pdfbtn.png\" alt=\"\"\/><\/a><\/div>\n<\/p><\/div>\n<\/p><\/div>\n<div class=\"ArticalEx1\">\n<div class=\"ArticleHeader\">\n                            <a href=\"[get_bloginfo]url[\/get_bloginfo]\"><br \/>\n                                The Van Dream Anxiety Scale: A Subjective Measure of Dream Anxiety in Nightmare Sufferers<\/a>\n                        <\/div>\n<div class=\"ArticleAuthor\">\n                            Mehmed Y. A arg n, Hayrettin Kara, Mustafa Bilici, Ali Sava \u00c7illi, Metin Telci, \u00dcmit Ba\u015far Semiz, Cengiz Ba\u015fo\u011flu<\/div>\n<div class=\"ArticalFother\">\n<div class=\"ArticalKunye\">\n                                Sleep and Hypnosis<br \/>\n                                1999;1(4):204-211<\/div>\n<div class=\"ArticalOzetBtn\">\n                                <a href=\"[get_bloginfo]url[\/get_bloginfo]\"><br \/>\n                                    <img decoding=\"async\" src=\"[get_bloginfo]url[\/get_bloginfo]\/files\/ing\/images\/template\/oztbtn.png\" alt=\"\"\/><\/a><\/div>\n<div class=\"ArticalPdfBtn\">\n                                <a href=\"[get_bloginfo]url[\/get_bloginfo]\/files\/ing\/dergipdf\/5fba9e6c38534a699a62e253f1dd944a.pdf\" target=\"_blank\" rel=\"noopener\"><br \/>\n                                    <img decoding=\"async\" src=\"[get_bloginfo]url[\/get_bloginfo]\/files\/ing\/images\/template\/pdfbtn.png\" alt=\"\"\/><\/a><\/div>\n<\/p><\/div>\n<\/p><\/div>\n<div class=\"ArticalEx1\">\n<div class=\"ArticleHeader\">\n                            <a href=\"[get_bloginfo]url[\/get_bloginfo]\"><br \/>\n                                Dreaming and Eating Disorders<\/a>\n                        <\/div>\n<div class=\"ArticleAuthor\">\n                            Michael Schredl, Alyaa Montasser<\/div>\n<div class=\"ArticalFother\">\n<div class=\"ArticalKunye\">\n                                Sleep and Hypnosis<br \/>\n                                1999;1(4):225-231<\/div>\n<div class=\"ArticalOzetBtn\">\n                                <a href=\"[get_bloginfo]url[\/get_bloginfo]\"><br \/>\n                                    <img decoding=\"async\" src=\"[get_bloginfo]url[\/get_bloginfo]\/files\/ing\/images\/template\/oztbtn.png\" alt=\"\"\/><\/a><\/div>\n<div class=\"ArticalPdfBtn\">\n                                <a href=\"[get_bloginfo]url[\/get_bloginfo]\/files\/ing\/dergipdf\/293575e10c2e4d8f942f855d7e4aebae.pdf\" target=\"_blank\" rel=\"noopener\"><br \/>\n                                    <img decoding=\"async\" src=\"[get_bloginfo]url[\/get_bloginfo]\/files\/ing\/images\/template\/pdfbtn.png\" alt=\"\"\/><\/a><\/div>\n<\/p><\/div>\n<\/p><\/div>\n<div class=\"ArticalEx1\">\n<div class=\"ArticleHeader\">\n                            <a href=\"[get_bloginfo]url[\/get_bloginfo]\"><br \/>\n                                Replicability of Psychometric Differences Between Obstructive Sleep Apnea, Primary Snoring, And Periodic Limb Movement Disorder<\/a>\n                        <\/div>\n<div class=\"ArticleAuthor\">\n                            James E. Aikens, Wallace B. Mendelson, Erin K. Baehr<\/div>\n<div class=\"ArticalFother\">\n<div class=\"ArticalKunye\">\n                                Sleep and Hypnosis<br \/>\n                                1999;1(4):212-216<\/div>\n<div class=\"ArticalOzetBtn\">\n                                <a href=\"[get_bloginfo]url[\/get_bloginfo]\"><br \/>\n                                    <img decoding=\"async\" src=\"[get_bloginfo]url[\/get_bloginfo]\/files\/ing\/images\/template\/oztbtn.png\" alt=\"\"\/><\/a><\/div>\n<div class=\"ArticalPdfBtn\">\n                                <a href=\"[get_bloginfo]url[\/get_bloginfo]\/files\/ing\/dergipdf\/c27694b897d74466b04f6a4975fb77ad.pdf\" target=\"_blank\" rel=\"noopener\"><br \/>\n                                    <img decoding=\"async\" src=\"[get_bloginfo]url[\/get_bloginfo]\/files\/ing\/images\/template\/pdfbtn.png\" alt=\"\"\/><\/a><\/div>\n<\/p><\/div>\n<\/p><\/div>\n<div class=\"ArticalEx1\">\n<div class=\"ArticleHeader\">\n                            <a href=\"[get_bloginfo]url[\/get_bloginfo]\"><br \/>\n                                The Effects of Fluoxetine on Quantitative Sleep EEG in Depressed Outpatients<\/a>\n                        <\/div>\n<div class=\"ArticleAuthor\">\n                            Robert F. Hoffmann, Roseanne Armitage, Madhukar H. Trivedi, A. John Rush<\/div>\n<div class=\"ArticalFother\">\n<div class=\"ArticalKunye\">\n                                Sleep and Hypnosis<br \/>\n                                1999;1(4):217-224<\/div>\n<div class=\"ArticalOzetBtn\">\n                                <a href=\"[get_bloginfo]url[\/get_bloginfo]\"><br \/>\n                                    <img decoding=\"async\" src=\"[get_bloginfo]url[\/get_bloginfo]\/files\/ing\/images\/template\/oztbtn.png\" alt=\"\"\/><\/a><\/div>\n<div class=\"ArticalPdfBtn\">\n                                <a href=\"[get_bloginfo]url[\/get_bloginfo]\/files\/ing\/dergipdf\/7dabf885fa484a1482b30117940b6c7a.pdf\" target=\"_blank\" rel=\"noopener\"><br \/>\n                                    <img decoding=\"async\" src=\"[get_bloginfo]url[\/get_bloginfo]\/files\/ing\/images\/template\/pdfbtn.png\" alt=\"\"\/><\/a><\/div>\n<\/p><\/div>\n<\/p><\/div>\n<div class=\"ArticalEx1\">\n<div class=\"ArticleHeader\">\n                            <a href=\"[get_bloginfo]url[\/get_bloginfo]\"><br \/>\n                                Hypnosis and Sleep: the Control of Altered States of Awareness<\/a>\n                        <\/div>\n<div class=\"ArticleAuthor\">\n                            Frederick J. Evans<\/div>\n<div class=\"ArticalFother\">\n<div class=\"ArticalKunye\">\n                                Sleep and Hypnosis<br \/>\n                                1999;1(4):232-237<\/div>\n<div class=\"ArticalOzetBtn\">\n                                <a href=\"[get_bloginfo]url[\/get_bloginfo]\"><br \/>\n                                    <img decoding=\"async\" src=\"[get_bloginfo]url[\/get_bloginfo]\/files\/ing\/images\/template\/oztbtn.png\" alt=\"\"\/><\/a><\/div>\n<div class=\"ArticalPdfBtn\">\n                                <a href=\"[get_bloginfo]url[\/get_bloginfo]\/files\/ing\/dergipdf\/c13b8a00072a4034aafbfe05f9cbd477.pdf\" target=\"_blank\" rel=\"noopener\"><br \/>\n                                    <img decoding=\"async\" src=\"[get_bloginfo]url[\/get_bloginfo]\/files\/ing\/images\/template\/pdfbtn.png\" alt=\"\"\/><\/a><\/div>\n<\/p><\/div>\n<\/p><\/div>\n<\/p><\/div>\n","protected":false},"excerpt":{"rendered":"<p>The Nightmare is the Most Useful Dream Ernest Hartmann Sleep and Hypnosis 1999;1(4):199-203 The Van Dream Anxiety Scale: A Subjective Measure of Dream Anxiety in Nightmare Sufferers Mehmed Y. A arg n, Hayrettin Kara, Mustafa Bilici, Ali Sava \u00c7illi, Metin Telci, \u00dcmit Ba\u015far Semiz, Cengiz Ba\u015fo\u011flu Sleep and Hypnosis 1999;1(4):204-211 Dreaming and Eating Disorders Michael [&hellip;]<\/p>\n","protected":false},"author":0,"featured_media":0,"parent":0,"menu_order":0,"comment_status":"closed","ping_status":"closed","template":"","meta":{"om_disable_all_campaigns":false,"footnotes":""},"class_list":["post-766","page","type-page","status-publish","hentry","post-wrapper","thrv_wrapper"],"aioseo_notices":[],"_links":{"self":[{"href":"https:\/\/sleepandhypnosis.org\/research\/wp-json\/wp\/v2\/pages\/766","targetHints":{"allow":["GET"]}}],"collection":[{"href":"https:\/\/sleepandhypnosis.org\/research\/wp-json\/wp\/v2\/pages"}],"about":[{"href":"https:\/\/sleepandhypnosis.org\/research\/wp-json\/wp\/v2\/types\/page"}],"replies":[{"embeddable":true,"href":"https:\/\/sleepandhypnosis.org\/research\/wp-json\/wp\/v2\/comments?post=766"}],"version-history":[{"count":0,"href":"https:\/\/sleepandhypnosis.org\/research\/wp-json\/wp\/v2\/pages\/766\/revisions"}],"wp:attachment":[{"href":"https:\/\/sleepandhypnosis.org\/research\/wp-json\/wp\/v2\/media?parent=766"}],"curies":[{"name":"wp","href":"https:\/\/api.w.org\/{rel}","templated":true}]}}