{"id":736,"date":"2024-06-20T17:06:37","date_gmt":"2024-06-20T17:06:37","guid":{"rendered":"http:\/\/sleepandhypnosis.org\/research\/enarsivlist-sayiid-12\/"},"modified":"2024-06-20T17:06:37","modified_gmt":"2024-06-20T17:06:37","slug":"enarsivlist-sayiid-12","status":"publish","type":"page","link":"https:\/\/sleepandhypnosis.org\/research\/enarsivlist-sayiid-12\/","title":{"rendered":"Enarsivlist Sayiid 12"},"content":{"rendered":"<div class=\"leftArticle\">\n<div class=\"ArticalEx1\">\n<div class=\"ArticleHeader\">\n                            <a href=\"[get_bloginfo]url[\/get_bloginfo]\"><br \/>\n                                Nocturnal Dissociation \u2013 Awake? Asleep? Both? or Neither?<\/a>\n                        <\/div>\n<div class=\"ArticleAuthor\">\n                            Mark W. Mahowald, Carlos H. Schenck<\/div>\n<div class=\"ArticalFother\">\n<div class=\"ArticalKunye\">\n                                Sleep and Hypnosis<br \/>\n                                2001;3(4):129-130<\/div>\n<div class=\"ArticalOzetBtn\">\n                                <a href=\"[get_bloginfo]url[\/get_bloginfo]\"><br \/>\n                                    <img decoding=\"async\" src=\"[get_bloginfo]url[\/get_bloginfo]\/files\/ing\/images\/template\/oztbtn.png\" alt=\"\"\/><\/a><\/div>\n<div class=\"ArticalPdfBtn\">\n                                <a href=\"[get_bloginfo]url[\/get_bloginfo]\/files\/ing\/dergipdf\/847ec4afef57409384e6b05edd657df0.pdf\" target=\"_blank\" rel=\"noopener\"><br \/>\n                                    <img decoding=\"async\" src=\"[get_bloginfo]url[\/get_bloginfo]\/files\/ing\/images\/template\/pdfbtn.png\" alt=\"\"\/><\/a><\/div>\n<\/p><\/div>\n<\/p><\/div>\n<div class=\"ArticalEx1\">\n<div class=\"ArticleHeader\">\n                            <a href=\"[get_bloginfo]url[\/get_bloginfo]\"><br \/>\n                                Characteristics of Patients With Nocturnal Dissociative Disorders<\/a>\n                        <\/div>\n<div class=\"ArticleAuthor\">\n                            Mehmet Y\u00fccel A\u011farg\u00fcn, Hayrettin Kara, \u00d6mer Akil \u00d6zer,Umit Semiz, Yavuz Selvi, \u00dcmit K\u0131ran, Temel Tombul<\/div>\n<div class=\"ArticalFother\">\n<div class=\"ArticalKunye\">\n                                Sleep and Hypnosis<br \/>\n                                2001;3(4):131-134<\/div>\n<div class=\"ArticalOzetBtn\">\n                                <a href=\"[get_bloginfo]url[\/get_bloginfo]\"><br \/>\n                                    <img decoding=\"async\" src=\"[get_bloginfo]url[\/get_bloginfo]\/files\/ing\/images\/template\/oztbtn.png\" alt=\"\"\/><\/a><\/div>\n<div class=\"ArticalPdfBtn\">\n                                <a href=\"[get_bloginfo]url[\/get_bloginfo]\/files\/ing\/dergipdf\/9638dac6709b48ab9066b18d00ddf268.pdf\" target=\"_blank\" rel=\"noopener\"><br \/>\n                                    <img decoding=\"async\" src=\"[get_bloginfo]url[\/get_bloginfo]\/files\/ing\/images\/template\/pdfbtn.png\" alt=\"\"\/><\/a><\/div>\n<\/p><\/div>\n<\/p><\/div>\n<div class=\"ArticalEx1\">\n<div class=\"ArticleHeader\">\n                            <a href=\"[get_bloginfo]url[\/get_bloginfo]\"><br \/>\n                                Dream Recall, Attitude Towards Dreams and Mental Health<\/a>\n                        <\/div>\n<div class=\"ArticleAuthor\">\n                            Michael Schredl, Evelyn Doll<\/div>\n<div class=\"ArticalFother\">\n<div class=\"ArticalKunye\">\n                                Sleep and Hypnosis<br \/>\n                                2001;3(4):135-143<\/div>\n<div class=\"ArticalOzetBtn\">\n                                <a href=\"[get_bloginfo]url[\/get_bloginfo]\"><br \/>\n                                    <img decoding=\"async\" src=\"[get_bloginfo]url[\/get_bloginfo]\/files\/ing\/images\/template\/oztbtn.png\" alt=\"\"\/><\/a><\/div>\n<div class=\"ArticalPdfBtn\">\n                                <a href=\"[get_bloginfo]url[\/get_bloginfo]\/files\/ing\/dergipdf\/9310dfb9ed7e48498f19dfd8b160a71e.pdf\" target=\"_blank\" rel=\"noopener\"><br \/>\n                                    <img decoding=\"async\" src=\"[get_bloginfo]url[\/get_bloginfo]\/files\/ing\/images\/template\/pdfbtn.png\" alt=\"\"\/><\/a><\/div>\n<\/p><\/div>\n<\/p><\/div>\n<div class=\"ArticalEx1\">\n<div class=\"ArticleHeader\">\n                            <a href=\"[get_bloginfo]url[\/get_bloginfo]\"><br \/>\n                                Polysomnographic Parameters in Anaemic Infants Before and After Transfusion<\/a>\n                        <\/div>\n<div class=\"ArticleAuthor\">\n                            T. Erler, J. Oppermann, E. Wischniewski<\/div>\n<div class=\"ArticalFother\">\n<div class=\"ArticalKunye\">\n                                Sleep and Hypnosis<br \/>\n                                2001;3(4):144-151<\/div>\n<div class=\"ArticalOzetBtn\">\n                                <a href=\"[get_bloginfo]url[\/get_bloginfo]\"><br \/>\n                                    <img decoding=\"async\" src=\"[get_bloginfo]url[\/get_bloginfo]\/files\/ing\/images\/template\/oztbtn.png\" alt=\"\"\/><\/a><\/div>\n<div class=\"ArticalPdfBtn\">\n                                <a href=\"[get_bloginfo]url[\/get_bloginfo]\/files\/ing\/dergipdf\/74e5597283304046a7ebfc357654aa4a.pdf\" target=\"_blank\" rel=\"noopener\"><br \/>\n                                    <img decoding=\"async\" src=\"[get_bloginfo]url[\/get_bloginfo]\/files\/ing\/images\/template\/pdfbtn.png\" alt=\"\"\/><\/a><\/div>\n<\/p><\/div>\n<\/p><\/div>\n<div class=\"ArticalEx1\">\n<div class=\"ArticleHeader\">\n                            <a href=\"[get_bloginfo]url[\/get_bloginfo]\"><br \/>\n                                A Survey of Members of ASCH, SCEH, and Division 30, and if They Reported Using Hypnosis to Treat Depression<\/a>\n                        <\/div>\n<div class=\"ArticleAuthor\">\n                            Carolyn S. Hensel, Marty Sapp, Walter Farrell, Kim Hitchcock<\/div>\n<div class=\"ArticalFother\">\n<div class=\"ArticalKunye\">\n                                Sleep and Hypnosis<br \/>\n                                2001;3(4):152-168<\/div>\n<div class=\"ArticalOzetBtn\">\n                                <a href=\"[get_bloginfo]url[\/get_bloginfo]\"><br \/>\n                                    <img decoding=\"async\" src=\"[get_bloginfo]url[\/get_bloginfo]\/files\/ing\/images\/template\/oztbtn.png\" alt=\"\"\/><\/a><\/div>\n<div class=\"ArticalPdfBtn\">\n                                <a href=\"[get_bloginfo]url[\/get_bloginfo]\/files\/ing\/dergipdf\/8490310657ee4ddba6d9116c6e4b2a0c.pdf\" target=\"_blank\" rel=\"noopener\"><br \/>\n                                    <img decoding=\"async\" src=\"[get_bloginfo]url[\/get_bloginfo]\/files\/ing\/images\/template\/pdfbtn.png\" alt=\"\"\/><\/a><\/div>\n<\/p><\/div>\n<\/p><\/div>\n<\/p><\/div>\n","protected":false},"excerpt":{"rendered":"<p>Nocturnal Dissociation \u2013 Awake? Asleep? Both? or Neither? Mark W. Mahowald, Carlos H. Schenck Sleep and Hypnosis 2001;3(4):129-130 Characteristics of Patients With Nocturnal Dissociative Disorders Mehmet Y\u00fccel A\u011farg\u00fcn, Hayrettin Kara, \u00d6mer Akil \u00d6zer,Umit Semiz, Yavuz Selvi, \u00dcmit K\u0131ran, Temel Tombul Sleep and Hypnosis 2001;3(4):131-134 Dream Recall, Attitude Towards Dreams and Mental Health Michael Schredl, Evelyn [&hellip;]<\/p>\n","protected":false},"author":0,"featured_media":0,"parent":0,"menu_order":0,"comment_status":"closed","ping_status":"closed","template":"","meta":{"om_disable_all_campaigns":false,"footnotes":""},"class_list":["post-736","page","type-page","status-publish","hentry","post-wrapper","thrv_wrapper"],"aioseo_notices":[],"_links":{"self":[{"href":"https:\/\/sleepandhypnosis.org\/research\/wp-json\/wp\/v2\/pages\/736","targetHints":{"allow":["GET"]}}],"collection":[{"href":"https:\/\/sleepandhypnosis.org\/research\/wp-json\/wp\/v2\/pages"}],"about":[{"href":"https:\/\/sleepandhypnosis.org\/research\/wp-json\/wp\/v2\/types\/page"}],"replies":[{"embeddable":true,"href":"https:\/\/sleepandhypnosis.org\/research\/wp-json\/wp\/v2\/comments?post=736"}],"version-history":[{"count":0,"href":"https:\/\/sleepandhypnosis.org\/research\/wp-json\/wp\/v2\/pages\/736\/revisions"}],"wp:attachment":[{"href":"https:\/\/sleepandhypnosis.org\/research\/wp-json\/wp\/v2\/media?parent=736"}],"curies":[{"name":"wp","href":"https:\/\/api.w.org\/{rel}","templated":true}]}}