{"id":735,"date":"2024-06-20T17:06:37","date_gmt":"2024-06-20T17:06:37","guid":{"rendered":"http:\/\/sleepandhypnosis.org\/research\/enarsivlist-sayiid-11\/"},"modified":"2024-06-20T17:06:37","modified_gmt":"2024-06-20T17:06:37","slug":"enarsivlist-sayiid-11","status":"publish","type":"page","link":"https:\/\/sleepandhypnosis.org\/research\/enarsivlist-sayiid-11\/","title":{"rendered":"Enarsivlist Sayiid 11"},"content":{"rendered":"<div class=\"leftArticle\">\n<div class=\"ArticalEx1\">\n<div class=\"ArticleHeader\">\n                            <a href=\"[get_bloginfo]url[\/get_bloginfo]\"><br \/>\n                                The Problem of Long-Term Insomnia: a 5-Year Follow-Up Study in a Middle-Aged Population<\/a>\n                        <\/div>\n<div class=\"ArticleAuthor\">\n                            Kirsti Martikainen,Markku Partinen, Joel Hasan,Pekka Laippala, Helka Urponen, Ilkka Vuorii<\/div>\n<div class=\"ArticalFother\">\n<div class=\"ArticalKunye\">\n                                Sleep and Hypnosis<br \/>\n                                2001;3(3):97-105<\/div>\n<div class=\"ArticalOzetBtn\">\n                                <a href=\"[get_bloginfo]url[\/get_bloginfo]\"><br \/>\n                                    <img decoding=\"async\" src=\"[get_bloginfo]url[\/get_bloginfo]\/files\/ing\/images\/template\/oztbtn.png\" alt=\"\"\/><\/a><\/div>\n<div class=\"ArticalPdfBtn\">\n                                <a href=\"[get_bloginfo]url[\/get_bloginfo]\/files\/ing\/dergipdf\/1b6d8c8873d34cf8a667c96a50b54478.pdf\" target=\"_blank\" rel=\"noopener\"><br \/>\n                                    <img decoding=\"async\" src=\"[get_bloginfo]url[\/get_bloginfo]\/files\/ing\/images\/template\/pdfbtn.png\" alt=\"\"\/><\/a><\/div>\n<\/p><\/div>\n<\/p><\/div>\n<div class=\"ArticalEx1\">\n<div class=\"ArticleHeader\">\n                            <a href=\"[get_bloginfo]url[\/get_bloginfo]\"><br \/>\n                                Effects of School Schedule Transition on Sleep-Wake Cycle of Brazilian Adolescents<\/a>\n                        <\/div>\n<div class=\"ArticleAuthor\">\n                            Luciana Mello, Fernando Louzada, Luiz Menna-Barreto<\/div>\n<div class=\"ArticalFother\">\n<div class=\"ArticalKunye\">\n                                Sleep and Hypnosis<br \/>\n                                2001;3(3):106-111<\/div>\n<div class=\"ArticalOzetBtn\">\n                                <a href=\"[get_bloginfo]url[\/get_bloginfo]\"><br \/>\n                                    <img decoding=\"async\" src=\"[get_bloginfo]url[\/get_bloginfo]\/files\/ing\/images\/template\/oztbtn.png\" alt=\"\"\/><\/a><\/div>\n<div class=\"ArticalPdfBtn\">\n                                <a href=\"[get_bloginfo]url[\/get_bloginfo]\/files\/ing\/dergipdf\/59ea603e57184a6da531c07b0742ca11.pdf\" target=\"_blank\" rel=\"noopener\"><br \/>\n                                    <img decoding=\"async\" src=\"[get_bloginfo]url[\/get_bloginfo]\/files\/ing\/images\/template\/pdfbtn.png\" alt=\"\"\/><\/a><\/div>\n<\/p><\/div>\n<\/p><\/div>\n<div class=\"ArticalEx1\">\n<div class=\"ArticleHeader\">\n                            <a href=\"[get_bloginfo]url[\/get_bloginfo]\"><br \/>\n                                De Novo Sleepwalking Associated with Hyperthyroidism<\/a>\n                        <\/div>\n<div class=\"ArticleAuthor\">\n                            Kamel Ajlouni, Tewfik K Daradkeh, Heitham Ajlouni, Ammar Mubaidin, Nadim Jarrah<\/div>\n<div class=\"ArticalFother\">\n<div class=\"ArticalKunye\">\n                                Sleep and Hypnosis<br \/>\n                                2001;3(3):112-116<\/div>\n<div class=\"ArticalOzetBtn\">\n                                <a href=\"[get_bloginfo]url[\/get_bloginfo]\"><br \/>\n                                    <img decoding=\"async\" src=\"[get_bloginfo]url[\/get_bloginfo]\/files\/ing\/images\/template\/oztbtn.png\" alt=\"\"\/><\/a><\/div>\n<div class=\"ArticalPdfBtn\">\n                                <a href=\"[get_bloginfo]url[\/get_bloginfo]\/files\/ing\/dergipdf\/5a0367d8a7914a4b9762a23422d96491.pdf\" target=\"_blank\" rel=\"noopener\"><br \/>\n                                    <img decoding=\"async\" src=\"[get_bloginfo]url[\/get_bloginfo]\/files\/ing\/images\/template\/pdfbtn.png\" alt=\"\"\/><\/a><\/div>\n<\/p><\/div>\n<\/p><\/div>\n<div class=\"ArticalEx1\">\n<div class=\"ArticleHeader\">\n                            <a href=\"[get_bloginfo]url[\/get_bloginfo]\"><br \/>\n                                Overview of the Non-Pharmacological Treatments for Sleep Disorders<\/a>\n                        <\/div>\n<div class=\"ArticleAuthor\">\n                            Amina Khambalia, Colin M. Shapiro<\/div>\n<div class=\"ArticalFother\">\n<div class=\"ArticalKunye\">\n                                Sleep and Hypnosis<br \/>\n                                2001;3(3):117-119<\/div>\n<div class=\"ArticalOzetBtn\">\n                                <a href=\"[get_bloginfo]url[\/get_bloginfo]\"><br \/>\n                                    <img decoding=\"async\" src=\"[get_bloginfo]url[\/get_bloginfo]\/files\/ing\/images\/template\/oztbtn.png\" alt=\"\"\/><\/a><\/div>\n<div class=\"ArticalPdfBtn\">\n                                <a href=\"[get_bloginfo]url[\/get_bloginfo]\/files\/ing\/dergipdf\/c668897fc13e42b882dfb60060ebd6d6.pdf\" target=\"_blank\" rel=\"noopener\"><br \/>\n                                    <img decoding=\"async\" src=\"[get_bloginfo]url[\/get_bloginfo]\/files\/ing\/images\/template\/pdfbtn.png\" alt=\"\"\/><\/a><\/div>\n<\/p><\/div>\n<\/p><\/div>\n<div class=\"ArticalEx1\">\n<div class=\"ArticleHeader\">\n                            <a href=\"[get_bloginfo]url[\/get_bloginfo]\"><br \/>\n                                Harvard Group Scale With African American College Students<\/a>\n                        <\/div>\n<div class=\"ArticleAuthor\">\n                            Marty Sapp, Kim Hitchcock<\/div>\n<div class=\"ArticalFother\">\n<div class=\"ArticalKunye\">\n                                Sleep and Hypnosis<br \/>\n                                2001;3(3):120-126<\/div>\n<div class=\"ArticalOzetBtn\">\n                                <a href=\"[get_bloginfo]url[\/get_bloginfo]\"><br \/>\n                                    <img decoding=\"async\" src=\"[get_bloginfo]url[\/get_bloginfo]\/files\/ing\/images\/template\/oztbtn.png\" alt=\"\"\/><\/a><\/div>\n<div class=\"ArticalPdfBtn\">\n                                <a href=\"[get_bloginfo]url[\/get_bloginfo]\/files\/ing\/dergipdf\/da1a0decbc6044e49263c90043725fe8.pdf\" target=\"_blank\" rel=\"noopener\"><br \/>\n                                    <img decoding=\"async\" src=\"[get_bloginfo]url[\/get_bloginfo]\/files\/ing\/images\/template\/pdfbtn.png\" alt=\"\"\/><\/a><\/div>\n<\/p><\/div>\n<\/p><\/div>\n<div class=\"ArticalEx1\">\n<div class=\"ArticleHeader\">\n                            <a href=\"[get_bloginfo]url[\/get_bloginfo]\"><br \/>\n                                Hypnotic Intervention for Pain Management in a Child With Sickle Cell Anemia<\/a>\n                        <\/div>\n<div class=\"ArticleAuthor\">\n                            Mehmed Y. A\u011farg\u00fcn, Ahmed F. \u00d6ner, Sinan Akbayram<\/div>\n<div class=\"ArticalFother\">\n<div class=\"ArticalKunye\">\n                                Sleep and Hypnosis<br \/>\n                                2001;3(3):127-128<\/div>\n<div class=\"ArticalOzetBtn\">\n                                <a href=\"[get_bloginfo]url[\/get_bloginfo]\"><br \/>\n                                    <img decoding=\"async\" src=\"[get_bloginfo]url[\/get_bloginfo]\/files\/ing\/images\/template\/oztbtn.png\" alt=\"\"\/><\/a><\/div>\n<div class=\"ArticalPdfBtn\">\n                                <a href=\"[get_bloginfo]url[\/get_bloginfo]\/files\/ing\/dergipdf\/1b5ed1c593e840b49190c764d162f135.pdf\" target=\"_blank\" rel=\"noopener\"><br \/>\n                                    <img decoding=\"async\" src=\"[get_bloginfo]url[\/get_bloginfo]\/files\/ing\/images\/template\/pdfbtn.png\" alt=\"\"\/><\/a><\/div>\n<\/p><\/div>\n<\/p><\/div>\n<\/p><\/div>\n","protected":false},"excerpt":{"rendered":"<p>The Problem of Long-Term Insomnia: a 5-Year Follow-Up Study in a Middle-Aged Population Kirsti Martikainen,Markku Partinen, Joel Hasan,Pekka Laippala, Helka Urponen, Ilkka Vuorii Sleep and Hypnosis 2001;3(3):97-105 Effects of School Schedule Transition on Sleep-Wake Cycle of Brazilian Adolescents Luciana Mello, Fernando Louzada, Luiz Menna-Barreto Sleep and Hypnosis 2001;3(3):106-111 De Novo Sleepwalking Associated with Hyperthyroidism Kamel [&hellip;]<\/p>\n","protected":false},"author":0,"featured_media":0,"parent":0,"menu_order":0,"comment_status":"closed","ping_status":"closed","template":"","meta":{"om_disable_all_campaigns":false,"footnotes":""},"class_list":["post-735","page","type-page","status-publish","hentry","post-wrapper","thrv_wrapper"],"aioseo_notices":[],"_links":{"self":[{"href":"https:\/\/sleepandhypnosis.org\/research\/wp-json\/wp\/v2\/pages\/735","targetHints":{"allow":["GET"]}}],"collection":[{"href":"https:\/\/sleepandhypnosis.org\/research\/wp-json\/wp\/v2\/pages"}],"about":[{"href":"https:\/\/sleepandhypnosis.org\/research\/wp-json\/wp\/v2\/types\/page"}],"replies":[{"embeddable":true,"href":"https:\/\/sleepandhypnosis.org\/research\/wp-json\/wp\/v2\/comments?post=735"}],"version-history":[{"count":0,"href":"https:\/\/sleepandhypnosis.org\/research\/wp-json\/wp\/v2\/pages\/735\/revisions"}],"wp:attachment":[{"href":"https:\/\/sleepandhypnosis.org\/research\/wp-json\/wp\/v2\/media?parent=735"}],"curies":[{"name":"wp","href":"https:\/\/api.w.org\/{rel}","templated":true}]}}