{"id":733,"date":"2024-06-20T17:06:36","date_gmt":"2024-06-20T17:06:36","guid":{"rendered":"http:\/\/sleepandhypnosis.org\/research\/enarsivlist-sayiid-1\/"},"modified":"2024-06-20T17:06:36","modified_gmt":"2024-06-20T17:06:36","slug":"enarsivlist-sayiid-1","status":"publish","type":"page","link":"https:\/\/sleepandhypnosis.org\/research\/enarsivlist-sayiid-1\/","title":{"rendered":"Enarsivlist Sayiid 1"},"content":{"rendered":"<div class=\"leftArticle\">\n<div class=\"ArticalEx1\">\n<div class=\"ArticleHeader\">\n                            <a href=\"[get_bloginfo]url[\/get_bloginfo]\"><br \/>\n                                A New Multidisciplinary Journal<\/a>\n                        <\/div>\n<div class=\"ArticleAuthor\">\n                            Mehmed Y\u00fccel A\u011farg\u00fcn<\/div>\n<div class=\"ArticalFother\">\n<div class=\"ArticalKunye\">\n                                Sleep and Hypnosis<br \/>\n                                1999;1(1):7-8<\/div>\n<div class=\"ArticalOzetBtn\">\n                                <a href=\"[get_bloginfo]url[\/get_bloginfo]\"><br \/>\n                                    <img decoding=\"async\" src=\"[get_bloginfo]url[\/get_bloginfo]\/files\/ing\/images\/template\/oztbtn.png\" alt=\"\"\/><\/a><\/div>\n<div class=\"ArticalPdfBtn\">\n                                <a href=\"[get_bloginfo]url[\/get_bloginfo]\/files\/ing\/dergipdf\/fdfacaf7d02849e79ed0aa90c045776f.pdf\" target=\"_blank\" rel=\"noopener\"><br \/>\n                                    <img decoding=\"async\" src=\"[get_bloginfo]url[\/get_bloginfo]\/files\/ing\/images\/template\/pdfbtn.png\" alt=\"\"\/><\/a><\/div>\n<\/p><\/div>\n<\/p><\/div>\n<div class=\"ArticalEx1\">\n<div class=\"ArticleHeader\">\n                            <a href=\"[get_bloginfo]url[\/get_bloginfo]\"><br \/>\n                                Ericksonian Hypnosis: A Review Of the Empirical Data<\/a>\n                        <\/div>\n<div class=\"ArticleAuthor\">\n                            William J. Matthews, James Conti,Lorrie Starr<\/div>\n<div class=\"ArticalFother\">\n<div class=\"ArticalKunye\">\n                                Sleep and Hypnosis<br \/>\n                                1999;1(1):47-56<\/div>\n<div class=\"ArticalOzetBtn\">\n                                <a href=\"[get_bloginfo]url[\/get_bloginfo]\"><br \/>\n                                    <img decoding=\"async\" src=\"[get_bloginfo]url[\/get_bloginfo]\/files\/ing\/images\/template\/oztbtn.png\" alt=\"\"\/><\/a><\/div>\n<div class=\"ArticalPdfBtn\">\n                                <a href=\"[get_bloginfo]url[\/get_bloginfo]\/files\/ing\/dergipdf\/1c211e6eed3647b883972bd90ecb85ab.pdf\" target=\"_blank\" rel=\"noopener\"><br \/>\n                                    <img decoding=\"async\" src=\"[get_bloginfo]url[\/get_bloginfo]\/files\/ing\/images\/template\/pdfbtn.png\" alt=\"\"\/><\/a><\/div>\n<\/p><\/div>\n<\/p><\/div>\n<div class=\"ArticalEx1\">\n<div class=\"ArticleHeader\">\n                            <a href=\"[get_bloginfo]url[\/get_bloginfo]\"><br \/>\n                                Posthypnotic Suggestion: Attention, Awareness, and Automaticity<\/a>\n                        <\/div>\n<div class=\"ArticleAuthor\">\n                            Amanda J. Barnier<\/div>\n<div class=\"ArticalFother\">\n<div class=\"ArticalKunye\">\n                                Sleep and Hypnosis<br \/>\n                                1999;1(1):57-63<\/div>\n<div class=\"ArticalOzetBtn\">\n                                <a href=\"[get_bloginfo]url[\/get_bloginfo]\"><br \/>\n                                    <img decoding=\"async\" src=\"[get_bloginfo]url[\/get_bloginfo]\/files\/ing\/images\/template\/oztbtn.png\" alt=\"\"\/><\/a><\/div>\n<div class=\"ArticalPdfBtn\">\n                                <a href=\"[get_bloginfo]url[\/get_bloginfo]\/files\/ing\/dergipdf\/63790b4456c24c56848e1d924d7b0847.pdf\" target=\"_blank\" rel=\"noopener\"><br \/>\n                                    <img decoding=\"async\" src=\"[get_bloginfo]url[\/get_bloginfo]\/files\/ing\/images\/template\/pdfbtn.png\" alt=\"\"\/><\/a><\/div>\n<\/p><\/div>\n<\/p><\/div>\n<div class=\"ArticalEx1\">\n<div class=\"ArticleHeader\">\n                            <a href=\"[get_bloginfo]url[\/get_bloginfo]\"><br \/>\n                                Hypnotic Relaxation and Insomnia: A Simple Solution?<\/a>\n                        <\/div>\n<div class=\"ArticleAuthor\">\n                            Harry E. Stanton<\/div>\n<div class=\"ArticalFother\">\n<div class=\"ArticalKunye\">\n                                Sleep and Hypnosis<br \/>\n                                1999;1(1):64-67<\/div>\n<div class=\"ArticalOzetBtn\">\n                                <a href=\"[get_bloginfo]url[\/get_bloginfo]\"><br \/>\n                                    <img decoding=\"async\" src=\"[get_bloginfo]url[\/get_bloginfo]\/files\/ing\/images\/template\/oztbtn.png\" alt=\"\"\/><\/a><\/div>\n<div class=\"ArticalPdfBtn\">\n                                <a href=\"[get_bloginfo]url[\/get_bloginfo]\/files\/ing\/dergipdf\/5a7ec6f515ba47e9b5295fff2e7702cf.pdf\" target=\"_blank\" rel=\"noopener\"><br \/>\n                                    <img decoding=\"async\" src=\"[get_bloginfo]url[\/get_bloginfo]\/files\/ing\/images\/template\/pdfbtn.png\" alt=\"\"\/><\/a><\/div>\n<\/p><\/div>\n<\/p><\/div>\n<div class=\"ArticalEx1\">\n<div class=\"ArticleHeader\">\n                            <a href=\"[get_bloginfo]url[\/get_bloginfo]\"><br \/>\n                                Role of the Preoptic Area in the Interrelationship Between Thermoregulatory and Sleep Regulatory Mechanisms<\/a>\n                        <\/div>\n<div class=\"ArticleAuthor\">\n                            Velayudhan Mohan Kumar<\/div>\n<div class=\"ArticalFother\">\n<div class=\"ArticalKunye\">\n                                Sleep and Hypnosis<br \/>\n                                1999;1(1):1-9<\/div>\n<div class=\"ArticalOzetBtn\">\n                                <a href=\"[get_bloginfo]url[\/get_bloginfo]\"><br \/>\n                                    <img decoding=\"async\" src=\"[get_bloginfo]url[\/get_bloginfo]\/files\/ing\/images\/template\/oztbtn.png\" alt=\"\"\/><\/a><\/div>\n<div class=\"ArticalPdfBtn\">\n                                <a href=\"[get_bloginfo]url[\/get_bloginfo]\/files\/ing\/dergipdf\/d3b76285928843dcacbd5848a8867471.pdf\" target=\"_blank\" rel=\"noopener\"><br \/>\n                                    <img decoding=\"async\" src=\"[get_bloginfo]url[\/get_bloginfo]\/files\/ing\/images\/template\/pdfbtn.png\" alt=\"\"\/><\/a><\/div>\n<\/p><\/div>\n<\/p><\/div>\n<div class=\"ArticalEx1\">\n<div class=\"ArticleHeader\">\n                            <a href=\"[get_bloginfo]url[\/get_bloginfo]\"><br \/>\n                                Effects of Microinjections of Triazolam into Medial Preoptic Area on Sleep and Brain Temperature in Rats<\/a>\n                        <\/div>\n<div class=\"ArticleAuthor\">\n                            Thythy T. Pham, Wallace B. Mendelson<\/div>\n<div class=\"ArticalFother\">\n<div class=\"ArticalKunye\">\n                                Sleep and Hypnosis<br \/>\n                                1999;1(1):10-13<\/div>\n<div class=\"ArticalOzetBtn\">\n                                <a href=\"[get_bloginfo]url[\/get_bloginfo]\"><br \/>\n                                    <img decoding=\"async\" src=\"[get_bloginfo]url[\/get_bloginfo]\/files\/ing\/images\/template\/oztbtn.png\" alt=\"\"\/><\/a><\/div>\n<div class=\"ArticalPdfBtn\">\n                                <a href=\"[get_bloginfo]url[\/get_bloginfo]\/files\/ing\/dergipdf\/001e789614a543a59d3bfcf408aa48dc.pdf\" target=\"_blank\" rel=\"noopener\"><br \/>\n                                    <img decoding=\"async\" src=\"[get_bloginfo]url[\/get_bloginfo]\/files\/ing\/images\/template\/pdfbtn.png\" alt=\"\"\/><\/a><\/div>\n<\/p><\/div>\n<\/p><\/div>\n<div class=\"ArticalEx1\">\n<div class=\"ArticleHeader\">\n                            <a href=\"[get_bloginfo]url[\/get_bloginfo]\"><br \/>\n                                Adrenergic and Cholinergic Modulation of Spontaneous and Brain Stem Reticular Formation Stimulation Induced Desynchronization of the Cortical EEG in Freely Moving Behaving Cats<\/a>\n                        <\/div>\n<div class=\"ArticleAuthor\">\n                            Stephen Thankachan,Fakhrul Islam,Birendra N. Mallick<\/div>\n<div class=\"ArticalFother\">\n<div class=\"ArticalKunye\">\n                                Sleep and Hypnosis<br \/>\n                                1999;1(1):14-21<\/div>\n<div class=\"ArticalOzetBtn\">\n                                <a href=\"[get_bloginfo]url[\/get_bloginfo]\"><br \/>\n                                    <img decoding=\"async\" src=\"[get_bloginfo]url[\/get_bloginfo]\/files\/ing\/images\/template\/oztbtn.png\" alt=\"\"\/><\/a><\/div>\n<div class=\"ArticalPdfBtn\">\n                                <a href=\"[get_bloginfo]url[\/get_bloginfo]\/files\/ing\/dergipdf\/8440f19b53c64f6695b919c8d99d235a.pdf\" target=\"_blank\" rel=\"noopener\"><br \/>\n                                    <img decoding=\"async\" src=\"[get_bloginfo]url[\/get_bloginfo]\/files\/ing\/images\/template\/pdfbtn.png\" alt=\"\"\/><\/a><\/div>\n<\/p><\/div>\n<\/p><\/div>\n<div class=\"ArticalEx1\">\n<div class=\"ArticleHeader\">\n                            <a href=\"[get_bloginfo]url[\/get_bloginfo]\"><br \/>\n                                Increasing the Temporal Resolution and Stage Specificity by Visual Adaptive Scoring (VAS) &#8211; A Preliminary Description<\/a>\n                        <\/div>\n<div class=\"ArticleAuthor\">\n                            Sari-Leena Himanen, Antti Saastamoinen,Joel Hasan<\/div>\n<div class=\"ArticalFother\">\n<div class=\"ArticalKunye\">\n                                Sleep and Hypnosis<br \/>\n                                1999;1(1):22-28<\/div>\n<div class=\"ArticalOzetBtn\">\n                                <a href=\"[get_bloginfo]url[\/get_bloginfo]\"><br \/>\n                                    <img decoding=\"async\" src=\"[get_bloginfo]url[\/get_bloginfo]\/files\/ing\/images\/template\/oztbtn.png\" alt=\"\"\/><\/a><\/div>\n<div class=\"ArticalPdfBtn\">\n                                <a href=\"[get_bloginfo]url[\/get_bloginfo]\/files\/ing\/dergipdf\/8fbd0ccf85444c60ac12adbadaca0869.pdf\" target=\"_blank\" rel=\"noopener\"><br \/>\n                                    <img decoding=\"async\" src=\"[get_bloginfo]url[\/get_bloginfo]\/files\/ing\/images\/template\/pdfbtn.png\" alt=\"\"\/><\/a><\/div>\n<\/p><\/div>\n<\/p><\/div>\n<div class=\"ArticalEx1\">\n<div class=\"ArticleHeader\">\n                            <a href=\"[get_bloginfo]url[\/get_bloginfo]\"><br \/>\n                                Preliminary Encounters of UNIMAS Sleep Laboratory<\/a>\n                        <\/div>\n<div class=\"ArticleAuthor\">\n                            Syed Hassan Almashoor, Abu Bakar, Rojey Berino<\/div>\n<div class=\"ArticalFother\">\n<div class=\"ArticalKunye\">\n                                Sleep and Hypnosis<br \/>\n                                1999;1(1):29-31<\/div>\n<div class=\"ArticalOzetBtn\">\n                                <a href=\"[get_bloginfo]url[\/get_bloginfo]\"><br \/>\n                                    <img decoding=\"async\" src=\"[get_bloginfo]url[\/get_bloginfo]\/files\/ing\/images\/template\/oztbtn.png\" alt=\"\"\/><\/a><\/div>\n<div class=\"ArticalPdfBtn\">\n                                <a href=\"[get_bloginfo]url[\/get_bloginfo]\/files\/ing\/dergipdf\/a610fe2c5fed4c97b3c5cdbcefbb4457.pdf\" target=\"_blank\" rel=\"noopener\"><br \/>\n                                    <img decoding=\"async\" src=\"[get_bloginfo]url[\/get_bloginfo]\/files\/ing\/images\/template\/pdfbtn.png\" alt=\"\"\/><\/a><\/div>\n<\/p><\/div>\n<\/p><\/div>\n<div class=\"ArticalEx1\">\n<div class=\"ArticleHeader\">\n                            <a href=\"[get_bloginfo]url[\/get_bloginfo]\"><br \/>\n                                REM Sleep Latency in Major Depressed Patients Predicts Mood Improvement After Transdermal Nicotine Administration<\/a>\n                        <\/div>\n<div class=\"ArticleAuthor\">\n                            Rafael J. Sal\u00edn-Pascual, Lourdes Galicia-Polo<\/div>\n<div class=\"ArticalFother\">\n<div class=\"ArticalKunye\">\n                                Sleep and Hypnosis<br \/>\n                                1999;1(1):32-34<\/div>\n<div class=\"ArticalOzetBtn\">\n                                <a href=\"[get_bloginfo]url[\/get_bloginfo]\"><br \/>\n                                    <img decoding=\"async\" src=\"[get_bloginfo]url[\/get_bloginfo]\/files\/ing\/images\/template\/oztbtn.png\" alt=\"\"\/><\/a><\/div>\n<div class=\"ArticalPdfBtn\">\n                                <a href=\"[get_bloginfo]url[\/get_bloginfo]\/files\/ing\/dergipdf\/b9866c838d5349d49fc2c88749fceab9.pdf\" target=\"_blank\" rel=\"noopener\"><br \/>\n                                    <img decoding=\"async\" src=\"[get_bloginfo]url[\/get_bloginfo]\/files\/ing\/images\/template\/pdfbtn.png\" alt=\"\"\/><\/a><\/div>\n<\/p><\/div>\n<\/p><\/div>\n<div class=\"ArticalEx1\">\n<div class=\"ArticleHeader\">\n                            <a href=\"[get_bloginfo]url[\/get_bloginfo]\"><br \/>\n                                Dream Recall in Patients With Primary Alcoholism After Acute Withdrawal<\/a>\n                        <\/div>\n<div class=\"ArticleAuthor\">\n                            Michael Schredl<\/div>\n<div class=\"ArticalFother\">\n<div class=\"ArticalKunye\">\n                                Sleep and Hypnosis<br \/>\n                                1999;1(1):35-40<\/div>\n<div class=\"ArticalOzetBtn\">\n                                <a href=\"[get_bloginfo]url[\/get_bloginfo]\"><br \/>\n                                    <img decoding=\"async\" src=\"[get_bloginfo]url[\/get_bloginfo]\/files\/ing\/images\/template\/oztbtn.png\" alt=\"\"\/><\/a><\/div>\n<div class=\"ArticalPdfBtn\">\n                                <a href=\"[get_bloginfo]url[\/get_bloginfo]\/files\/ing\/dergipdf\/ce0de18df89948a3bfa6a23dace2aeb2.pdf\" target=\"_blank\" rel=\"noopener\"><br \/>\n                                    <img decoding=\"async\" src=\"[get_bloginfo]url[\/get_bloginfo]\/files\/ing\/images\/template\/pdfbtn.png\" alt=\"\"\/><\/a><\/div>\n<\/p><\/div>\n<\/p><\/div>\n<div class=\"ArticalEx1\">\n<div class=\"ArticleHeader\">\n                            <a href=\"[get_bloginfo]url[\/get_bloginfo]\"><br \/>\n                                Development and Validation of a Dream Content Questionnaire for School Age Children<\/a>\n                        <\/div>\n<div class=\"ArticleAuthor\">\n                            Oliviero Bruni,Floriana Lo Reto,Annamaria Recine,Salvatore Ottaviano,Vincenzo Guidetti<\/div>\n<div class=\"ArticalFother\">\n<div class=\"ArticalKunye\">\n                                Sleep and Hypnosis<br \/>\n                                1999;1(1):41-46<\/div>\n<div class=\"ArticalOzetBtn\">\n                                <a href=\"[get_bloginfo]url[\/get_bloginfo]\"><br \/>\n                                    <img decoding=\"async\" src=\"[get_bloginfo]url[\/get_bloginfo]\/files\/ing\/images\/template\/oztbtn.png\" alt=\"\"\/><\/a><\/div>\n<div class=\"ArticalPdfBtn\">\n                                <a href=\"[get_bloginfo]url[\/get_bloginfo]\/files\/ing\/dergipdf\/74f166b5e9714e1b8e08bcfa0577b71e.pdf\" target=\"_blank\" rel=\"noopener\"><br \/>\n                                    <img decoding=\"async\" src=\"[get_bloginfo]url[\/get_bloginfo]\/files\/ing\/images\/template\/pdfbtn.png\" alt=\"\"\/><\/a><\/div>\n<\/p><\/div>\n<\/p><\/div>\n<\/p><\/div>\n","protected":false},"excerpt":{"rendered":"<p>A New Multidisciplinary Journal Mehmed Y\u00fccel A\u011farg\u00fcn Sleep and Hypnosis 1999;1(1):7-8 Ericksonian Hypnosis: A Review Of the Empirical Data William J. Matthews, James Conti,Lorrie Starr Sleep and Hypnosis 1999;1(1):47-56 Posthypnotic Suggestion: Attention, Awareness, and Automaticity Amanda J. Barnier Sleep and Hypnosis 1999;1(1):57-63 Hypnotic Relaxation and Insomnia: A Simple Solution? Harry E. Stanton Sleep and Hypnosis [&hellip;]<\/p>\n","protected":false},"author":0,"featured_media":0,"parent":0,"menu_order":0,"comment_status":"closed","ping_status":"closed","template":"","meta":{"om_disable_all_campaigns":false,"footnotes":""},"class_list":["post-733","page","type-page","status-publish","hentry","post-wrapper","thrv_wrapper"],"aioseo_notices":[],"_links":{"self":[{"href":"https:\/\/sleepandhypnosis.org\/research\/wp-json\/wp\/v2\/pages\/733","targetHints":{"allow":["GET"]}}],"collection":[{"href":"https:\/\/sleepandhypnosis.org\/research\/wp-json\/wp\/v2\/pages"}],"about":[{"href":"https:\/\/sleepandhypnosis.org\/research\/wp-json\/wp\/v2\/types\/page"}],"replies":[{"embeddable":true,"href":"https:\/\/sleepandhypnosis.org\/research\/wp-json\/wp\/v2\/comments?post=733"}],"version-history":[{"count":0,"href":"https:\/\/sleepandhypnosis.org\/research\/wp-json\/wp\/v2\/pages\/733\/revisions"}],"wp:attachment":[{"href":"https:\/\/sleepandhypnosis.org\/research\/wp-json\/wp\/v2\/media?parent=733"}],"curies":[{"name":"wp","href":"https:\/\/api.w.org\/{rel}","templated":true}]}}