{"id":730,"date":"2024-06-20T17:06:36","date_gmt":"2024-06-20T17:06:36","guid":{"rendered":"http:\/\/sleepandhypnosis.org\/research\/default-2\/"},"modified":"2024-06-20T17:06:36","modified_gmt":"2024-06-20T17:06:36","slug":"default-2","status":"publish","type":"page","link":"https:\/\/sleepandhypnosis.org\/research\/default-2\/","title":{"rendered":"Default"},"content":{"rendered":"<div class=\"leftArticle\">\n<div class=\"Amakkat\"><b>Original Article<\/b><\/div>\n<div class=\"ArticalEx1\">\n<div class=\"ArticleHeader\">\n                            <a href=\"[get_bloginfo]url[\/get_bloginfo]\/ing\/abstract_mkid-313.html\"><br \/>\n                                 Parental Influence on Sleep Habits and Problems in Preschool Children<\/a>\n                        <\/div>\n<div class=\"ArticleAuthor\">\n                            Elif Yal\u00e7\u0131nta\u015f Sezgin, Leyla Ulus\n                        <\/div>\n<div class=\"ArticalFother\">\n<div class=\"ArticalKunye\" style=\"width: 440px;\">\n                                Sleep and Hypnosis: A Journal of Clinical Neuroscience and Psychopathology<br \/>\n                                2019\n                            <\/div>\n<div class=\"AnaMakdoi\">DOI: 10.37133\/Sleep.Hypn.2019.21.0196<\/div>\n<div class=\"ArticalOzetBtn\">\n                                <a href=\"[get_bloginfo]url[\/get_bloginfo]\/ing\/abstract_mkid-313.html\"><br \/>\n                                    <img decoding=\"async\" src=\"[get_bloginfo]url[\/get_bloginfo]\/files\/ing\/images\/template\/oztbtn.png\" alt=\"\"\/><\/a>\n                            <\/div>\n<div class=\"ArticalPdfBtn\">\n                                <a href=\"[get_bloginfo]url[\/get_bloginfo]\/files\/ing\/pdf\/140940f971234a06af0e04c335d9ff7f.pdf\" rel=\"nofollow noopener\" target=\"_blank\"><br \/>\n                                    <img decoding=\"async\" src=\"[get_bloginfo]url[\/get_bloginfo]\/files\/ing\/images\/template\/pdfbtn.png\" alt=\"\"\/><\/a>\n                            <\/div>\n<\/p><\/div>\n<\/p><\/div>\n<div class=\"Amakkat\"><b>Original Article<\/b><\/div>\n<div class=\"ArticalEx1\">\n<div class=\"ArticleHeader\">\n                            <a href=\"[get_bloginfo]url[\/get_bloginfo]\/ing\/abstract_mkid-314.html\"><br \/>\n                                Sleep quality and its associated factors among nurses in jimma zone public hospitals, Southwest Ethiopia, 2018<\/a>\n                        <\/div>\n<div class=\"ArticleAuthor\">\n                            Diriba Dereje Olana, Andualem Mossie Ayana, Samuel Tadesse Abebe\n                        <\/div>\n<div class=\"ArticalFother\">\n<div class=\"ArticalKunye\" style=\"width: 440px;\">\n                                Sleep and Hypnosis: A Journal of Clinical Neuroscience and Psychopathology<br \/>\n                                2019\n                            <\/div>\n<div class=\"AnaMakdoi\">DOI: 10.37133\/Sleep.Hypn.2019.21.0197<\/div>\n<div class=\"ArticalOzetBtn\">\n                                <a href=\"[get_bloginfo]url[\/get_bloginfo]\/ing\/abstract_mkid-314.html\"><br \/>\n                                    <img decoding=\"async\" src=\"[get_bloginfo]url[\/get_bloginfo]\/files\/ing\/images\/template\/oztbtn.png\" alt=\"\"\/><\/a>\n                            <\/div>\n<div class=\"ArticalPdfBtn\">\n                                <a href=\"[get_bloginfo]url[\/get_bloginfo]\/files\/ing\/pdf\/c4d052b8c3b0480c86187f995dcbda7e.pdf\" rel=\"nofollow noopener\" target=\"_blank\"><br \/>\n                                    <img decoding=\"async\" src=\"[get_bloginfo]url[\/get_bloginfo]\/files\/ing\/images\/template\/pdfbtn.png\" alt=\"\"\/><\/a>\n                            <\/div>\n<\/p><\/div>\n<\/p><\/div>\n<div class=\"Amakkat\"><b>Original Article<\/b><\/div>\n<div class=\"ArticalEx1\">\n<div class=\"ArticleHeader\">\n                            <a href=\"[get_bloginfo]url[\/get_bloginfo]\/ing\/abstract_mkid-315.html\"><br \/>\n                                The Effect of Foot Reflexology on Sleep Quality among High Risk Pregnant Women: A Randomized Controlled Trial<\/a>\n                        <\/div>\n<div class=\"ArticleAuthor\">\n                            Masoumeh Nasiri, Fatemeh Ranjkesh, Maryam Mafi, Mojtaba Senmar, Seyedeh Zahra Hosseinigolafshani\n                        <\/div>\n<div class=\"ArticalFother\">\n<div class=\"ArticalKunye\" style=\"width: 440px;\">\n                                Sleep and Hypnosis: A Journal of Clinical Neuroscience and Psychopathology<br \/>\n                                2019\n                            <\/div>\n<div class=\"AnaMakdoi\">DOI: 10.37133\/Sleep.Hypn.2019.21.0198<\/div>\n<div class=\"ArticalOzetBtn\">\n                                <a href=\"[get_bloginfo]url[\/get_bloginfo]\/ing\/abstract_mkid-315.html\"><br \/>\n                                    <img decoding=\"async\" src=\"[get_bloginfo]url[\/get_bloginfo]\/files\/ing\/images\/template\/oztbtn.png\" alt=\"\"\/><\/a>\n                            <\/div>\n<div class=\"ArticalPdfBtn\">\n                                <a href=\"[get_bloginfo]url[\/get_bloginfo]\/files\/ing\/pdf\/386d58dd129f4c6f8d49539994fc33a0.pdf\" rel=\"nofollow noopener\" target=\"_blank\"><br \/>\n                                    <img decoding=\"async\" src=\"[get_bloginfo]url[\/get_bloginfo]\/files\/ing\/images\/template\/pdfbtn.png\" alt=\"\"\/><\/a>\n                            <\/div>\n<\/p><\/div>\n<\/p><\/div>\n<div class=\"Amakkat\"><b>Original Article<\/b><\/div>\n<div class=\"ArticalEx1\">\n<div class=\"ArticleHeader\">\n                            <a href=\"[get_bloginfo]url[\/get_bloginfo]\/ing\/abstract_mkid-316.html\"><br \/>\n                                Shift works impact on health outcomes of a non hazardousindustrial employees<\/a>\n                        <\/div>\n<div class=\"ArticleAuthor\">\n                            John Kirubakaran, Rabiya Ahamedi, Urvasi Palli, Magharla Dasaratha Djanaraju, Qudsia Fathima, Sririama Teja Makineedi\n                        <\/div>\n<div class=\"ArticalFother\">\n<div class=\"ArticalKunye\" style=\"width: 440px;\">\n                                Sleep and Hypnosis: A Journal of Clinical Neuroscience and Psychopathology<br \/>\n                                2019\n                            <\/div>\n<div class=\"AnaMakdoi\">DOI: 10.37133\/Sleep.Hypn.2019.21.0199<\/div>\n<div class=\"ArticalOzetBtn\">\n                                <a href=\"[get_bloginfo]url[\/get_bloginfo]\/ing\/abstract_mkid-316.html\"><br \/>\n                                    <img decoding=\"async\" src=\"[get_bloginfo]url[\/get_bloginfo]\/files\/ing\/images\/template\/oztbtn.png\" alt=\"\"\/><\/a>\n                            <\/div>\n<div class=\"ArticalPdfBtn\">\n                                <a href=\"[get_bloginfo]url[\/get_bloginfo]\/files\/ing\/pdf\/cd5115fe54bf4a41805dab96b4f0ac74.pdf\" rel=\"nofollow noopener\" target=\"_blank\"><br \/>\n                                    <img decoding=\"async\" src=\"[get_bloginfo]url[\/get_bloginfo]\/files\/ing\/images\/template\/pdfbtn.png\" alt=\"\"\/><\/a>\n                            <\/div>\n<\/p><\/div>\n<\/p><\/div>\n<div class=\"Amakkat\"><b>Original Article<\/b><\/div>\n<div class=\"ArticalEx1\">\n<div class=\"ArticleHeader\">\n                            <a href=\"[get_bloginfo]url[\/get_bloginfo]\/ing\/abstract_mkid-317.html\"><br \/>\n                                The Relationship Between Subjective Sleep Quality and Smoking in University Students<\/a>\n                        <\/div>\n<div class=\"ArticleAuthor\">\n                            Felix Arbinaga, Soledad Fernandez-Cuenca, Miriam Joaquin-Mingorance\n                        <\/div>\n<div class=\"ArticalFother\">\n<div class=\"ArticalKunye\" style=\"width: 440px;\">\n                                Sleep and Hypnosis: A Journal of Clinical Neuroscience and Psychopathology<br \/>\n                                2019\n                            <\/div>\n<div class=\"AnaMakdoi\">DOI: 10.37133\/Sleep.Hypn.2019.21.0200<\/div>\n<div class=\"ArticalOzetBtn\">\n                                <a href=\"[get_bloginfo]url[\/get_bloginfo]\/ing\/abstract_mkid-317.html\"><br \/>\n                                    <img decoding=\"async\" src=\"[get_bloginfo]url[\/get_bloginfo]\/files\/ing\/images\/template\/oztbtn.png\" alt=\"\"\/><\/a>\n                            <\/div>\n<div class=\"ArticalPdfBtn\">\n                                <a href=\"[get_bloginfo]url[\/get_bloginfo]\/files\/ing\/pdf\/928116df0aab4583a82b8d90be6b80f0.pdf\" rel=\"nofollow noopener\" target=\"_blank\"><br \/>\n                                    <img decoding=\"async\" src=\"[get_bloginfo]url[\/get_bloginfo]\/files\/ing\/images\/template\/pdfbtn.png\" alt=\"\"\/><\/a>\n                            <\/div>\n<\/p><\/div>\n<\/p><\/div>\n<div class=\"Amakkat\"><b>Original Article<\/b><\/div>\n<div class=\"ArticalEx1\">\n<div class=\"ArticleHeader\">\n                            <a href=\"[get_bloginfo]url[\/get_bloginfo]\/ing\/abstract_mkid-318.html\"><br \/>\n                                Infantile Dream Reports in Patients with Frontal Deficits<\/a>\n                        <\/div>\n<div class=\"ArticleAuthor\">\n                            Claudio Colace, Paolo Salotti, Mila Ferreira\n                        <\/div>\n<div class=\"ArticalFother\">\n<div class=\"ArticalKunye\" style=\"width: 440px;\">\n                                Sleep and Hypnosis: A Journal of Clinical Neuroscience and Psychopathology<br \/>\n                                2019\n                            <\/div>\n<div class=\"AnaMakdoi\">DOI: 10.37133\/Sleep.Hypn.2019.21.0201<\/div>\n<div class=\"ArticalOzetBtn\">\n                                <a href=\"[get_bloginfo]url[\/get_bloginfo]\/ing\/abstract_mkid-318.html\"><br \/>\n                                    <img decoding=\"async\" src=\"[get_bloginfo]url[\/get_bloginfo]\/files\/ing\/images\/template\/oztbtn.png\" alt=\"\"\/><\/a>\n                            <\/div>\n<div class=\"ArticalPdfBtn\">\n                                <a href=\"[get_bloginfo]url[\/get_bloginfo]\/files\/ing\/pdf\/c5eb95a0cd6d4629b6e1487726491c63.pdf\" rel=\"nofollow noopener\" target=\"_blank\"><br \/>\n                                    <img decoding=\"async\" src=\"[get_bloginfo]url[\/get_bloginfo]\/files\/ing\/images\/template\/pdfbtn.png\" alt=\"\"\/><\/a>\n                            <\/div>\n<\/p><\/div>\n<\/p><\/div>\n<div class=\"Amakkat\"><b>Original Article<\/b><\/div>\n<div class=\"ArticalEx1\">\n<div class=\"ArticleHeader\">\n                            <a href=\"[get_bloginfo]url[\/get_bloginfo]\/ing\/abstract_mkid-319.html\"><br \/>\n                                Selective Enhancement of Processing of Negative Faces During Slow-Wave Sleep<\/a>\n                        <\/div>\n<div class=\"ArticleAuthor\">\n                            Simon Barton, Reinhard Pietrowsky\n                        <\/div>\n<div class=\"ArticalFother\">\n<div class=\"ArticalKunye\" style=\"width: 440px;\">\n                                Sleep and Hypnosis: A Journal of Clinical Neuroscience and Psychopathology<br \/>\n                                2019\n                            <\/div>\n<div class=\"AnaMakdoi\">DOI: 10.37133\/Sleep.Hypn.2019.21.0202<\/div>\n<div class=\"ArticalOzetBtn\">\n                                <a href=\"[get_bloginfo]url[\/get_bloginfo]\/ing\/abstract_mkid-319.html\"><br \/>\n                                    <img decoding=\"async\" src=\"[get_bloginfo]url[\/get_bloginfo]\/files\/ing\/images\/template\/oztbtn.png\" alt=\"\"\/><\/a>\n                            <\/div>\n<div class=\"ArticalPdfBtn\">\n                                <a href=\"[get_bloginfo]url[\/get_bloginfo]\/files\/ing\/pdf\/6cad6efda865483cbeda56133c1b12b1.pdf\" rel=\"nofollow noopener\" target=\"_blank\"><br \/>\n                                    <img decoding=\"async\" src=\"[get_bloginfo]url[\/get_bloginfo]\/files\/ing\/images\/template\/pdfbtn.png\" alt=\"\"\/><\/a>\n                            <\/div>\n<\/p><\/div>\n<\/p><\/div>\n<div class=\"Amakkat\"><b>Original Article<\/b><\/div>\n<div class=\"ArticalEx1\">\n<div class=\"ArticleHeader\">\n                            <a href=\"[get_bloginfo]url[\/get_bloginfo]\/ing\/abstract_mkid-320.html\"><br \/>\n                                Consumption of Caffeinated Drink Affects Sleep Among Adults<\/a>\n                        <\/div>\n<div class=\"ArticleAuthor\">\n                            Yasmin Othman Mydin, Samah Ali Mohsen Mofreh\n                        <\/div>\n<div class=\"ArticalFother\">\n<div class=\"ArticalKunye\" style=\"width: 440px;\">\n                                Sleep and Hypnosis: A Journal of Clinical Neuroscience and Psychopathology<br \/>\n                                2019\n                            <\/div>\n<div class=\"AnaMakdoi\">DOI: 10.37133\/Sleep.Hypn.2019.21.0205<\/div>\n<div class=\"ArticalOzetBtn\">\n                                <a href=\"[get_bloginfo]url[\/get_bloginfo]\/ing\/abstract_mkid-320.html\"><br \/>\n                                    <img decoding=\"async\" src=\"[get_bloginfo]url[\/get_bloginfo]\/files\/ing\/images\/template\/oztbtn.png\" alt=\"\"\/><\/a>\n                            <\/div>\n<div class=\"ArticalPdfBtn\">\n                                <a href=\"[get_bloginfo]url[\/get_bloginfo]\/files\/ing\/pdf\/a29cd27ebf904e62bcaee50651bcf10d.pdf\" rel=\"nofollow noopener\" target=\"_blank\"><br \/>\n                                    <img decoding=\"async\" src=\"[get_bloginfo]url[\/get_bloginfo]\/files\/ing\/images\/template\/pdfbtn.png\" alt=\"\"\/><\/a>\n                            <\/div>\n<\/p><\/div>\n<\/p><\/div>\n<div class=\"Amakkat\"><b>Original Article<\/b><\/div>\n<div class=\"ArticalEx1\">\n<div class=\"ArticleHeader\">\n                            <a href=\"[get_bloginfo]url[\/get_bloginfo]\/ing\/abstract_mkid-321.html\"><br \/>\n                                Sleep Disturbances in Anorexia Nervosa: How Can They Be Explained?<\/a>\n                        <\/div>\n<div class=\"ArticleAuthor\">\n                            Francisca Padez Vieira, Pedro Afonso\n                        <\/div>\n<div class=\"ArticalFother\">\n<div class=\"ArticalKunye\" style=\"width: 440px;\">\n                                Sleep and Hypnosis: A Journal of Clinical Neuroscience and Psychopathology<br \/>\n                                2019\n                            <\/div>\n<div class=\"AnaMakdoi\">DOI: 10.37133\/Sleep.Hypn.2019.21.0204<\/div>\n<div class=\"ArticalOzetBtn\">\n                                <a href=\"[get_bloginfo]url[\/get_bloginfo]\/ing\/abstract_mkid-321.html\"><br \/>\n                                    <img decoding=\"async\" src=\"[get_bloginfo]url[\/get_bloginfo]\/files\/ing\/images\/template\/oztbtn.png\" alt=\"\"\/><\/a>\n                            <\/div>\n<div class=\"ArticalPdfBtn\">\n                                <a href=\"[get_bloginfo]url[\/get_bloginfo]\/files\/ing\/pdf\/485df090621246f99825d9d720f44f58.pdf\" rel=\"nofollow noopener\" target=\"_blank\"><br \/>\n                                    <img decoding=\"async\" src=\"[get_bloginfo]url[\/get_bloginfo]\/files\/ing\/images\/template\/pdfbtn.png\" alt=\"\"\/><\/a>\n                            <\/div>\n<\/p><\/div>\n<\/p><\/div>\n<div class=\"Amakkat\"><b>Original Article<\/b><\/div>\n<div class=\"ArticalEx1\">\n<div class=\"ArticleHeader\">\n                            <a href=\"[get_bloginfo]url[\/get_bloginfo]\/ing\/abstract_mkid-322.html\"><br \/>\n                                Facets of The Nightmare Proneness Scale and Their Relationships to Nightmares, Negative Affect, and Psychological Distress<\/a>\n                        <\/div>\n<div class=\"ArticleAuthor\">\n                            William E. Kelly, John R. Mathe\n                        <\/div>\n<div class=\"ArticalFother\">\n<div class=\"ArticalKunye\" style=\"width: 440px;\">\n                                Sleep and Hypnosis: A Journal of Clinical Neuroscience and Psychopathology<br \/>\n                                2019\n                            <\/div>\n<div class=\"AnaMakdoi\">DOI: 10.37133\/Sleep.Hypn.2019.21.0206<\/div>\n<div class=\"ArticalOzetBtn\">\n                                <a href=\"[get_bloginfo]url[\/get_bloginfo]\/ing\/abstract_mkid-322.html\"><br \/>\n                                    <img decoding=\"async\" src=\"[get_bloginfo]url[\/get_bloginfo]\/files\/ing\/images\/template\/oztbtn.png\" alt=\"\"\/><\/a>\n                            <\/div>\n<div class=\"ArticalPdfBtn\">\n                                <a href=\"[get_bloginfo]url[\/get_bloginfo]\/files\/ing\/pdf\/607c4cef3f1f43319006ea36580f33b0.pdf\" rel=\"nofollow noopener\" target=\"_blank\"><br \/>\n                                    <img decoding=\"async\" src=\"[get_bloginfo]url[\/get_bloginfo]\/files\/ing\/images\/template\/pdfbtn.png\" alt=\"\"\/><\/a>\n                            <\/div>\n<\/p><\/div>\n<\/p><\/div>\n<div class=\"Amakkat\"><b>Original Article<\/b><\/div>\n<div class=\"ArticalEx1\">\n<div class=\"ArticleHeader\">\n                            <a href=\"[get_bloginfo]url[\/get_bloginfo]\/ing\/abstract_mkid-323.html\"><br \/>\n                                Evocative Communication and Hypnosis<\/a>\n                        <\/div>\n<div class=\"ArticleAuthor\">\n                            Jeffrey K. Zeig, Kaloyan S. Tanev\n                        <\/div>\n<div class=\"ArticalFother\">\n<div class=\"ArticalKunye\" style=\"width: 440px;\">\n                                Sleep and Hypnosis: A Journal of Clinical Neuroscience and Psychopathology<br \/>\n                                2019\n                            <\/div>\n<div class=\"AnaMakdoi\">DOI: 10.37133\/Sleep.Hypn.2019.21.0203<\/div>\n<div class=\"ArticalOzetBtn\">\n                                <a href=\"[get_bloginfo]url[\/get_bloginfo]\/ing\/abstract_mkid-323.html\"><br \/>\n                                    <img decoding=\"async\" src=\"[get_bloginfo]url[\/get_bloginfo]\/files\/ing\/images\/template\/oztbtn.png\" alt=\"\"\/><\/a>\n                            <\/div>\n<div class=\"ArticalPdfBtn\">\n                                <a href=\"[get_bloginfo]url[\/get_bloginfo]\/files\/ing\/pdf\/4de2f91ec25644acaa38eab6f8753f4e.pdf\" rel=\"nofollow noopener\" target=\"_blank\"><br \/>\n                                    <img decoding=\"async\" src=\"[get_bloginfo]url[\/get_bloginfo]\/files\/ing\/images\/template\/pdfbtn.png\" alt=\"\"\/><\/a>\n                            <\/div>\n<\/p><\/div>\n<\/p><\/div>\n<div class=\"Amakkat\"><b>Original Article<\/b><\/div>\n<div class=\"ArticalEx1\">\n<div class=\"ArticleHeader\">\n                            <a href=\"[get_bloginfo]url[\/get_bloginfo]\/ing\/abstract_mkid-324.html\"><br \/>\n                                Reliability, Validity, Effect Sizes and Confidence Intervals in Hypnosis Research<\/a>\n                        <\/div>\n<div class=\"ArticleAuthor\">\n                            Marty Sapp\n                        <\/div>\n<div class=\"ArticalFother\">\n<div class=\"ArticalKunye\" style=\"width: 440px;\">\n                                Sleep and Hypnosis: A Journal of Clinical Neuroscience and Psychopathology<br \/>\n                                2019\n                            <\/div>\n<div class=\"AnaMakdoi\">DOI: 10.37133\/Sleep.Hypn.2019.21.0207<\/div>\n<div class=\"ArticalOzetBtn\">\n                                <a href=\"[get_bloginfo]url[\/get_bloginfo]\/ing\/abstract_mkid-324.html\"><br \/>\n                                    <img decoding=\"async\" src=\"[get_bloginfo]url[\/get_bloginfo]\/files\/ing\/images\/template\/oztbtn.png\" alt=\"\"\/><\/a>\n                            <\/div>\n<div class=\"ArticalPdfBtn\">\n                                <a href=\"[get_bloginfo]url[\/get_bloginfo]\/files\/ing\/pdf\/f179ed867e2d42a6bca90513abec7969.pdf\" rel=\"nofollow noopener\" target=\"_blank\"><br \/>\n                                    <img decoding=\"async\" src=\"[get_bloginfo]url[\/get_bloginfo]\/files\/ing\/images\/template\/pdfbtn.png\" alt=\"\"\/><\/a>\n                            <\/div>\n<\/p><\/div>\n<\/p><\/div>\n<\/p><\/div>\n","protected":false},"excerpt":{"rendered":"<p>Original Article Parental Influence on Sleep Habits and Problems in Preschool Children Elif Yal\u00e7\u0131nta\u015f Sezgin, Leyla Ulus Sleep and Hypnosis: A Journal of Clinical Neuroscience and Psychopathology 2019 DOI: 10.37133\/Sleep.Hypn.2019.21.0196 Original Article Sleep quality and its associated factors among nurses in jimma zone public hospitals, Southwest Ethiopia, 2018 Diriba Dereje Olana, Andualem Mossie Ayana, Samuel [&hellip;]<\/p>\n","protected":false},"author":0,"featured_media":0,"parent":0,"menu_order":0,"comment_status":"closed","ping_status":"closed","template":"","meta":{"om_disable_all_campaigns":false,"footnotes":""},"class_list":["post-730","page","type-page","status-publish","hentry","post-wrapper","thrv_wrapper"],"aioseo_notices":[],"_links":{"self":[{"href":"https:\/\/sleepandhypnosis.org\/research\/wp-json\/wp\/v2\/pages\/730","targetHints":{"allow":["GET"]}}],"collection":[{"href":"https:\/\/sleepandhypnosis.org\/research\/wp-json\/wp\/v2\/pages"}],"about":[{"href":"https:\/\/sleepandhypnosis.org\/research\/wp-json\/wp\/v2\/types\/page"}],"replies":[{"embeddable":true,"href":"https:\/\/sleepandhypnosis.org\/research\/wp-json\/wp\/v2\/comments?post=730"}],"version-history":[{"count":0,"href":"https:\/\/sleepandhypnosis.org\/research\/wp-json\/wp\/v2\/pages\/730\/revisions"}],"wp:attachment":[{"href":"https:\/\/sleepandhypnosis.org\/research\/wp-json\/wp\/v2\/media?parent=730"}],"curies":[{"name":"wp","href":"https:\/\/api.w.org\/{rel}","templated":true}]}}