{"id":712,"date":"2024-06-20T17:06:33","date_gmt":"2024-06-20T17:06:33","guid":{"rendered":"http:\/\/sleepandhypnosis.org\/research\/archivelist-sayiid-62\/"},"modified":"2024-06-20T17:06:33","modified_gmt":"2024-06-20T17:06:33","slug":"archivelist-sayiid-62","status":"publish","type":"page","link":"https:\/\/sleepandhypnosis.org\/research\/archivelist-sayiid-62\/","title":{"rendered":"Archivelist Sayiid 62"},"content":{"rendered":"<div class=\"leftArticle\">\n<div class=\"Amakkat\"><b>Case Report<\/b><\/div>\n<div class=\"ArticalEx1\">\n<div class=\"ArticleHeader\">\n                                    <a href=\"[get_bloginfo]url[\/get_bloginfo]\/ing\/abstract_mkid-208.html\"><br \/>\n                                        REM Sleep Behavior Disorder Accompanying Arachnoid Cyst: A Case Report<\/a>\n                                <\/div>\n<div class=\"ArticleAuthor\">\n                                    Erhan Ak\u0131nc\u0131, Ali Samanc\u0131o\u011flu\n                                <\/div>\n<div class=\"ArticalFother\">\n<div class=\"ArticalKunye\" style=\"width: 440px;\">\n                                        Sleep and Hypnosis: A Journal of Clinical Neuroscience and Psychopathology 2016\n                                    <\/div>\n<div class=\"AnaMakdoi\">DOI: 10.5350\/Sleep.Hypn.2016.18.0109<\/div>\n<div class=\"ArticalOzetBtn\">\n                                        <a href=\"[get_bloginfo]url[\/get_bloginfo]\/ing\/abstract_mkid-208.html\"><br \/>\n                                            <img decoding=\"async\" src=\"[get_bloginfo]url[\/get_bloginfo]\/files\/ing\/images\/template\/oztbtn.png\" alt=\"\"\/><\/a>\n                                    <\/div>\n<div class=\"ArticalPdfBtn\">\n                                        <a href=\"[get_bloginfo]url[\/get_bloginfo]\/files\/ing\/pdf\/2f997ba141f7409ba2459bee26b9382e.pdf\" target=\"_blank\" rel=\"noopener\"><br \/>\n                                            <img decoding=\"async\" src=\"[get_bloginfo]url[\/get_bloginfo]\/files\/ing\/images\/template\/pdfbtn.png\" alt=\"\"\/><\/a>\n                                    <\/div>\n<\/p><\/div>\n<\/p><\/div>\n<div class=\"Amakkat\"><b>Original Article<\/b><\/div>\n<div class=\"ArticalEx1\">\n<div class=\"ArticleHeader\">\n                                    <a href=\"[get_bloginfo]url[\/get_bloginfo]\/ing\/abstract_mkid-209.html\"><br \/>\n                                        Some Personality Characteristics of College Students Reporting Frequent Nightmares<\/a>\n                                <\/div>\n<div class=\"ArticleAuthor\">\n                                    William E. Kelly\n                                <\/div>\n<div class=\"ArticalFother\">\n<div class=\"ArticalKunye\" style=\"width: 440px;\">\n                                        Sleep and Hypnosis: A Journal of Clinical Neuroscience and Psychopathology 2016\n                                    <\/div>\n<div class=\"AnaMakdoi\">DOI: 10.5350\/Sleep.Hypn.2016.18.0110<\/div>\n<div class=\"ArticalOzetBtn\">\n                                        <a href=\"[get_bloginfo]url[\/get_bloginfo]\/ing\/abstract_mkid-209.html\"><br \/>\n                                            <img decoding=\"async\" src=\"[get_bloginfo]url[\/get_bloginfo]\/files\/ing\/images\/template\/oztbtn.png\" alt=\"\"\/><\/a>\n                                    <\/div>\n<div class=\"ArticalPdfBtn\">\n                                        <a href=\"[get_bloginfo]url[\/get_bloginfo]\/files\/ing\/pdf\/b39118cb18874a55991bbdc70e1f00ea.pdf\" target=\"_blank\" rel=\"noopener\"><br \/>\n                                            <img decoding=\"async\" src=\"[get_bloginfo]url[\/get_bloginfo]\/files\/ing\/images\/template\/pdfbtn.png\" alt=\"\"\/><\/a>\n                                    <\/div>\n<\/p><\/div>\n<\/p><\/div>\n<\/p><\/div>\n","protected":false},"excerpt":{"rendered":"<p>Case Report REM Sleep Behavior Disorder Accompanying Arachnoid Cyst: A Case Report Erhan Ak\u0131nc\u0131, Ali Samanc\u0131o\u011flu Sleep and Hypnosis: A Journal of Clinical Neuroscience and Psychopathology 2016 DOI: 10.5350\/Sleep.Hypn.2016.18.0109 Original Article Some Personality Characteristics of College Students Reporting Frequent Nightmares William E. Kelly Sleep and Hypnosis: A Journal of Clinical Neuroscience and Psychopathology 2016 DOI: [&hellip;]<\/p>\n","protected":false},"author":0,"featured_media":0,"parent":0,"menu_order":0,"comment_status":"closed","ping_status":"closed","template":"","meta":{"om_disable_all_campaigns":false,"footnotes":""},"class_list":["post-712","page","type-page","status-publish","hentry","post-wrapper","thrv_wrapper"],"aioseo_notices":[],"_links":{"self":[{"href":"https:\/\/sleepandhypnosis.org\/research\/wp-json\/wp\/v2\/pages\/712","targetHints":{"allow":["GET"]}}],"collection":[{"href":"https:\/\/sleepandhypnosis.org\/research\/wp-json\/wp\/v2\/pages"}],"about":[{"href":"https:\/\/sleepandhypnosis.org\/research\/wp-json\/wp\/v2\/types\/page"}],"replies":[{"embeddable":true,"href":"https:\/\/sleepandhypnosis.org\/research\/wp-json\/wp\/v2\/comments?post=712"}],"version-history":[{"count":0,"href":"https:\/\/sleepandhypnosis.org\/research\/wp-json\/wp\/v2\/pages\/712\/revisions"}],"wp:attachment":[{"href":"https:\/\/sleepandhypnosis.org\/research\/wp-json\/wp\/v2\/media?parent=712"}],"curies":[{"name":"wp","href":"https:\/\/api.w.org\/{rel}","templated":true}]}}