{"id":706,"date":"2024-06-20T17:06:33","date_gmt":"2024-06-20T17:06:33","guid":{"rendered":"http:\/\/sleepandhypnosis.org\/research\/archivelist-sayiid-54\/"},"modified":"2024-06-20T17:06:33","modified_gmt":"2024-06-20T17:06:33","slug":"archivelist-sayiid-54","status":"publish","type":"page","link":"https:\/\/sleepandhypnosis.org\/research\/archivelist-sayiid-54\/","title":{"rendered":"Archivelist Sayiid 54"},"content":{"rendered":"<div class=\"leftArticle\">\n<div class=\"Amakkat\"><b>Original Article<\/b><\/div>\n<div class=\"ArticalEx1\">\n<div class=\"ArticleHeader\">\n                                    <a href=\"[get_bloginfo]url[\/get_bloginfo]\/ing\/abstract_mkid-196.html\"><br \/>\n                                        Comparison Of Effect Sizes Of Three Group Treatments For Weight Loss<\/a>\n                                <\/div>\n<div class=\"ArticleAuthor\">\n                                    Tianna K. Byom,2Marty Sapp\n                                <\/div>\n<div class=\"ArticalFother\">\n<div class=\"ArticalKunye\" style=\"width: 440px;\">\n                                        Sleep and Hypnosis: A Journal of Clinical Neuroscience and Psychopathology 2013\n                                    <\/div>\n<div class=\"AnaMakdoi\">DOI: &#8211;<\/div>\n<div class=\"ArticalOzetBtn\">\n                                        <a href=\"[get_bloginfo]url[\/get_bloginfo]\/ing\/abstract_mkid-196.html\"><br \/>\n                                            <img decoding=\"async\" src=\"[get_bloginfo]url[\/get_bloginfo]\/files\/ing\/images\/template\/oztbtn.png\" alt=\"\"\/><\/a>\n                                    <\/div>\n<div class=\"ArticalPdfBtn\">\n                                        <a href=\"[get_bloginfo]url[\/get_bloginfo]\/files\/ing\/pdf\/efceb8885152479fad9f1f369e92d90a.pdf\" target=\"_blank\" rel=\"noopener\"><br \/>\n                                            <img decoding=\"async\" src=\"[get_bloginfo]url[\/get_bloginfo]\/files\/ing\/images\/template\/pdfbtn.png\" alt=\"\"\/><\/a>\n                                    <\/div>\n<\/p><\/div>\n<\/p><\/div>\n<div class=\"Amakkat\"><b>Case Report<\/b><\/div>\n<div class=\"ArticalEx1\">\n<div class=\"ArticleHeader\">\n                                    <a href=\"[get_bloginfo]url[\/get_bloginfo]\/ing\/abstract_mkid-197.html\"><br \/>\n                                        Electrophysiological Evaluation of Disruption in Semantic Memory Induced by Hypnosis: Two Case Reports<\/a>\n                                <\/div>\n<div class=\"ArticleAuthor\">\n                                    Ezgi Tuna Erdo\u011fan,Ece Kocag\u00f6nc\u00fc,Adnan Kurt,\u00d6nder Uyar,Sacit Karam\u00fcrsel\n                                <\/div>\n<div class=\"ArticalFother\">\n<div class=\"ArticalKunye\" style=\"width: 440px;\">\n                                        Sleep and Hypnosis: A Journal of Clinical Neuroscience and Psychopathology 2013\n                                    <\/div>\n<div class=\"AnaMakdoi\">DOI: &#8211;<\/div>\n<div class=\"ArticalOzetBtn\">\n                                        <a href=\"[get_bloginfo]url[\/get_bloginfo]\/ing\/abstract_mkid-197.html\"><br \/>\n                                            <img decoding=\"async\" src=\"[get_bloginfo]url[\/get_bloginfo]\/files\/ing\/images\/template\/oztbtn.png\" alt=\"\"\/><\/a>\n                                    <\/div>\n<div class=\"ArticalPdfBtn\">\n                                        <a href=\"[get_bloginfo]url[\/get_bloginfo]\/files\/ing\/pdf\/17eef5b5b93a46daa501737e9d0c6a72.pdf\" target=\"_blank\" rel=\"noopener\"><br \/>\n                                            <img decoding=\"async\" src=\"[get_bloginfo]url[\/get_bloginfo]\/files\/ing\/images\/template\/pdfbtn.png\" alt=\"\"\/><\/a>\n                                    <\/div>\n<\/p><\/div>\n<\/p><\/div>\n<\/p><\/div>\n","protected":false},"excerpt":{"rendered":"<p>Original Article Comparison Of Effect Sizes Of Three Group Treatments For Weight Loss Tianna K. Byom,2Marty Sapp Sleep and Hypnosis: A Journal of Clinical Neuroscience and Psychopathology 2013 DOI: &#8211; Case Report Electrophysiological Evaluation of Disruption in Semantic Memory Induced by Hypnosis: Two Case Reports Ezgi Tuna Erdo\u011fan,Ece Kocag\u00f6nc\u00fc,Adnan Kurt,\u00d6nder Uyar,Sacit Karam\u00fcrsel Sleep and Hypnosis: [&hellip;]<\/p>\n","protected":false},"author":0,"featured_media":0,"parent":0,"menu_order":0,"comment_status":"closed","ping_status":"closed","template":"","meta":{"om_disable_all_campaigns":false,"footnotes":""},"class_list":["post-706","page","type-page","status-publish","hentry","post-wrapper","thrv_wrapper"],"aioseo_notices":[],"_links":{"self":[{"href":"https:\/\/sleepandhypnosis.org\/research\/wp-json\/wp\/v2\/pages\/706","targetHints":{"allow":["GET"]}}],"collection":[{"href":"https:\/\/sleepandhypnosis.org\/research\/wp-json\/wp\/v2\/pages"}],"about":[{"href":"https:\/\/sleepandhypnosis.org\/research\/wp-json\/wp\/v2\/types\/page"}],"replies":[{"embeddable":true,"href":"https:\/\/sleepandhypnosis.org\/research\/wp-json\/wp\/v2\/comments?post=706"}],"version-history":[{"count":0,"href":"https:\/\/sleepandhypnosis.org\/research\/wp-json\/wp\/v2\/pages\/706\/revisions"}],"wp:attachment":[{"href":"https:\/\/sleepandhypnosis.org\/research\/wp-json\/wp\/v2\/media?parent=706"}],"curies":[{"name":"wp","href":"https:\/\/api.w.org\/{rel}","templated":true}]}}