{"id":672,"date":"2024-06-20T17:06:29","date_gmt":"2024-06-20T17:06:29","guid":{"rendered":"http:\/\/sleepandhypnosis.org\/research\/archivelist-sayiid-16\/"},"modified":"2024-06-20T17:06:29","modified_gmt":"2024-06-20T17:06:29","slug":"archivelist-sayiid-16","status":"publish","type":"page","link":"https:\/\/sleepandhypnosis.org\/research\/archivelist-sayiid-16\/","title":{"rendered":"Archivelist Sayiid 16"},"content":{"rendered":"<div class=\"leftArticle\">\n<div class=\"Amakkat\"><b>Review<\/b><\/div>\n<div class=\"ArticalEx1\">\n<div class=\"ArticleHeader\">\n                                    <a href=\"[get_bloginfo]url[\/get_bloginfo]\/ing\/abstract_mkid-103.html\"><br \/>\n                                        Dopaminergic Syndromes of Sleep, Mood and Mentation: Evidence from Parkinson\u2019s Disease and Related Disorders<\/a>\n                                <\/div>\n<div class=\"ArticleAuthor\">\n                                    Patrick McNamara, Raymon Durso,Sanford Auerbach\n                                <\/div>\n<div class=\"ArticalFother\">\n<div class=\"ArticalKunye\" style=\"width: 440px;\">\n                                        Sleep and Hypnosis: A Journal of Clinical Neuroscience and Psychopathology 2002\n                                    <\/div>\n<div class=\"AnaMakdoi\">DOI: &#8211;<\/div>\n<div class=\"ArticalOzetBtn\">\n                                        <a href=\"[get_bloginfo]url[\/get_bloginfo]\/ing\/abstract_mkid-103.html\"><br \/>\n                                            <img decoding=\"async\" src=\"[get_bloginfo]url[\/get_bloginfo]\/files\/ing\/images\/template\/oztbtn.png\" alt=\"\"\/><\/a>\n                                    <\/div>\n<div class=\"ArticalPdfBtn\">\n                                        <a href=\"[get_bloginfo]url[\/get_bloginfo]\/files\/ing\/pdf\/e2e61f4bcefc4c4bac691b07c08676a8.pdf\" target=\"_blank\" rel=\"noopener\"><br \/>\n                                            <img decoding=\"async\" src=\"[get_bloginfo]url[\/get_bloginfo]\/files\/ing\/images\/template\/pdfbtn.png\" alt=\"\"\/><\/a>\n                                    <\/div>\n<\/p><\/div>\n<\/p><\/div>\n<div class=\"Amakkat\"><b>Original Article<\/b><\/div>\n<div class=\"ArticalEx1\">\n<div class=\"ArticleHeader\">\n                                    <a href=\"[get_bloginfo]url[\/get_bloginfo]\/ing\/abstract_mkid-104.html\"><br \/>\n                                        Isolated Sleep Paralysis and Lucid Dreaming: Ten-Year Longitudinal Case Study and Related Dream Frequencies, Types, and Categories<\/a>\n                                <\/div>\n<div class=\"ArticleAuthor\">\n                                    Jorge Conesa\n                                <\/div>\n<div class=\"ArticalFother\">\n<div class=\"ArticalKunye\" style=\"width: 440px;\">\n                                        Sleep and Hypnosis: A Journal of Clinical Neuroscience and Psychopathology 2002\n                                    <\/div>\n<div class=\"AnaMakdoi\">DOI: &#8211;<\/div>\n<div class=\"ArticalOzetBtn\">\n                                        <a href=\"[get_bloginfo]url[\/get_bloginfo]\/ing\/abstract_mkid-104.html\"><br \/>\n                                            <img decoding=\"async\" src=\"[get_bloginfo]url[\/get_bloginfo]\/files\/ing\/images\/template\/oztbtn.png\" alt=\"\"\/><\/a>\n                                    <\/div>\n<div class=\"ArticalPdfBtn\">\n                                        <a href=\"[get_bloginfo]url[\/get_bloginfo]\/files\/ing\/pdf\/b3e7b4f8ae0e49198f58c31787c78790.pdf\" target=\"_blank\" rel=\"noopener\"><br \/>\n                                            <img decoding=\"async\" src=\"[get_bloginfo]url[\/get_bloginfo]\/files\/ing\/images\/template\/pdfbtn.png\" alt=\"\"\/><\/a>\n                                    <\/div>\n<\/p><\/div>\n<\/p><\/div>\n<div class=\"Amakkat\"><b>Original Article<\/b><\/div>\n<div class=\"ArticalEx1\">\n<div class=\"ArticleHeader\">\n                                    <a href=\"[get_bloginfo]url[\/get_bloginfo]\/ing\/abstract_mkid-105.html\"><br \/>\n                                        Adaptation to Nocturnal Intermittent Hypoxia in Sleep-Disordered Breathing: 2,3 Diphosphoglycerate Levels: A Preliminary Study<\/a>\n                                <\/div>\n<div class=\"ArticleAuthor\">\n                                    Levent \u00d6zt\u00fcrk, Banu Mansour, Zerrin Pelin, Firuz \u00c7eliko\u011flu, Nuran G\u00f6khan\n                                <\/div>\n<div class=\"ArticalFother\">\n<div class=\"ArticalKunye\" style=\"width: 440px;\">\n                                        Sleep and Hypnosis: A Journal of Clinical Neuroscience and Psychopathology 2002\n                                    <\/div>\n<div class=\"AnaMakdoi\">DOI: &#8211;<\/div>\n<div class=\"ArticalOzetBtn\">\n                                        <a href=\"[get_bloginfo]url[\/get_bloginfo]\/ing\/abstract_mkid-105.html\"><br \/>\n                                            <img decoding=\"async\" src=\"[get_bloginfo]url[\/get_bloginfo]\/files\/ing\/images\/template\/oztbtn.png\" alt=\"\"\/><\/a>\n                                    <\/div>\n<div class=\"ArticalPdfBtn\">\n                                        <a href=\"[get_bloginfo]url[\/get_bloginfo]\/files\/ing\/pdf\/e53cb5c04c8945fbbc3e131033ac86ac.pdf\" target=\"_blank\" rel=\"noopener\"><br \/>\n                                            <img decoding=\"async\" src=\"[get_bloginfo]url[\/get_bloginfo]\/files\/ing\/images\/template\/pdfbtn.png\" alt=\"\"\/><\/a>\n                                    <\/div>\n<\/p><\/div>\n<\/p><\/div>\n<div class=\"Amakkat\"><b>Original Article<\/b><\/div>\n<div class=\"ArticalEx1\">\n<div class=\"ArticleHeader\">\n                                    <a href=\"[get_bloginfo]url[\/get_bloginfo]\/ing\/abstract_mkid-106.html\"><br \/>\n                                        Usage of Mobile Phone in The Evening or at Night Makes Japanese Students Evening-typed and Night Sleep Uncomfortable<\/a>\n                                <\/div>\n<div class=\"ArticleAuthor\">\n                                    Tetsuo Harada, Mami Morikuni, Sato Yoshii, Yasuhiro Yamashita, Hitomi Takeuchi\n                                <\/div>\n<div class=\"ArticalFother\">\n<div class=\"ArticalKunye\" style=\"width: 440px;\">\n                                        Sleep and Hypnosis: A Journal of Clinical Neuroscience and Psychopathology 2002\n                                    <\/div>\n<div class=\"AnaMakdoi\">DOI: &#8211;<\/div>\n<div class=\"ArticalOzetBtn\">\n                                        <a href=\"[get_bloginfo]url[\/get_bloginfo]\/ing\/abstract_mkid-106.html\"><br \/>\n                                            <img decoding=\"async\" src=\"[get_bloginfo]url[\/get_bloginfo]\/files\/ing\/images\/template\/oztbtn.png\" alt=\"\"\/><\/a>\n                                    <\/div>\n<div class=\"ArticalPdfBtn\">\n                                        <a href=\"[get_bloginfo]url[\/get_bloginfo]\/files\/ing\/pdf\/50ae038449ce4f0e88a6a8c3ba0466e1.pdf\" target=\"_blank\" rel=\"noopener\"><br \/>\n                                            <img decoding=\"async\" src=\"[get_bloginfo]url[\/get_bloginfo]\/files\/ing\/images\/template\/pdfbtn.png\" alt=\"\"\/><\/a>\n                                    <\/div>\n<\/p><\/div>\n<\/p><\/div>\n<\/p><\/div>\n","protected":false},"excerpt":{"rendered":"<p>Review Dopaminergic Syndromes of Sleep, Mood and Mentation: Evidence from Parkinson\u2019s Disease and Related Disorders Patrick McNamara, Raymon Durso,Sanford Auerbach Sleep and Hypnosis: A Journal of Clinical Neuroscience and Psychopathology 2002 DOI: &#8211; Original Article Isolated Sleep Paralysis and Lucid Dreaming: Ten-Year Longitudinal Case Study and Related Dream Frequencies, Types, and Categories Jorge Conesa Sleep [&hellip;]<\/p>\n","protected":false},"author":0,"featured_media":0,"parent":0,"menu_order":0,"comment_status":"closed","ping_status":"closed","template":"","meta":{"om_disable_all_campaigns":false,"footnotes":""},"class_list":["post-672","page","type-page","status-publish","hentry","post-wrapper","thrv_wrapper"],"aioseo_notices":[],"_links":{"self":[{"href":"https:\/\/sleepandhypnosis.org\/research\/wp-json\/wp\/v2\/pages\/672","targetHints":{"allow":["GET"]}}],"collection":[{"href":"https:\/\/sleepandhypnosis.org\/research\/wp-json\/wp\/v2\/pages"}],"about":[{"href":"https:\/\/sleepandhypnosis.org\/research\/wp-json\/wp\/v2\/types\/page"}],"replies":[{"embeddable":true,"href":"https:\/\/sleepandhypnosis.org\/research\/wp-json\/wp\/v2\/comments?post=672"}],"version-history":[{"count":0,"href":"https:\/\/sleepandhypnosis.org\/research\/wp-json\/wp\/v2\/pages\/672\/revisions"}],"wp:attachment":[{"href":"https:\/\/sleepandhypnosis.org\/research\/wp-json\/wp\/v2\/media?parent=672"}],"curies":[{"name":"wp","href":"https:\/\/api.w.org\/{rel}","templated":true}]}}