{"id":665,"date":"2024-06-20T17:06:28","date_gmt":"2024-06-20T17:06:28","guid":{"rendered":"http:\/\/sleepandhypnosis.org\/research\/archivelist-sayiid-1\/"},"modified":"2024-06-20T17:06:28","modified_gmt":"2024-06-20T17:06:28","slug":"archivelist-sayiid-1","status":"publish","type":"page","link":"https:\/\/sleepandhypnosis.org\/research\/archivelist-sayiid-1\/","title":{"rendered":"Archivelist Sayiid 1"},"content":{"rendered":"<div class=\"leftArticle\">\n<div class=\"Amakkat\"><b>Editorial<\/b><\/div>\n<div class=\"ArticalEx1\">\n<div class=\"ArticleHeader\">\n                                    <a href=\"[get_bloginfo]url[\/get_bloginfo]\/ing\/abstract_mkid-4.html\"><br \/>\n                                        A New Multidisciplinary Journal<\/a>\n                                <\/div>\n<div class=\"ArticleAuthor\">\n                                    Mehmed Y\u00fccel A\u011farg\u00fcn\n                                <\/div>\n<div class=\"ArticalFother\">\n<div class=\"ArticalKunye\" style=\"width: 440px;\">\n                                        Sleep and Hypnosis: A Journal of Clinical Neuroscience and Psychopathology 1999\n                                    <\/div>\n<div class=\"AnaMakdoi\">DOI: &#8211;<\/div>\n<div class=\"ArticalOzetBtn\">\n                                        <a href=\"[get_bloginfo]url[\/get_bloginfo]\/ing\/abstract_mkid-4.html\"><br \/>\n                                            <img decoding=\"async\" src=\"[get_bloginfo]url[\/get_bloginfo]\/files\/ing\/images\/template\/oztbtn.png\" alt=\"\"\/><\/a>\n                                    <\/div>\n<div class=\"ArticalPdfBtn\">\n                                        <a href=\"[get_bloginfo]url[\/get_bloginfo]\/files\/ing\/pdf\/fdfacaf7d02849e79ed0aa90c045776f.pdf\" target=\"_blank\" rel=\"noopener\"><br \/>\n                                            <img decoding=\"async\" src=\"[get_bloginfo]url[\/get_bloginfo]\/files\/ing\/images\/template\/pdfbtn.png\" alt=\"\"\/><\/a>\n                                    <\/div>\n<\/p><\/div>\n<\/p><\/div>\n<div class=\"Amakkat\"><b>Original Article<\/b><\/div>\n<div class=\"ArticalEx1\">\n<div class=\"ArticleHeader\">\n                                    <a href=\"[get_bloginfo]url[\/get_bloginfo]\/ing\/abstract_mkid-5.html\"><br \/>\n                                        Role of the Preoptic Area in the Interrelationship Between Thermoregulatory and Sleep Regulatory Mechanisms<\/a>\n                                <\/div>\n<div class=\"ArticleAuthor\">\n                                    Velayudhan Mohan Kumar\n                                <\/div>\n<div class=\"ArticalFother\">\n<div class=\"ArticalKunye\" style=\"width: 440px;\">\n                                        Sleep and Hypnosis: A Journal of Clinical Neuroscience and Psychopathology 1999\n                                    <\/div>\n<div class=\"AnaMakdoi\">DOI: &#8211;<\/div>\n<div class=\"ArticalOzetBtn\">\n                                        <a href=\"[get_bloginfo]url[\/get_bloginfo]\/ing\/abstract_mkid-5.html\"><br \/>\n                                            <img decoding=\"async\" src=\"[get_bloginfo]url[\/get_bloginfo]\/files\/ing\/images\/template\/oztbtn.png\" alt=\"\"\/><\/a>\n                                    <\/div>\n<div class=\"ArticalPdfBtn\">\n                                        <a href=\"[get_bloginfo]url[\/get_bloginfo]\/files\/ing\/pdf\/d3b76285928843dcacbd5848a8867471.pdf\" target=\"_blank\" rel=\"noopener\"><br \/>\n                                            <img decoding=\"async\" src=\"[get_bloginfo]url[\/get_bloginfo]\/files\/ing\/images\/template\/pdfbtn.png\" alt=\"\"\/><\/a>\n                                    <\/div>\n<\/p><\/div>\n<\/p><\/div>\n<div class=\"Amakkat\"><b>Original Article<\/b><\/div>\n<div class=\"ArticalEx1\">\n<div class=\"ArticleHeader\">\n                                    <a href=\"[get_bloginfo]url[\/get_bloginfo]\/ing\/abstract_mkid-6.html\"><br \/>\n                                        Effects of Microinjections of Triazolam into Medial Preoptic Area on Sleep and Brain Temperature in Rats<\/a>\n                                <\/div>\n<div class=\"ArticleAuthor\">\n                                    Thythy T. Pham, Wallace B. Mendelson\n                                <\/div>\n<div class=\"ArticalFother\">\n<div class=\"ArticalKunye\" style=\"width: 440px;\">\n                                        Sleep and Hypnosis: A Journal of Clinical Neuroscience and Psychopathology 1999\n                                    <\/div>\n<div class=\"AnaMakdoi\">DOI: &#8211;<\/div>\n<div class=\"ArticalOzetBtn\">\n                                        <a href=\"[get_bloginfo]url[\/get_bloginfo]\/ing\/abstract_mkid-6.html\"><br \/>\n                                            <img decoding=\"async\" src=\"[get_bloginfo]url[\/get_bloginfo]\/files\/ing\/images\/template\/oztbtn.png\" alt=\"\"\/><\/a>\n                                    <\/div>\n<div class=\"ArticalPdfBtn\">\n                                        <a href=\"[get_bloginfo]url[\/get_bloginfo]\/files\/ing\/pdf\/001e789614a543a59d3bfcf408aa48dc.pdf\" target=\"_blank\" rel=\"noopener\"><br \/>\n                                            <img decoding=\"async\" src=\"[get_bloginfo]url[\/get_bloginfo]\/files\/ing\/images\/template\/pdfbtn.png\" alt=\"\"\/><\/a>\n                                    <\/div>\n<\/p><\/div>\n<\/p><\/div>\n<div class=\"Amakkat\"><b>Original Article<\/b><\/div>\n<div class=\"ArticalEx1\">\n<div class=\"ArticleHeader\">\n                                    <a href=\"[get_bloginfo]url[\/get_bloginfo]\/ing\/abstract_mkid-7.html\"><br \/>\n                                        Adrenergic and Cholinergic Modulation of Spontaneous and Brain Stem Reticular Formation Stimulation Induced Desynchronization of the Cortical EEG in Freely Moving Behaving Cats<\/a>\n                                <\/div>\n<div class=\"ArticleAuthor\">\n                                    Stephen Thankachan,Fakhrul Islam,Birendra N. Mallick\n                                <\/div>\n<div class=\"ArticalFother\">\n<div class=\"ArticalKunye\" style=\"width: 440px;\">\n                                        Sleep and Hypnosis: A Journal of Clinical Neuroscience and Psychopathology 1999\n                                    <\/div>\n<div class=\"AnaMakdoi\">DOI: &#8211;<\/div>\n<div class=\"ArticalOzetBtn\">\n                                        <a href=\"[get_bloginfo]url[\/get_bloginfo]\/ing\/abstract_mkid-7.html\"><br \/>\n                                            <img decoding=\"async\" src=\"[get_bloginfo]url[\/get_bloginfo]\/files\/ing\/images\/template\/oztbtn.png\" alt=\"\"\/><\/a>\n                                    <\/div>\n<div class=\"ArticalPdfBtn\">\n                                        <a href=\"[get_bloginfo]url[\/get_bloginfo]\/files\/ing\/pdf\/8440f19b53c64f6695b919c8d99d235a.pdf\" target=\"_blank\" rel=\"noopener\"><br \/>\n                                            <img decoding=\"async\" src=\"[get_bloginfo]url[\/get_bloginfo]\/files\/ing\/images\/template\/pdfbtn.png\" alt=\"\"\/><\/a>\n                                    <\/div>\n<\/p><\/div>\n<\/p><\/div>\n<div class=\"Amakkat\"><b>Original Article<\/b><\/div>\n<div class=\"ArticalEx1\">\n<div class=\"ArticleHeader\">\n                                    <a href=\"[get_bloginfo]url[\/get_bloginfo]\/ing\/abstract_mkid-8.html\"><br \/>\n                                        Increasing the Temporal Resolution and Stage Specificity by Visual Adaptive Scoring (VAS) &#8211; A Preliminary Description<\/a>\n                                <\/div>\n<div class=\"ArticleAuthor\">\n                                    Sari-Leena Himanen, Antti Saastamoinen,Joel Hasan\n                                <\/div>\n<div class=\"ArticalFother\">\n<div class=\"ArticalKunye\" style=\"width: 440px;\">\n                                        Sleep and Hypnosis: A Journal of Clinical Neuroscience and Psychopathology 1999\n                                    <\/div>\n<div class=\"AnaMakdoi\">DOI: &#8211;<\/div>\n<div class=\"ArticalOzetBtn\">\n                                        <a href=\"[get_bloginfo]url[\/get_bloginfo]\/ing\/abstract_mkid-8.html\"><br \/>\n                                            <img decoding=\"async\" src=\"[get_bloginfo]url[\/get_bloginfo]\/files\/ing\/images\/template\/oztbtn.png\" alt=\"\"\/><\/a>\n                                    <\/div>\n<div class=\"ArticalPdfBtn\">\n                                        <a href=\"[get_bloginfo]url[\/get_bloginfo]\/files\/ing\/pdf\/8fbd0ccf85444c60ac12adbadaca0869.pdf\" target=\"_blank\" rel=\"noopener\"><br \/>\n                                            <img decoding=\"async\" src=\"[get_bloginfo]url[\/get_bloginfo]\/files\/ing\/images\/template\/pdfbtn.png\" alt=\"\"\/><\/a>\n                                    <\/div>\n<\/p><\/div>\n<\/p><\/div>\n<div class=\"Amakkat\"><b>Original Article<\/b><\/div>\n<div class=\"ArticalEx1\">\n<div class=\"ArticleHeader\">\n                                    <a href=\"[get_bloginfo]url[\/get_bloginfo]\/ing\/abstract_mkid-9.html\"><br \/>\n                                        Preliminary Encounters of UNIMAS Sleep Laboratory<\/a>\n                                <\/div>\n<div class=\"ArticleAuthor\">\n                                    Syed Hassan Almashoor, Abu Bakar, Rojey Berino\n                                <\/div>\n<div class=\"ArticalFother\">\n<div class=\"ArticalKunye\" style=\"width: 440px;\">\n                                        Sleep and Hypnosis: A Journal of Clinical Neuroscience and Psychopathology 1999\n                                    <\/div>\n<div class=\"AnaMakdoi\">DOI: &#8211;<\/div>\n<div class=\"ArticalOzetBtn\">\n                                        <a href=\"[get_bloginfo]url[\/get_bloginfo]\/ing\/abstract_mkid-9.html\"><br \/>\n                                            <img decoding=\"async\" src=\"[get_bloginfo]url[\/get_bloginfo]\/files\/ing\/images\/template\/oztbtn.png\" alt=\"\"\/><\/a>\n                                    <\/div>\n<div class=\"ArticalPdfBtn\">\n                                        <a href=\"[get_bloginfo]url[\/get_bloginfo]\/files\/ing\/pdf\/a610fe2c5fed4c97b3c5cdbcefbb4457.pdf\" target=\"_blank\" rel=\"noopener\"><br \/>\n                                            <img decoding=\"async\" src=\"[get_bloginfo]url[\/get_bloginfo]\/files\/ing\/images\/template\/pdfbtn.png\" alt=\"\"\/><\/a>\n                                    <\/div>\n<\/p><\/div>\n<\/p><\/div>\n<div class=\"Amakkat\"><b>Original Article<\/b><\/div>\n<div class=\"ArticalEx1\">\n<div class=\"ArticleHeader\">\n                                    <a href=\"[get_bloginfo]url[\/get_bloginfo]\/ing\/abstract_mkid-10.html\"><br \/>\n                                        REM Sleep Latency in Major Depressed Patients Predicts Mood Improvement After Transdermal Nicotine Administration<\/a>\n                                <\/div>\n<div class=\"ArticleAuthor\">\n                                    Rafael J. Sal\u00edn-Pascual, Lourdes Galicia-Polo\n                                <\/div>\n<div class=\"ArticalFother\">\n<div class=\"ArticalKunye\" style=\"width: 440px;\">\n                                        Sleep and Hypnosis: A Journal of Clinical Neuroscience and Psychopathology 1999\n                                    <\/div>\n<div class=\"AnaMakdoi\">DOI: &#8211;<\/div>\n<div class=\"ArticalOzetBtn\">\n                                        <a href=\"[get_bloginfo]url[\/get_bloginfo]\/ing\/abstract_mkid-10.html\"><br \/>\n                                            <img decoding=\"async\" src=\"[get_bloginfo]url[\/get_bloginfo]\/files\/ing\/images\/template\/oztbtn.png\" alt=\"\"\/><\/a>\n                                    <\/div>\n<div class=\"ArticalPdfBtn\">\n                                        <a href=\"[get_bloginfo]url[\/get_bloginfo]\/files\/ing\/pdf\/b9866c838d5349d49fc2c88749fceab9.pdf\" target=\"_blank\" rel=\"noopener\"><br \/>\n                                            <img decoding=\"async\" src=\"[get_bloginfo]url[\/get_bloginfo]\/files\/ing\/images\/template\/pdfbtn.png\" alt=\"\"\/><\/a>\n                                    <\/div>\n<\/p><\/div>\n<\/p><\/div>\n<div class=\"Amakkat\"><b>Original Article<\/b><\/div>\n<div class=\"ArticalEx1\">\n<div class=\"ArticleHeader\">\n                                    <a href=\"[get_bloginfo]url[\/get_bloginfo]\/ing\/abstract_mkid-11.html\"><br \/>\n                                        Dream Recall in Patients With Primary Alcoholism After Acute Withdrawal<\/a>\n                                <\/div>\n<div class=\"ArticleAuthor\">\n                                    Michael Schredl\n                                <\/div>\n<div class=\"ArticalFother\">\n<div class=\"ArticalKunye\" style=\"width: 440px;\">\n                                        Sleep and Hypnosis: A Journal of Clinical Neuroscience and Psychopathology 1999\n                                    <\/div>\n<div class=\"AnaMakdoi\">DOI: &#8211;<\/div>\n<div class=\"ArticalOzetBtn\">\n                                        <a href=\"[get_bloginfo]url[\/get_bloginfo]\/ing\/abstract_mkid-11.html\"><br \/>\n                                            <img decoding=\"async\" src=\"[get_bloginfo]url[\/get_bloginfo]\/files\/ing\/images\/template\/oztbtn.png\" alt=\"\"\/><\/a>\n                                    <\/div>\n<div class=\"ArticalPdfBtn\">\n                                        <a href=\"[get_bloginfo]url[\/get_bloginfo]\/files\/ing\/pdf\/ce0de18df89948a3bfa6a23dace2aeb2.pdf\" target=\"_blank\" rel=\"noopener\"><br \/>\n                                            <img decoding=\"async\" src=\"[get_bloginfo]url[\/get_bloginfo]\/files\/ing\/images\/template\/pdfbtn.png\" alt=\"\"\/><\/a>\n                                    <\/div>\n<\/p><\/div>\n<\/p><\/div>\n<div class=\"Amakkat\"><b>Original Article<\/b><\/div>\n<div class=\"ArticalEx1\">\n<div class=\"ArticleHeader\">\n                                    <a href=\"[get_bloginfo]url[\/get_bloginfo]\/ing\/abstract_mkid-12.html\"><br \/>\n                                        Development and Validation of a Dream Content Questionnaire for School Age Children<\/a>\n                                <\/div>\n<div class=\"ArticleAuthor\">\n                                    Oliviero Bruni,Floriana Lo Reto,Annamaria Recine,Salvatore Ottaviano,Vincenzo Guidetti\n                                <\/div>\n<div class=\"ArticalFother\">\n<div class=\"ArticalKunye\" style=\"width: 440px;\">\n                                        Sleep and Hypnosis: A Journal of Clinical Neuroscience and Psychopathology 1999\n                                    <\/div>\n<div class=\"AnaMakdoi\">DOI: &#8211;<\/div>\n<div class=\"ArticalOzetBtn\">\n                                        <a href=\"[get_bloginfo]url[\/get_bloginfo]\/ing\/abstract_mkid-12.html\"><br \/>\n                                            <img decoding=\"async\" src=\"[get_bloginfo]url[\/get_bloginfo]\/files\/ing\/images\/template\/oztbtn.png\" alt=\"\"\/><\/a>\n                                    <\/div>\n<div class=\"ArticalPdfBtn\">\n                                        <a href=\"[get_bloginfo]url[\/get_bloginfo]\/files\/ing\/pdf\/74f166b5e9714e1b8e08bcfa0577b71e.pdf\" target=\"_blank\" rel=\"noopener\"><br \/>\n                                            <img decoding=\"async\" src=\"[get_bloginfo]url[\/get_bloginfo]\/files\/ing\/images\/template\/pdfbtn.png\" alt=\"\"\/><\/a>\n                                    <\/div>\n<\/p><\/div>\n<\/p><\/div>\n<div class=\"Amakkat\"><b>Original Article<\/b><\/div>\n<div class=\"ArticalEx1\">\n<div class=\"ArticleHeader\">\n                                    <a href=\"[get_bloginfo]url[\/get_bloginfo]\/ing\/abstract_mkid-13.html\"><br \/>\n                                        Ericksonian Hypnosis: A Review Of the Empirical Data<\/a>\n                                <\/div>\n<div class=\"ArticleAuthor\">\n                                    William J. Matthews, James Conti,Lorrie Starr\n                                <\/div>\n<div class=\"ArticalFother\">\n<div class=\"ArticalKunye\" style=\"width: 440px;\">\n                                        Sleep and Hypnosis: A Journal of Clinical Neuroscience and Psychopathology 1999\n                                    <\/div>\n<div class=\"AnaMakdoi\">DOI: &#8211;<\/div>\n<div class=\"ArticalOzetBtn\">\n                                        <a href=\"[get_bloginfo]url[\/get_bloginfo]\/ing\/abstract_mkid-13.html\"><br \/>\n                                            <img decoding=\"async\" src=\"[get_bloginfo]url[\/get_bloginfo]\/files\/ing\/images\/template\/oztbtn.png\" alt=\"\"\/><\/a>\n                                    <\/div>\n<div class=\"ArticalPdfBtn\">\n                                        <a href=\"[get_bloginfo]url[\/get_bloginfo]\/files\/ing\/pdf\/1c211e6eed3647b883972bd90ecb85ab.pdf\" target=\"_blank\" rel=\"noopener\"><br \/>\n                                            <img decoding=\"async\" src=\"[get_bloginfo]url[\/get_bloginfo]\/files\/ing\/images\/template\/pdfbtn.png\" alt=\"\"\/><\/a>\n                                    <\/div>\n<\/p><\/div>\n<\/p><\/div>\n<div class=\"Amakkat\"><b>Original Article<\/b><\/div>\n<div class=\"ArticalEx1\">\n<div class=\"ArticleHeader\">\n                                    <a href=\"[get_bloginfo]url[\/get_bloginfo]\/ing\/abstract_mkid-14.html\"><br \/>\n                                        Posthypnotic Suggestion: Attention, Awareness, and Automaticity<\/a>\n                                <\/div>\n<div class=\"ArticleAuthor\">\n                                    Amanda J. Barnier\n                                <\/div>\n<div class=\"ArticalFother\">\n<div class=\"ArticalKunye\" style=\"width: 440px;\">\n                                        Sleep and Hypnosis: A Journal of Clinical Neuroscience and Psychopathology 1999\n                                    <\/div>\n<div class=\"AnaMakdoi\">DOI: &#8211;<\/div>\n<div class=\"ArticalOzetBtn\">\n                                        <a href=\"[get_bloginfo]url[\/get_bloginfo]\/ing\/abstract_mkid-14.html\"><br \/>\n                                            <img decoding=\"async\" src=\"[get_bloginfo]url[\/get_bloginfo]\/files\/ing\/images\/template\/oztbtn.png\" alt=\"\"\/><\/a>\n                                    <\/div>\n<div class=\"ArticalPdfBtn\">\n                                        <a href=\"[get_bloginfo]url[\/get_bloginfo]\/files\/ing\/pdf\/63790b4456c24c56848e1d924d7b0847.pdf\" target=\"_blank\" rel=\"noopener\"><br \/>\n                                            <img decoding=\"async\" src=\"[get_bloginfo]url[\/get_bloginfo]\/files\/ing\/images\/template\/pdfbtn.png\" alt=\"\"\/><\/a>\n                                    <\/div>\n<\/p><\/div>\n<\/p><\/div>\n<div class=\"Amakkat\"><b>Original Article<\/b><\/div>\n<div class=\"ArticalEx1\">\n<div class=\"ArticleHeader\">\n                                    <a href=\"[get_bloginfo]url[\/get_bloginfo]\/ing\/abstract_mkid-15.html\"><br \/>\n                                        Hypnotic Relaxation and Insomnia: A Simple Solution?<\/a>\n                                <\/div>\n<div class=\"ArticleAuthor\">\n                                    Harry E. Stanton\n                                <\/div>\n<div class=\"ArticalFother\">\n<div class=\"ArticalKunye\" style=\"width: 440px;\">\n                                        Sleep and Hypnosis: A Journal of Clinical Neuroscience and Psychopathology 1999\n                                    <\/div>\n<div class=\"AnaMakdoi\">DOI: &#8211;<\/div>\n<div class=\"ArticalOzetBtn\">\n                                        <a href=\"[get_bloginfo]url[\/get_bloginfo]\/ing\/abstract_mkid-15.html\"><br \/>\n                                            <img decoding=\"async\" src=\"[get_bloginfo]url[\/get_bloginfo]\/files\/ing\/images\/template\/oztbtn.png\" alt=\"\"\/><\/a>\n                                    <\/div>\n<div class=\"ArticalPdfBtn\">\n                                        <a href=\"[get_bloginfo]url[\/get_bloginfo]\/files\/ing\/pdf\/5a7ec6f515ba47e9b5295fff2e7702cf.pdf\" target=\"_blank\" rel=\"noopener\"><br \/>\n                                            <img decoding=\"async\" src=\"[get_bloginfo]url[\/get_bloginfo]\/files\/ing\/images\/template\/pdfbtn.png\" alt=\"\"\/><\/a>\n                                    <\/div>\n<\/p><\/div>\n<\/p><\/div>\n<\/p><\/div>\n","protected":false},"excerpt":{"rendered":"<p>Editorial A New Multidisciplinary Journal Mehmed Y\u00fccel A\u011farg\u00fcn Sleep and Hypnosis: A Journal of Clinical Neuroscience and Psychopathology 1999 DOI: &#8211; Original Article Role of the Preoptic Area in the Interrelationship Between Thermoregulatory and Sleep Regulatory Mechanisms Velayudhan Mohan Kumar Sleep and Hypnosis: A Journal of Clinical Neuroscience and Psychopathology 1999 DOI: &#8211; Original Article [&hellip;]<\/p>\n","protected":false},"author":0,"featured_media":0,"parent":0,"menu_order":0,"comment_status":"closed","ping_status":"closed","template":"","meta":{"om_disable_all_campaigns":false,"footnotes":""},"class_list":["post-665","page","type-page","status-publish","hentry","post-wrapper","thrv_wrapper"],"aioseo_notices":[],"_links":{"self":[{"href":"https:\/\/sleepandhypnosis.org\/research\/wp-json\/wp\/v2\/pages\/665","targetHints":{"allow":["GET"]}}],"collection":[{"href":"https:\/\/sleepandhypnosis.org\/research\/wp-json\/wp\/v2\/pages"}],"about":[{"href":"https:\/\/sleepandhypnosis.org\/research\/wp-json\/wp\/v2\/types\/page"}],"replies":[{"embeddable":true,"href":"https:\/\/sleepandhypnosis.org\/research\/wp-json\/wp\/v2\/comments?post=665"}],"version-history":[{"count":0,"href":"https:\/\/sleepandhypnosis.org\/research\/wp-json\/wp\/v2\/pages\/665\/revisions"}],"wp:attachment":[{"href":"https:\/\/sleepandhypnosis.org\/research\/wp-json\/wp\/v2\/media?parent=665"}],"curies":[{"name":"wp","href":"https:\/\/api.w.org\/{rel}","templated":true}]}}