{"id":654,"date":"2024-06-20T17:06:27","date_gmt":"2024-06-20T17:06:27","guid":{"rendered":"http:\/\/sleepandhypnosis.org\/research\/abstract-mkid-91\/"},"modified":"2024-06-20T17:06:27","modified_gmt":"2024-06-20T17:06:27","slug":"abstract-mkid-91","status":"publish","type":"page","link":"https:\/\/sleepandhypnosis.org\/research\/abstract-mkid-91\/","title":{"rendered":"Abstract Mkid 91"},"content":{"rendered":"<div class=\"SectionUst\">\n<div class=\"SectionSlayt\">\n<div><img decoding=\"async\" src=\"[get_bloginfo]url[\/get_bloginfo]\/files\/ing\/images\/banner\/9b4cdc717.png\" alt=\"\"\/><\/div>\n<\/p><\/div>\n<div class=\"SectionLogin\">\n<div class=\"ScopeMedmnu\">\n<div class=\"ScopeBaslik\">\n                        SUBMIT YOUR MANUSCRIPT<\/div>\n<div class=\"ScopeLink\">\n<div class=\"Newuser Scolinkstil\">\n                            <b>Register<\/b>\n                        <\/div>\n<div class=\"gouser Scolinkstil\">\n                            <b>Author Login<\/b><\/div>\n<div class=\"reviewer Scolinkstil\">\n                            <a href=\"http:\/\/www.ejmanager.com\/reviewers\/index.php?isl=login\" target=\"_blank\" rel=\"noopener\"><b>Reviewer Login<\/b><\/a><\/div>\n<div class=\"telif Scolinkstil\">\n                            <a href=\"[get_bloginfo]url[\/get_bloginfo]\/files\/word\/copyrighttransferform.pdf\" target=\"_blank\" rel=\"noopener\">\u00a9 Copyright Transfer Form<\/a><\/div>\n<\/p><\/div>\n<div style=\"float:left; margin-top:125px; margin-left:70px;\">\n                    <!-- Go to www.addthis.com\/dashboard to customize your tools --><\/p>\n<div class=\"addthis_sharing_toolbox\"><\/div>\n<\/p><\/div>\n<\/p><\/div>\n<\/p><\/div>\n<\/p><\/div>\n<p>        <!----SayfaORtas\u0131bitiyor---><br \/>\n    <!---SayfaOrtaYazilariBas\u015fliyot---><\/p>\n<div class=\"ArticleTitle\">\n<div class=\"ABaslik\">\n        <\/div>\n<\/p><\/div>\n<div class=\"ArticleX\">\n<div class=\"leftArticlecover\">\n<div class=\"covarticle\">\n<div class=\"Baslik\">\n                    Dream Anxiety Level in Patients with Major Depression\n                <\/div>\n<div class=\"icerikyazar\">\n                    Mustafa Bilici, Kemal Yaz\u0131c\u0131, \u00d6mer Akil \u00d6zer, \u00d6nder Kavak\u00e7\u0131\n                <\/div>\n<div style=\"float: left; font-size: 14px; margin-top: 20px; padding-top: 2px; margin-bottom: 20px; color: #666666; font-style: italic;\">Sleep and Hypnosis: A Journal of Clinical Neuroscience and Psychopathology 2002;4(1):15-21<\/div>\n<div style=\"float: left; margin-top: 20px; margin-bottom: 20px;\">\n                    <!-- Go to www.addthis.com\/dashboard to customize your tools --><\/p>\n<div class=\"addthis_native_toolbox\"><\/div>\n<\/p><\/div>\n<div class=\"icerikyazi\">\n                    Disturbances of sleep pattern and dream experience are quite common in patients with major depression (MD). The aim of this study was to compare patients with or without melancholic features and controls with respect to dream anxiety. Fifteen depressive patients with melancholic features (MD+M), 23 patients without melancholic features (MD-M), and 41 healthy controls were included in the study. Data were collected by using Hamilton Rating Scale for Depression (HRSD), Hamilton Anxiety Scale (HAS), Van Dream Anxiety Scale (VDAS), Pittsburgh Sleep Quality Index (PSQI) and Dream Diary. Statistical analyses displayed that VDAS and PSQI scores were significantly higher in the MD+M group compared to the MD-M group and the control group. In addition, there was a significant positive correlation between VDAS scores and HRSD, HAS and PSQI scores of the patients. VDAS score was identified as the variable most significantly discriminating the three groups from each other. Based on these findings, we may suggest that the level of dream anxiety is high in patients with MD, particularly in those with melancholic features, and that the level of dream anxiety can be used to discriminant cases with melancholic features from those without melancholic features.\n                <\/div>\n<div class=\"icerikkeyw\">\n                    <b>Keywords:<\/b><br \/>\n                    major depression, melancholia, dream anxiety, sleep quality\n                <\/div>\n<div class=\"down\">\n                    <a href=\"[get_bloginfo]url[\/get_bloginfo]\/files\/ing\/pdf\/4a3f775c2ef647659caf14fe79ad227a.pdf\" rel=\"nofollow noopener\" target=\"_blank\"><br \/>\n                        <img decoding=\"async\" src=\"[get_bloginfo]url[\/get_bloginfo]\/files\/ing\/images\/template\/pdftambtn.png\" alt=\"indir\"\/><\/a><br \/>\n                    <br class=\"m3ncsyod40qcuw2zf\"\/><br \/>\n                    <br class=\"m3ncsyod40qcuw2zf\"\/>\n                <\/div>\n<\/p><\/div>\n<\/p><\/div>\n<div class=\"RightArticle\">\n<div class=\"RightBlokExp\" onclick=\"location.href='guideforauthors.aspx'\">\n                <img decoding=\"async\" src=\"[get_bloginfo]url[\/get_bloginfo]\/files\/ing\/images\/template\/guide.png\" alt=\"\"\/><b>GUIDE FOR AUTHORS<\/b>\n            <\/div>\n<div class=\"RightBlokExp\" onclick=\"location.href='editorialboard.aspx'\">\n                <img decoding=\"async\" src=\"[get_bloginfo]url[\/get_bloginfo]\/files\/ing\/images\/template\/team.png\" alt=\"\"\/><b>EDITORIAL BOARD<\/b>\n            <\/div>\n<div class=\"RightBlokExp\" onclick=\"location.href='about.aspx'\">\n                <img decoding=\"async\" src=\"[get_bloginfo]url[\/get_bloginfo]\/files\/ing\/images\/template\/about.png\" alt=\"\"\/><b>ABOUT JOURNAL<\/b>\n            <\/div>\n<div class=\"RightBlokExp\" onclick=\"location.href='indexing.aspx'\">\n                <img decoding=\"async\" src=\"[get_bloginfo]url[\/get_bloginfo]\/files\/ing\/images\/template\/index.png\" alt=\"\"\/><b>INDEXED IN<\/b>\n            <\/div>\n<div class=\"RightBlokExp\" onclick=\"location.href='aheadofprint.aspx'\">\n                <img decoding=\"async\" src=\"[get_bloginfo]url[\/get_bloginfo]\/files\/ing\/images\/template\/sonlinefirst.png\" alt=\"\"\/><b>AHEAD OF PRINT<\/b>\n            <\/div>\n<div class=\"RightBlokExp\" onclick=\"location.href='archive.aspx'\">\n                <img decoding=\"async\" src=\"[get_bloginfo]url[\/get_bloginfo]\/files\/ing\/images\/template\/sarsiv.png\" alt=\"\"\/><b>ARCHIVES<\/b>\n            <\/div>\n<div class=\"RightBlokExp\" onclick=\"location.href='[get_bloginfo]url[\/get_bloginfo]\/ing\/default.html'\">\n                <img decoding=\"async\" src=\"[get_bloginfo]url[\/get_bloginfo]\/files\/ing\/images\/template\/new.png\" alt=\"\"\/><b>CURRENT ISSUE<\/b>\n            <\/div>\n<div class=\"RightBlokExp\" onclick=\"location.href='contact.aspx'\">\n                <img decoding=\"async\" src=\"[get_bloginfo]url[\/get_bloginfo]\/files\/ing\/images\/template\/contact.png\" alt=\"\"\/><b>CONTACT US<\/b>\n            <\/div>\n<\/p><\/div>\n<\/p><\/div>\n<p>    <!---SayfaOrtaYazilariBitiyor---><br \/>\n        <!---Fotterstart---><\/p>\n","protected":false},"excerpt":{"rendered":"<p>SUBMIT YOUR MANUSCRIPT Register Author Login Reviewer Login \u00a9 Copyright Transfer Form Dream Anxiety Level in Patients with Major Depression Mustafa Bilici, Kemal Yaz\u0131c\u0131, \u00d6mer Akil \u00d6zer, \u00d6nder Kavak\u00e7\u0131 Sleep and Hypnosis: A Journal of Clinical Neuroscience and Psychopathology 2002;4(1):15-21 Disturbances of sleep pattern and dream experience are quite common in patients with major depression [&hellip;]<\/p>\n","protected":false},"author":0,"featured_media":0,"parent":0,"menu_order":0,"comment_status":"closed","ping_status":"closed","template":"template_3.php","meta":{"om_disable_all_campaigns":false,"footnotes":""},"class_list":["post-654","page","type-page","status-publish","hentry","post-wrapper","thrv_wrapper"],"aioseo_notices":[],"_links":{"self":[{"href":"https:\/\/sleepandhypnosis.org\/research\/wp-json\/wp\/v2\/pages\/654","targetHints":{"allow":["GET"]}}],"collection":[{"href":"https:\/\/sleepandhypnosis.org\/research\/wp-json\/wp\/v2\/pages"}],"about":[{"href":"https:\/\/sleepandhypnosis.org\/research\/wp-json\/wp\/v2\/types\/page"}],"replies":[{"embeddable":true,"href":"https:\/\/sleepandhypnosis.org\/research\/wp-json\/wp\/v2\/comments?post=654"}],"version-history":[{"count":0,"href":"https:\/\/sleepandhypnosis.org\/research\/wp-json\/wp\/v2\/pages\/654\/revisions"}],"wp:attachment":[{"href":"https:\/\/sleepandhypnosis.org\/research\/wp-json\/wp\/v2\/media?parent=654"}],"curies":[{"name":"wp","href":"https:\/\/api.w.org\/{rel}","templated":true}]}}