{"id":648,"date":"2024-06-20T17:06:26","date_gmt":"2024-06-20T17:06:26","guid":{"rendered":"http:\/\/sleepandhypnosis.org\/research\/abstract-mkid-86\/"},"modified":"2024-06-20T17:06:26","modified_gmt":"2024-06-20T17:06:26","slug":"abstract-mkid-86","status":"publish","type":"page","link":"https:\/\/sleepandhypnosis.org\/research\/abstract-mkid-86\/","title":{"rendered":"Abstract Mkid 86"},"content":{"rendered":"<div class=\"SectionUst\">\n<div class=\"SectionSlayt\">\n<div><img decoding=\"async\" src=\"[get_bloginfo]url[\/get_bloginfo]\/files\/ing\/images\/banner\/9b4cdc717.png\" alt=\"\"\/><\/div>\n<\/p><\/div>\n<div class=\"SectionLogin\">\n<div class=\"ScopeMedmnu\">\n<div class=\"ScopeBaslik\">\n                        SUBMIT YOUR MANUSCRIPT<\/div>\n<div class=\"ScopeLink\">\n<div class=\"Newuser Scolinkstil\">\n                            <b>Register<\/b>\n                        <\/div>\n<div class=\"gouser Scolinkstil\">\n                            <b>Author Login<\/b><\/div>\n<div class=\"reviewer Scolinkstil\">\n                            <a href=\"http:\/\/www.ejmanager.com\/reviewers\/index.php?isl=login\" target=\"_blank\" rel=\"noopener\"><b>Reviewer Login<\/b><\/a><\/div>\n<div class=\"telif Scolinkstil\">\n                            <a href=\"[get_bloginfo]url[\/get_bloginfo]\/files\/word\/copyrighttransferform.pdf\" target=\"_blank\" rel=\"noopener\">\u00a9 Copyright Transfer Form<\/a><\/div>\n<\/p><\/div>\n<div style=\"float:left; margin-top:125px; margin-left:70px;\">\n                    <!-- Go to www.addthis.com\/dashboard to customize your tools --><\/p>\n<div class=\"addthis_sharing_toolbox\"><\/div>\n<\/p><\/div>\n<\/p><\/div>\n<\/p><\/div>\n<\/p><\/div>\n<p>        <!----SayfaORtas\u0131bitiyor---><br \/>\n    <!---SayfaOrtaYazilariBas\u015fliyot---><\/p>\n<div class=\"ArticleTitle\">\n<div class=\"ABaslik\">\n        <\/div>\n<\/p><\/div>\n<div class=\"ArticleX\">\n<div class=\"leftArticlecover\">\n<div class=\"covarticle\">\n<div class=\"Baslik\">\n                    Characteristics of Patients With Nocturnal Dissociative Disorders\n                <\/div>\n<div class=\"icerikyazar\">\n                    Mehmet Y\u00fccel A\u011farg\u00fcn, Hayrettin Kara, \u00d6mer Akil \u00d6zer,Umit Semiz, Yavuz Selvi, \u00dcmit K\u0131ran, Temel Tombul\n                <\/div>\n<div style=\"float: left; font-size: 14px; margin-top: 20px; padding-top: 2px; margin-bottom: 20px; color: #666666; font-style: italic;\">Sleep and Hypnosis: A Journal of Clinical Neuroscience and Psychopathology 2001;3(4):131-134<\/div>\n<div style=\"float: left; margin-top: 20px; margin-bottom: 20px;\">\n                    <!-- Go to www.addthis.com\/dashboard to customize your tools --><\/p>\n<div class=\"addthis_native_toolbox\"><\/div>\n<\/p><\/div>\n<div class=\"icerikyazi\">\n                    Frequency of nocturnal dissociative episodes (NDE) in patients with dissociative disorders (DD) was determined and clinical characteristics of patients with nocturnal dissociative disorders was compared with those DD only. Extensive overnight polysomnographic monitoring with nocturnal video-polysomnography was performed in 8 patients with NDE and 21 patients with DD only. We found a 27.5% prevalence of NDE in patients with DD. A clear transition from one personality to another was observed during sleep in 2 (about 7%) patients. Hallucinations, self-mutilating behaviors during sleep, and violent behavior during sleep were more common in the patients with NDE. Sleep may facilitate the transition from one personality to the other one. Patients with DD may use dissociation as a defense mechanism during sleep.\n                <\/div>\n<div class=\"icerikkeyw\">\n                    <b>Keywords:<\/b><br \/>\n                    sleep\/wakefulness dissociation, dissociative disorders, sleep-related<br \/>\nviolence\n                <\/div>\n<div class=\"down\">\n                    <a href=\"[get_bloginfo]url[\/get_bloginfo]\/files\/ing\/pdf\/9638dac6709b48ab9066b18d00ddf268.pdf\" rel=\"nofollow noopener\" target=\"_blank\"><br \/>\n                        <img decoding=\"async\" src=\"[get_bloginfo]url[\/get_bloginfo]\/files\/ing\/images\/template\/pdftambtn.png\" alt=\"indir\"\/><\/a><br \/>\n                    <br class=\"m3ncsyod40qcuw2zf\"\/><br \/>\n                    <br class=\"m3ncsyod40qcuw2zf\"\/>\n                <\/div>\n<\/p><\/div>\n<\/p><\/div>\n<div class=\"RightArticle\">\n<div class=\"RightBlokExp\" onclick=\"location.href='guideforauthors.aspx'\">\n                <img decoding=\"async\" src=\"[get_bloginfo]url[\/get_bloginfo]\/files\/ing\/images\/template\/guide.png\" alt=\"\"\/><b>GUIDE FOR AUTHORS<\/b>\n            <\/div>\n<div class=\"RightBlokExp\" onclick=\"location.href='editorialboard.aspx'\">\n                <img decoding=\"async\" src=\"[get_bloginfo]url[\/get_bloginfo]\/files\/ing\/images\/template\/team.png\" alt=\"\"\/><b>EDITORIAL BOARD<\/b>\n            <\/div>\n<div class=\"RightBlokExp\" onclick=\"location.href='about.aspx'\">\n                <img decoding=\"async\" src=\"[get_bloginfo]url[\/get_bloginfo]\/files\/ing\/images\/template\/about.png\" alt=\"\"\/><b>ABOUT JOURNAL<\/b>\n            <\/div>\n<div class=\"RightBlokExp\" onclick=\"location.href='indexing.aspx'\">\n                <img decoding=\"async\" src=\"[get_bloginfo]url[\/get_bloginfo]\/files\/ing\/images\/template\/index.png\" alt=\"\"\/><b>INDEXED IN<\/b>\n            <\/div>\n<div class=\"RightBlokExp\" onclick=\"location.href='aheadofprint.aspx'\">\n                <img decoding=\"async\" src=\"[get_bloginfo]url[\/get_bloginfo]\/files\/ing\/images\/template\/sonlinefirst.png\" alt=\"\"\/><b>AHEAD OF PRINT<\/b>\n            <\/div>\n<div class=\"RightBlokExp\" onclick=\"location.href='archive.aspx'\">\n                <img decoding=\"async\" src=\"[get_bloginfo]url[\/get_bloginfo]\/files\/ing\/images\/template\/sarsiv.png\" alt=\"\"\/><b>ARCHIVES<\/b>\n            <\/div>\n<div class=\"RightBlokExp\" onclick=\"location.href='[get_bloginfo]url[\/get_bloginfo]\/ing\/default.html'\">\n                <img decoding=\"async\" src=\"[get_bloginfo]url[\/get_bloginfo]\/files\/ing\/images\/template\/new.png\" alt=\"\"\/><b>CURRENT ISSUE<\/b>\n            <\/div>\n<div class=\"RightBlokExp\" onclick=\"location.href='contact.aspx'\">\n                <img decoding=\"async\" src=\"[get_bloginfo]url[\/get_bloginfo]\/files\/ing\/images\/template\/contact.png\" alt=\"\"\/><b>CONTACT US<\/b>\n            <\/div>\n<\/p><\/div>\n<\/p><\/div>\n<p>    <!---SayfaOrtaYazilariBitiyor---><br \/>\n        <!---Fotterstart---><\/p>\n","protected":false},"excerpt":{"rendered":"<p>SUBMIT YOUR MANUSCRIPT Register Author Login Reviewer Login \u00a9 Copyright Transfer Form Characteristics of Patients With Nocturnal Dissociative Disorders Mehmet Y\u00fccel A\u011farg\u00fcn, Hayrettin Kara, \u00d6mer Akil \u00d6zer,Umit Semiz, Yavuz Selvi, \u00dcmit K\u0131ran, Temel Tombul Sleep and Hypnosis: A Journal of Clinical Neuroscience and Psychopathology 2001;3(4):131-134 Frequency of nocturnal dissociative episodes (NDE) in patients with dissociative [&hellip;]<\/p>\n","protected":false},"author":0,"featured_media":0,"parent":0,"menu_order":0,"comment_status":"closed","ping_status":"closed","template":"template_3.php","meta":{"om_disable_all_campaigns":false,"footnotes":""},"class_list":["post-648","page","type-page","status-publish","hentry","post-wrapper","thrv_wrapper"],"aioseo_notices":[],"_links":{"self":[{"href":"https:\/\/sleepandhypnosis.org\/research\/wp-json\/wp\/v2\/pages\/648","targetHints":{"allow":["GET"]}}],"collection":[{"href":"https:\/\/sleepandhypnosis.org\/research\/wp-json\/wp\/v2\/pages"}],"about":[{"href":"https:\/\/sleepandhypnosis.org\/research\/wp-json\/wp\/v2\/types\/page"}],"replies":[{"embeddable":true,"href":"https:\/\/sleepandhypnosis.org\/research\/wp-json\/wp\/v2\/comments?post=648"}],"version-history":[{"count":0,"href":"https:\/\/sleepandhypnosis.org\/research\/wp-json\/wp\/v2\/pages\/648\/revisions"}],"wp:attachment":[{"href":"https:\/\/sleepandhypnosis.org\/research\/wp-json\/wp\/v2\/media?parent=648"}],"curies":[{"name":"wp","href":"https:\/\/api.w.org\/{rel}","templated":true}]}}