{"id":576,"date":"2024-06-20T17:06:21","date_gmt":"2024-06-20T17:06:21","guid":{"rendered":"http:\/\/sleepandhypnosis.org\/research\/abstract-mkid-313\/"},"modified":"2024-06-20T17:06:21","modified_gmt":"2024-06-20T17:06:21","slug":"abstract-mkid-313","status":"publish","type":"page","link":"https:\/\/sleepandhypnosis.org\/research\/abstract-mkid-313\/","title":{"rendered":"Abstract Mkid 313"},"content":{"rendered":"<div class=\"SectionUst\">\n<div class=\"SectionSlayt\">\n<div><img decoding=\"async\" src=\"[get_bloginfo]url[\/get_bloginfo]\/files\/ing\/images\/banner\/9b4cdc717.png\" alt=\"\"\/><\/div>\n<\/p><\/div>\n<div class=\"SectionLogin\">\n<div class=\"ScopeMedmnu\">\n<div class=\"ScopeBaslik\">\n                        SUBMIT YOUR MANUSCRIPT<\/div>\n<div class=\"ScopeLink\">\n<div class=\"Newuser Scolinkstil\">\n                            <b>Register<\/b>\n                        <\/div>\n<div class=\"gouser Scolinkstil\">\n                            <b>Author Login<\/b><\/div>\n<div class=\"reviewer Scolinkstil\">\n                            <a href=\"http:\/\/www.ejmanager.com\/reviewers\/index.php?isl=login\" target=\"_blank\" rel=\"noopener\"><b>Reviewer Login<\/b><\/a><\/div>\n<div class=\"telif Scolinkstil\">\n                            <a href=\"[get_bloginfo]url[\/get_bloginfo]\/files\/word\/copyrighttransferform.pdf\" target=\"_blank\" rel=\"noopener\">\u00a9 Copyright Transfer Form<\/a><\/div>\n<\/p><\/div>\n<div style=\"float:left; margin-top:125px; margin-left:70px;\">\n                    <!-- Go to www.addthis.com\/dashboard to customize your tools --><\/p>\n<div class=\"addthis_sharing_toolbox\"><\/div>\n<\/p><\/div>\n<\/p><\/div>\n<\/p><\/div>\n<\/p><\/div>\n<p>        <!----SayfaORtas\u0131bitiyor---><br \/>\n    <!---SayfaOrtaYazilariBas\u015fliyot---><\/p>\n<div class=\"ArticleTitle\">\n<div class=\"ABaslik\">\n        <\/div>\n<\/p><\/div>\n<div class=\"ArticleX\">\n<div class=\"leftArticlecover\">\n<div class=\"covarticle\">\n<div class=\"Baslik\">\n                     Parental Influence on Sleep Habits and Problems in Preschool Children\n                <\/div>\n<div class=\"icerikyazar\">\n                    Elif Yal\u00e7\u0131nta\u015f Sezgin, Leyla Ulus\n                <\/div>\n<div style=\"float: left; font-size: 14px; margin-top: 20px; padding-top: 2px; margin-bottom: 20px; color: #666666; font-style: italic;\">Sleep and Hypnosis: A Journal of Clinical Neuroscience and Psychopathology 2019;21(4):281-292<\/div>\n<div class=\"doilink\"><a href=\"https:\/\/dx.doi.org\/10.37133\/Sleep.Hypn.2019.21.0196\" target=\"_blank\" rel=\"noopener\">http:\/\/dx.doi.org\/10.37133\/Sleep.Hypn.2019.21.0196<\/a><\/div>\n<div style=\"float: left; margin-top: 20px; margin-bottom: 20px;\">\n                    <!-- Go to www.addthis.com\/dashboard to customize your tools --><\/p>\n<div class=\"addthis_native_toolbox\"><\/div>\n<\/p><\/div>\n<div class=\"icerikyazi\">\n                    <span style=\"color: #666666;\">The aim of this study was to evaluate preschool children\u2019s sleep habits, determine parental behaviours that affect these sleep habits, and examine the potential factors that cause sleep problems. 400 children aged 5-6 and their mothers participated in the study. A Child Information Form and Sleep Habits Questionnaire were applied to the mothers. In this way, the children\u2019s resistance to bedtime, delay in falling asleep, sleep duration, sleep anxiety, waking during the night, parasomnias, sleep-disordered breathing, and daytime sleepiness were evaluated. The results of the study revealed that six-year-old children\u2019s scores in the&nbsp;<\/span><i style=\"color: #666666;\">sleep habits and problems scale&nbsp;<\/i><span style=\"color: #666666;\">were higher than those of five-year-olds, and that sleep duration decreased in six-year-olds. In the study, when&nbsp;<\/span><i style=\"color: #666666;\">varieties of sleep problems<\/i><span style=\"color: #666666;\">&nbsp;were examined, it was found that children sleeping in the same bed as their parents had more sleep problems, and that as length of time spent sleeping together increased, sleep problems also increased.<\/span>\n                <\/div>\n<div class=\"icerikkeyw\">\n                    <b>Keywords:<\/b><br \/>\n                    Sleep habits, Sleep problems, Bed-sharing, Sleeping together, Preschool\n                <\/div>\n<div class=\"down\">\n                    <a href=\"[get_bloginfo]url[\/get_bloginfo]\/files\/ing\/pdf\/140940f971234a06af0e04c335d9ff7f.pdf\" rel=\"nofollow noopener\" target=\"_blank\"><br \/>\n                        <img decoding=\"async\" src=\"[get_bloginfo]url[\/get_bloginfo]\/files\/ing\/images\/template\/pdftambtn.png\" alt=\"indir\"\/><\/a><br \/>\n                    <br class=\"m3ncsyod40qcuw2zf\"\/><br \/>\n                    <br class=\"m3ncsyod40qcuw2zf\"\/>\n                <\/div>\n<\/p><\/div>\n<\/p><\/div>\n<div class=\"RightArticle\">\n<div class=\"RightBlokExp\" onclick=\"location.href='guideforauthors.aspx'\">\n                <img decoding=\"async\" src=\"[get_bloginfo]url[\/get_bloginfo]\/files\/ing\/images\/template\/guide.png\" alt=\"\"\/><b>GUIDE FOR AUTHORS<\/b>\n            <\/div>\n<div class=\"RightBlokExp\" onclick=\"location.href='editorialboard.aspx'\">\n                <img decoding=\"async\" src=\"[get_bloginfo]url[\/get_bloginfo]\/files\/ing\/images\/template\/team.png\" alt=\"\"\/><b>EDITORIAL BOARD<\/b>\n            <\/div>\n<div class=\"RightBlokExp\" onclick=\"location.href='about.aspx'\">\n                <img decoding=\"async\" src=\"[get_bloginfo]url[\/get_bloginfo]\/files\/ing\/images\/template\/about.png\" alt=\"\"\/><b>ABOUT JOURNAL<\/b>\n            <\/div>\n<div class=\"RightBlokExp\" onclick=\"location.href='indexing.aspx'\">\n                <img decoding=\"async\" src=\"[get_bloginfo]url[\/get_bloginfo]\/files\/ing\/images\/template\/index.png\" alt=\"\"\/><b>INDEXED IN<\/b>\n            <\/div>\n<div class=\"RightBlokExp\" onclick=\"location.href='aheadofprint.aspx'\">\n                <img decoding=\"async\" src=\"[get_bloginfo]url[\/get_bloginfo]\/files\/ing\/images\/template\/sonlinefirst.png\" alt=\"\"\/><b>AHEAD OF PRINT<\/b>\n            <\/div>\n<div class=\"RightBlokExp\" onclick=\"location.href='archive.aspx'\">\n                <img decoding=\"async\" src=\"[get_bloginfo]url[\/get_bloginfo]\/files\/ing\/images\/template\/sarsiv.png\" alt=\"\"\/><b>ARCHIVES<\/b>\n            <\/div>\n<div class=\"RightBlokExp\" onclick=\"location.href='[get_bloginfo]url[\/get_bloginfo]\/ing\/default.html'\">\n                <img decoding=\"async\" src=\"[get_bloginfo]url[\/get_bloginfo]\/files\/ing\/images\/template\/new.png\" alt=\"\"\/><b>CURRENT ISSUE<\/b>\n            <\/div>\n<div class=\"RightBlokExp\" onclick=\"location.href='contact.aspx'\">\n                <img decoding=\"async\" src=\"[get_bloginfo]url[\/get_bloginfo]\/files\/ing\/images\/template\/contact.png\" alt=\"\"\/><b>CONTACT US<\/b>\n            <\/div>\n<\/p><\/div>\n<\/p><\/div>\n<p>    <!---SayfaOrtaYazilariBitiyor---><br \/>\n        <!---Fotterstart---><\/p>\n","protected":false},"excerpt":{"rendered":"<p>SUBMIT YOUR MANUSCRIPT Register Author Login Reviewer Login \u00a9 Copyright Transfer Form Parental Influence on Sleep Habits and Problems in Preschool Children Elif Yal\u00e7\u0131nta\u015f Sezgin, Leyla Ulus Sleep and Hypnosis: A Journal of Clinical Neuroscience and Psychopathology 2019;21(4):281-292 http:\/\/dx.doi.org\/10.37133\/Sleep.Hypn.2019.21.0196 The aim of this study was to evaluate preschool children\u2019s sleep habits, determine parental behaviours that [&hellip;]<\/p>\n","protected":false},"author":0,"featured_media":0,"parent":0,"menu_order":0,"comment_status":"closed","ping_status":"closed","template":"template_3.php","meta":{"om_disable_all_campaigns":false,"footnotes":""},"class_list":["post-576","page","type-page","status-publish","hentry","post-wrapper","thrv_wrapper"],"aioseo_notices":[],"_links":{"self":[{"href":"https:\/\/sleepandhypnosis.org\/research\/wp-json\/wp\/v2\/pages\/576","targetHints":{"allow":["GET"]}}],"collection":[{"href":"https:\/\/sleepandhypnosis.org\/research\/wp-json\/wp\/v2\/pages"}],"about":[{"href":"https:\/\/sleepandhypnosis.org\/research\/wp-json\/wp\/v2\/types\/page"}],"replies":[{"embeddable":true,"href":"https:\/\/sleepandhypnosis.org\/research\/wp-json\/wp\/v2\/comments?post=576"}],"version-history":[{"count":0,"href":"https:\/\/sleepandhypnosis.org\/research\/wp-json\/wp\/v2\/pages\/576\/revisions"}],"wp:attachment":[{"href":"https:\/\/sleepandhypnosis.org\/research\/wp-json\/wp\/v2\/media?parent=576"}],"curies":[{"name":"wp","href":"https:\/\/api.w.org\/{rel}","templated":true}]}}