{"id":535,"date":"2024-06-20T17:06:17","date_gmt":"2024-06-20T17:06:17","guid":{"rendered":"http:\/\/sleepandhypnosis.org\/research\/abstract-mkid-270\/"},"modified":"2024-06-20T17:06:17","modified_gmt":"2024-06-20T17:06:17","slug":"abstract-mkid-270","status":"publish","type":"page","link":"https:\/\/sleepandhypnosis.org\/research\/abstract-mkid-270\/","title":{"rendered":"Abstract Mkid 270"},"content":{"rendered":"<div class=\"SectionUst\">\n<div class=\"SectionSlayt\">\n<div><img decoding=\"async\" src=\"[get_bloginfo]url[\/get_bloginfo]\/files\/ing\/images\/banner\/9b4cdc717.png\" alt=\"\"\/><\/div>\n<\/p><\/div>\n<div class=\"SectionLogin\">\n<div class=\"ScopeMedmnu\">\n<div class=\"ScopeBaslik\">\n                        SUBMIT YOUR MANUSCRIPT<\/div>\n<div class=\"ScopeLink\">\n<div class=\"Newuser Scolinkstil\">\n                            <b>Register<\/b>\n                        <\/div>\n<div class=\"gouser Scolinkstil\">\n                            <b>Author Login<\/b><\/div>\n<div class=\"reviewer Scolinkstil\">\n                            <a href=\"http:\/\/www.ejmanager.com\/reviewers\/index.php?isl=login\" target=\"_blank\" rel=\"noopener\"><b>Reviewer Login<\/b><\/a><\/div>\n<div class=\"telif Scolinkstil\">\n                            <a href=\"[get_bloginfo]url[\/get_bloginfo]\/files\/word\/copyrighttransferform.pdf\" target=\"_blank\" rel=\"noopener\">\u00a9 Copyright Transfer Form<\/a><\/div>\n<\/p><\/div>\n<div style=\"float:left; margin-top:125px; margin-left:70px;\">\n                    <!-- Go to www.addthis.com\/dashboard to customize your tools --><\/p>\n<div class=\"addthis_sharing_toolbox\"><\/div>\n<\/p><\/div>\n<\/p><\/div>\n<\/p><\/div>\n<\/p><\/div>\n<p>        <!----SayfaORtas\u0131bitiyor---><br \/>\n    <!---SayfaOrtaYazilariBas\u015fliyot---><\/p>\n<div class=\"ArticleTitle\">\n<div class=\"ABaslik\">\n        <\/div>\n<\/p><\/div>\n<div class=\"ArticleX\">\n<div class=\"leftArticlecover\">\n<div class=\"covarticle\">\n<div class=\"Baslik\">\n                    A Theoretical Integration within Obsessive-Compulsive Disorder (OCD) and Dissociative Spectrums: Obsessional Dissociation\n                <\/div>\n<div class=\"icerikyazar\">\n                    Abdullah Y\u0131ld\u0131r\u0131m, Murat Boysan\n                <\/div>\n<div style=\"float: left; font-size: 14px; margin-top: 20px; padding-top: 2px; margin-bottom: 20px; color: #666666; font-style: italic;\">Sleep and Hypnosis: A Journal of Clinical Neuroscience and Psychopathology 2019;21(1):23-37<\/div>\n<div class=\"doilink\">http:\/\/dx.doi.org\/10.5350\/Sleep.Hypn.2019.21.0169<\/div>\n<div style=\"float: left; margin-top: 20px; margin-bottom: 20px;\">\n                    <!-- Go to www.addthis.com\/dashboard to customize your tools --><\/p>\n<div class=\"addthis_native_toolbox\"><\/div>\n<\/p><\/div>\n<div class=\"icerikyazi\">\n                <\/div>\n<div class=\"icerikkeyw\">\n                    <b>Keywords:<\/b>\n                <\/div>\n<div class=\"down\">\n                    <a href=\"[get_bloginfo]url[\/get_bloginfo]\/files\/ing\/pdf\/a686272ac8c54990a11c0af793934a1c.pdf\" rel=\"nofollow noopener\" target=\"_blank\"><br \/>\n                        <img decoding=\"async\" src=\"[get_bloginfo]url[\/get_bloginfo]\/files\/ing\/images\/template\/pdftambtn.png\" alt=\"indir\"\/><\/a><br \/>\n                    <br class=\"m3ncsyod40qcuw2zf\"\/><br \/>\n                    <br class=\"m3ncsyod40qcuw2zf\"\/>\n                <\/div>\n<div class=\"References\">\n<div style=\"float: left; width: 640px;\"><b>REFERENCES<\/b><\/div>\n<p>                    Aardema, F., Moulding, R., Radomsky, A. S., Doron, G., Allamby, J., &#038; Souki, E. (2013). Fear of self and obsessionality: Development and validation of the Fear of Self Questionnaire. Journal of Obsessive-Compulsive and Related Disorders, 2(3), 306-315. doi:10.1016\/j.jocrd.2013.05.005<br class=\"m3ncsyod40qcuw2zf\"\/><br \/>\n<br class=\"m3ncsyod40qcuw2zf\"\/><br \/>\nAardema, F., &#038; Wu, K. D. (2011). Imaginative, dissociative, and schizotypal processes in obsessive-compulsive symptoms. Journal of Clinical Psychology, 67(1), 74-81. doi:10.1002\/jclp.20729<br class=\"m3ncsyod40qcuw2zf\"\/><br \/>\n<br class=\"m3ncsyod40qcuw2zf\"\/><br \/>\nAbramowitz, J. S., McKay, D., &#038; Storch, E. A. (2017). The Wiley handbook of obsessive compulsive disorders: Wiley.<br class=\"m3ncsyod40qcuw2zf\"\/><br \/>\n<br class=\"m3ncsyod40qcuw2zf\"\/><br \/>\nBelli, H., Ural, C., Vardar, M. K., Yesilyurt, S., &#038; Oncu, F. (2012). Dissociative symptoms and dissociative disorder comorbidity in patients with obsessive-compulsive disorder. Comprehensive Psychiatry, 53(7), 975-980. doi:10.1016\/j.comppsych.2012.02.004<br class=\"m3ncsyod40qcuw2zf\"\/><br \/>\n<br class=\"m3ncsyod40qcuw2zf\"\/><br \/>\nBelli, H., Ural, C., Yesilyurt, S., Vardar, M. K., Akbudak, M., &#038; Oncu, F. (2013). Childhood trauma and dissociation in patients with obsessive compulsive disorder. West Indian Medical Journal, 62(1), 39-44. doi:West Indian Med J<br class=\"m3ncsyod40qcuw2zf\"\/><br \/>\n<br class=\"m3ncsyod40qcuw2zf\"\/><br \/>\nBesiroglu, L., Agargun, M. Y., Boysan, M., Eryonucu, B., Gulec, M., &#038; Selvi, Y. (2005). The assessment of obsessive-compulsive symptoms: Reliability and validity of the Padua Inventory in Turkish population. Turkish Journal of Psychiatry, 16(3), 179-189. <br class=\"m3ncsyod40qcuw2zf\"\/><br \/>\n<br class=\"m3ncsyod40qcuw2zf\"\/><br \/>\nBoon, S., Steele, K., &#038; van der Hart, O. (2011). Coping with trauma-related dissociation: Skills training for patients and therapists: W. W. Norton &#038; Company.<br class=\"m3ncsyod40qcuw2zf\"\/><br \/>\n<br class=\"m3ncsyod40qcuw2zf\"\/><br \/>\nBoysan, M. (2015). Dissociative experiences are associated with obsessive-compulsive symptoms in a non-clinical sample: a latent profile analysis. Archives of Neuropsychiatry, 51, 253-262. <br class=\"m3ncsyod40qcuw2zf\"\/><br \/>\n<br class=\"m3ncsyod40qcuw2zf\"\/><br \/>\nBoysan, M. (2016). Associations between dissociation and post-traumatic stress response. In C. R. Martin, V. R. Preedy, &#038; V. B. Patel (Eds.), Comprehensive guide to post-traumatic stress disorder (pp. 1-16). New York, NY: Springer.<br class=\"m3ncsyod40qcuw2zf\"\/><br \/>\n<br class=\"m3ncsyod40qcuw2zf\"\/><br \/>\nBoysan, M., &#038; \u00c7am, Z. (2016). An investigation into the role of attachment insecurities in obsessive-compulsive symptoms. British Journal of Guidance &#038; Counselling, 1-16. doi:10.1080\/03069885.2016.1262533<br class=\"m3ncsyod40qcuw2zf\"\/><br \/>\n<br class=\"m3ncsyod40qcuw2zf\"\/><br \/>\nBoysan, M., Goldsmith, R. E., \u00c7avu\u015f, H., Kayri, M., &#038; Keskin, S. (2009). Relations among anxiety, depression, and dissociative symptoms: the influence of abuse subtype. Journal of Trauma &#038; Dissociation, 10(1), 83-101. doi:10.1080\/15299730802485185<br class=\"m3ncsyod40qcuw2zf\"\/><br \/>\n<br class=\"m3ncsyod40qcuw2zf\"\/><br \/>\nBoysan, M., Yildirim, A., Besiroglu, L., Kefeli, M. C., &#038; Kagan, M. (2018). Development and preliminary psychometric properties of an instrument for the measurement of obsessional dissociative experiences: the Van Obsessional Dissociation Questionnaire (VOD-Q). Psychiatric Quarterly. doi:https:\/\/doi.org\/10.1007\/s11126-017-9555-2<br class=\"m3ncsyod40qcuw2zf\"\/><br \/>\n<br class=\"m3ncsyod40qcuw2zf\"\/><br \/>\nButler, L. D., Duran, R. E., Jasiukaitis, P., Koopman, C., &#038; Spiegel, D. (1996). Hypnotizability and traumatic experience: a diathesis-stress model of dissociative symptomatology. American Journal of Psychiatry, 153(7 Suppl), 42-63. doi:10.1176\/ajp.153.8.A42<br class=\"m3ncsyod40qcuw2zf\"\/><br \/>\n<br class=\"m3ncsyod40qcuw2zf\"\/><br \/>\nCarlson, E. B., &#038; Putnam, F. W. (1993). An update on the Dissociative Experiences Scale. Dissociation, 6, 16-27. <br class=\"m3ncsyod40qcuw2zf\"\/><br \/>\n<br class=\"m3ncsyod40qcuw2zf\"\/><br \/>\nChu, J. A. (2011). Rebuilding shattered lives: Treating complex PTSD and dissociative disorders. New York, NY: John Wiley &#038; Sons.<br class=\"m3ncsyod40qcuw2zf\"\/><br \/>\n<br class=\"m3ncsyod40qcuw2zf\"\/><br \/>\nClark, D. A. (2004). Cognitive-behavioral therapy for OCD. New York, NY: Guilford.<br class=\"m3ncsyod40qcuw2zf\"\/><br \/>\n<br class=\"m3ncsyod40qcuw2zf\"\/><br \/>\nDell, P. F., &#038; O&#8217;Neil, J. A. (2015). Dissociation and the dissociative disorders: DSM-V and beyond. New York, NY: Routledge.<br class=\"m3ncsyod40qcuw2zf\"\/><br \/>\n<br class=\"m3ncsyod40qcuw2zf\"\/><br \/>\nDoron, G., &#038; Kyrios, M. (2005). Obsessive compulsive disorder: A review of possible specific internal representations within a broader cognitive theory. Clinical Psychology Review, 25(4), 415-432. doi:10.1016\/j.cpr.2005.02.002<br class=\"m3ncsyod40qcuw2zf\"\/><br \/>\n<br class=\"m3ncsyod40qcuw2zf\"\/><br \/>\nDoron, G., Moulding, R., Nedeljkovic, M., Kyrios, M., Mikulincer, M., &#038; Sar-El, D. (2012). Adult attachment insecurities are associated with obsessive compulsive disorder. Psychology and Psychotherapy-Theory Research and Practice, 85(2), 163-178. doi:10.1111\/j.2044-8341.2011.02028.x<br class=\"m3ncsyod40qcuw2zf\"\/><br \/>\n<br class=\"m3ncsyod40qcuw2zf\"\/><br \/>\nFontenelle, L. F., Domingues, A. M., Souza, W. F., Mendlowicz, M. V., de Menezes, G. B., Figueira, I. L., &#038; Versiani, M. (2007). History of trauma and dissociative symptoms among patients with obsessive-compulsive disorder and social anxiety disorder. Psychiatric Quarterly, 78(3), 241-250. doi:10.1007\/s11126-007-9043-1<br class=\"m3ncsyod40qcuw2zf\"\/><br \/>\n<br class=\"m3ncsyod40qcuw2zf\"\/><br \/>\nGiesbrecht, T., Lynn, S. J., Lilienfeld, S. O., &#038; Merckelbach, H. (2008). Cognitive processes in dissociation: an analysis of core theoretical assumptions. Psychological Bulletin, 134(5), 617-647. doi:10.1037\/0033-2909.134.5.617<br class=\"m3ncsyod40qcuw2zf\"\/><br \/>\n<br class=\"m3ncsyod40qcuw2zf\"\/><br \/>\nGoff, D. C., Olin, J. A., Jenike, M. A., Baer, L., &#038; Buttolph, M. L. (1992). Dissociative symptoms in patients with obsessive-compulsive disorder. Journal of Nervous and Mental Disease, 180(5), 332-337. doi:Doi 10.1097\/00005053-199205000-00008<br class=\"m3ncsyod40qcuw2zf\"\/><br \/>\n<br class=\"m3ncsyod40qcuw2zf\"\/><br \/>\nGrabe, H. J., Goldschmidt, F., Lehmkuhl, L., Gansicke, M., Spitzer, C., &#038; Freyberger, H. J. (1999). Dissociative symptoms in obsessive-compulsive dimensions. Psychopathology, 32(6), 319-324. doi:Doi 10.1159\/000029105<br class=\"m3ncsyod40qcuw2zf\"\/><br \/>\n<br class=\"m3ncsyod40qcuw2zf\"\/><br \/>\nGuidano, V. F., &#038; Liotti, G. (1983). Cognitive processes and emotional disorders. New York, NY: Guilford.<br class=\"m3ncsyod40qcuw2zf\"\/><br \/>\n<br class=\"m3ncsyod40qcuw2zf\"\/><br \/>\nHolmes, E. A., Brown, R. J., Mansell, W., Fearon, R. P., Hunter, E. C. M., Frasquilho, F., &#038; Oakley, D. A. (2005). Are there two qualitatively distinct forms of dissociation? A review and some clinical implications. Clinical Psychology Review, 25(1), 1-23. doi:10.1016\/j.cpr.2004.08.006<br class=\"m3ncsyod40qcuw2zf\"\/><br \/>\n<br class=\"m3ncsyod40qcuw2zf\"\/><br \/>\nKadak, M. T., Nasiroglu, S., Boysan, M., &#038; Aydin, A. (2013). Risk factors predicting posttraumatic stress reactions in adolescents after 2011 Van earthquake. Comprehensive Psychiatry, 54(7), 982-990. doi:10.1016\/j.comppsych.2013.04.003<br class=\"m3ncsyod40qcuw2zf\"\/><br \/>\n<br class=\"m3ncsyod40qcuw2zf\"\/><br \/>\nLanius, R. A., Vermetten, E., Loewenstein, R. J., Brand, B., Schmahl, C., Bremner, J. D., &#038; Spiegel, D. (2010). Emotion modulation in PTSD: Clinical and neurobiological evidence for a dissociative subtype. American Journal of Psychiatry, 167(6), 640-647. doi:10.1176\/appi.ajp.2009.09081168<br class=\"m3ncsyod40qcuw2zf\"\/><br \/>\n<br class=\"m3ncsyod40qcuw2zf\"\/><br \/>\nLiotti, G. (2004). Trauma, dissociation, and disorganized attachment: Three strands of a single braid. Psychotherapy, 41(4), 472-486. doi:10.1037\/0033-3204.41.4.472<br class=\"m3ncsyod40qcuw2zf\"\/><br \/>\n<br class=\"m3ncsyod40qcuw2zf\"\/><br \/>\nLochner, C., du Toit, P. L., Zungu-Dirwayi, N., Marais, A., van Kradenburg, J., Seedat, S., . . . Stein, D. J. (2002). Childhood trauma in obsessive-compulsive disorder, trichotillomania, and controls. Depression and Anxiety, 15(2), 66-68. doi:10.1002\/da.10028<br class=\"m3ncsyod40qcuw2zf\"\/><br \/>\n<br class=\"m3ncsyod40qcuw2zf\"\/><br \/>\nLochner, C., Seedat, S., Hemmings, S. M. J., Kinnear, C. J., Corfield, V. A., Niehaus, D. J. H., . . . Stein, D. J. (2004). Dissociative experiences in obsessive-compulsive disorder and trichotillomania: Clinical and genetic findings. Comprehensive Psychiatry, 45(5), 384-391. doi:10.1016\/j.comppsych.2004.03.010<br class=\"m3ncsyod40qcuw2zf\"\/><br \/>\n<br class=\"m3ncsyod40qcuw2zf\"\/><br \/>\nMaaranen, P., Tanskanen, A., Hintikka, J., Honkalampi, K., Haatainen, K., Koivumaa-Honkanen, H., &#038; Viinamaki, H. (2008). The course of dissociation in the general population: a 3-year follow-up study. Comprehensive Psychiatry, 49(3), 269-274. doi:10.1016\/j.comppsych.2007.04.010<br class=\"m3ncsyod40qcuw2zf\"\/><br \/>\n<br class=\"m3ncsyod40qcuw2zf\"\/><br \/>\nMataix-Cols, D., do Rosario-Campos, M. C., &#038; Leckman, J. F. (2005). A multidimensional model of obsessive-compulsive disorder. American Journal of Psychiatry, 162(2), 228-238. doi:DOI 10.1176\/appi.ajp.162.2.228<br class=\"m3ncsyod40qcuw2zf\"\/><br \/>\n<br class=\"m3ncsyod40qcuw2zf\"\/><br \/>\nMathews, C. A., Kaur, N., &#038; Stein, M. B. (2008). Childhood trauma and obsessive-compulsive symptoms. Depression and Anxiety, 25(9), 742-751. doi:10.1002\/da.20316<br class=\"m3ncsyod40qcuw2zf\"\/><br \/>\n<br class=\"m3ncsyod40qcuw2zf\"\/><br \/>\nMuller, J., &#038; Roberts, J. E. (2005). Memory and attention in obsessive-compulsive disorder: a review. Journal of Anxiety Disorders, 19(1), 1-28. doi:10.1016\/j.janxdis.2003.12.001<br class=\"m3ncsyod40qcuw2zf\"\/><br \/>\n<br class=\"m3ncsyod40qcuw2zf\"\/><br \/>\nNorton, G. R., Ross, C. A., &#038; Novotny, M. F. (1990). Factors That Predict Scores on the Dissociative Experiences Scale. Journal of Clinical Psychology, 46(3), 273-277. doi:Doi 10.1002\/1097-4679(199005)46:3&lt;273::Aid-Jclp2270460304&gt;3.0.Co;2-X<br class=\"m3ncsyod40qcuw2zf\"\/><br \/>\n<br class=\"m3ncsyod40qcuw2zf\"\/><br \/>\nOgawa, J. R., Sroufe, L. A., Weinfield, N. S., Carlson, E. A., &#038; Egeland, B. (1997). Development and the fragmented self: longitudinal study of dissociative symptomatology in a nonclinical sample. Development and Psychopathology, 9(4), 855-879. <br class=\"m3ncsyod40qcuw2zf\"\/><br \/>\n<br class=\"m3ncsyod40qcuw2zf\"\/><br \/>\nParadisis, S. M., Aardema, F., &#038; Wu, K. D. (2015). Schizotypal, dissociative, and imaginative processes in a clinical OCD sample. Journal of Clinical Psychology, 71(6), 606-624. <br class=\"m3ncsyod40qcuw2zf\"\/><br \/>\n<br class=\"m3ncsyod40qcuw2zf\"\/><br \/>\nPica, M., Beere, D., &#038; Maurer, L. (1997). The overlap between dissociative and obsessive-compulsive disorders: A theoretical link. Dissociation, 10, 38\u201343. <br class=\"m3ncsyod40qcuw2zf\"\/><br \/>\n<br class=\"m3ncsyod40qcuw2zf\"\/><br \/>\nRachman, S., &#038; De Silva, P. (1978). Abnormal and normal obsessions. Behaviour Research and Therapy, 16, 233\u2013248. doi:10.1016\/0005-7967(78)90022-0<br class=\"m3ncsyod40qcuw2zf\"\/><br \/>\n<br class=\"m3ncsyod40qcuw2zf\"\/><br \/>\nRoss, C. A., Joshi, S., &#038; Currie, R. (1990). Dissociative experiences in the general population. American Journal of Psychiatry, 147(11), 1547-1552. doi:https:\/\/doi.org\/10.1176\/ajp.147.11.1547<br class=\"m3ncsyod40qcuw2zf\"\/><br \/>\n<br class=\"m3ncsyod40qcuw2zf\"\/><br \/>\nRufer, M., Fricke, S., Held, D., Cremer, J., &#038; Hand, I. (2006). Dissociation and symptom dimensions of obsessive-compulsive disorder &#8211; A replication study. European Archives of Psychiatry and Clinical Neuroscience, 256(3), 146-150. doi:10.1007\/s00406-005-0620-8<br class=\"m3ncsyod40qcuw2zf\"\/><br \/>\n<br class=\"m3ncsyod40qcuw2zf\"\/><br \/>\nSalkovskis, P. M., &#038; Harrison, J. (1984). Abnormal and normal obsessions: A replication. Behaviour Research and Therapy, 22(5), 549-552. doi:Doi 10.1016\/0005-7967(84)90057-3<br class=\"m3ncsyod40qcuw2zf\"\/><br \/>\n<br class=\"m3ncsyod40qcuw2zf\"\/><br \/>\nSchimmenti, A., &#038; Caretti, V. (2016). Linking the overwhelming with the unbearable: Developmental trauma, dissociation, and the disconnected self. Psychoanalytic Psychology, 33(1), 106-128. doi:10.1037\/a0038019<br class=\"m3ncsyod40qcuw2zf\"\/><br \/>\n<br class=\"m3ncsyod40qcuw2zf\"\/><br \/>\nSoffer-Dudek, N. (2014). Dissociation and dissociative mechanisms in panic disorder, obsessive\u2013compulsive disorder, and depression: A review and heuristic framework. Psychology of Consciousness: Theory, Research, and Practice, 1(3), 243. doi:10.1037\/cns0000023<br class=\"m3ncsyod40qcuw2zf\"\/><br \/>\n<br class=\"m3ncsyod40qcuw2zf\"\/><br \/>\nSoffer-Dudek, N., Lassri, D., Soffer-Dudek, N., &#038; Shahar, G. (2015). Dissociative absorption: An empirically unique, clinically relevant, dissociative factor. Consciousness and Cognition, 36, 338-351. doi:10.1016\/j.concog.2015.07.013<br class=\"m3ncsyod40qcuw2zf\"\/><br \/>\n<br class=\"m3ncsyod40qcuw2zf\"\/><br \/>\nTapanc\u0131, Z., Y\u0131ld\u0131r\u0131m, A., &#038; Boysan, M. (2018). Neurological soft signs, dissociation and alexithymia in patients with obsessive-compulsive disorder (OCD) and healthy subjects. Psychiatry Research. <br class=\"m3ncsyod40qcuw2zf\"\/><br \/>\n<br class=\"m3ncsyod40qcuw2zf\"\/><br \/>\nVan Oppen, P. (1992). Obsessions and compulsions: dimensional structure, reliability, convergent and divergent validity of the Padua Inventory. Behaviour Research and Therapy, 30, 631\u2013637. <br class=\"m3ncsyod40qcuw2zf\"\/><br \/>\n<br class=\"m3ncsyod40qcuw2zf\"\/><br \/>\nVanderlinden, J., Van der Hart, O., &#038; Varga, K. (1996). European studies of dissociation. In L. K. Michelson &#038; W. J. Ray (Eds.), Handbook of dissociation (pp. 25-49). New York, NY: Springer.<br class=\"m3ncsyod40qcuw2zf\"\/><br \/>\n<br class=\"m3ncsyod40qcuw2zf\"\/><br \/>\nWaller, N. G., Putnam, F. W., &#038; Carlson, E. B. (1996). Types of dissociation and dissociative types: A taxometric analysis of dissociative experiences. Psychological Methods, 1(3), 300-321. doi:Doi 10.1037\/1082-989x.1.3.300<br class=\"m3ncsyod40qcuw2zf\"\/><br \/>\n<br class=\"m3ncsyod40qcuw2zf\"\/><br \/>\nWatson, D., &#038; Wu, K. D. (2002). Development and validation of the Schedule of Compulsions, Obsessions, and Pathological Impulses (SCOPI). Unpublished manuscript, Department of Psychology, University of Iowa, Iowa City. <br class=\"m3ncsyod40qcuw2zf\"\/><br \/>\n<br class=\"m3ncsyod40qcuw2zf\"\/><br \/>\nWatson, D., Wu, K. D., &#038; Cutshall, C. (2004). Symptom subtypes of obsessive-compulsive disorder and their relation to dissociation. Journal of Anxiety Disorders, 18(4), 435-458. doi:10.1016\/S0887-6185(03)00029-X<br class=\"m3ncsyod40qcuw2zf\"\/><br \/>\n<br class=\"m3ncsyod40qcuw2zf\"\/><br \/>\nYargic, L. I., Tutkun, H., &#038; Sar, V. (1995). The reliability and validity of the Turkish version of the Dissociative Experiences Scale. Dissociation, 8, 10-13.\n                <\/div>\n<\/p><\/div>\n<\/p><\/div>\n<div class=\"RightArticle\">\n<div class=\"RightBlokExp\" onclick=\"location.href='guideforauthors.aspx'\">\n                <img decoding=\"async\" src=\"[get_bloginfo]url[\/get_bloginfo]\/files\/ing\/images\/template\/guide.png\" alt=\"\"\/><b>GUIDE FOR AUTHORS<\/b>\n            <\/div>\n<div class=\"RightBlokExp\" onclick=\"location.href='editorialboard.aspx'\">\n                <img decoding=\"async\" src=\"[get_bloginfo]url[\/get_bloginfo]\/files\/ing\/images\/template\/team.png\" alt=\"\"\/><b>EDITORIAL BOARD<\/b>\n            <\/div>\n<div class=\"RightBlokExp\" onclick=\"location.href='about.aspx'\">\n                <img decoding=\"async\" src=\"[get_bloginfo]url[\/get_bloginfo]\/files\/ing\/images\/template\/about.png\" alt=\"\"\/><b>ABOUT JOURNAL<\/b>\n            <\/div>\n<div class=\"RightBlokExp\" onclick=\"location.href='indexing.aspx'\">\n                <img decoding=\"async\" src=\"[get_bloginfo]url[\/get_bloginfo]\/files\/ing\/images\/template\/index.png\" alt=\"\"\/><b>INDEXED IN<\/b>\n            <\/div>\n<div class=\"RightBlokExp\" onclick=\"location.href='aheadofprint.aspx'\">\n                <img decoding=\"async\" src=\"[get_bloginfo]url[\/get_bloginfo]\/files\/ing\/images\/template\/sonlinefirst.png\" alt=\"\"\/><b>AHEAD OF PRINT<\/b>\n            <\/div>\n<div class=\"RightBlokExp\" onclick=\"location.href='archive.aspx'\">\n                <img decoding=\"async\" src=\"[get_bloginfo]url[\/get_bloginfo]\/files\/ing\/images\/template\/sarsiv.png\" alt=\"\"\/><b>ARCHIVES<\/b>\n            <\/div>\n<div class=\"RightBlokExp\" onclick=\"location.href='[get_bloginfo]url[\/get_bloginfo]\/ing\/default.html'\">\n                <img decoding=\"async\" src=\"[get_bloginfo]url[\/get_bloginfo]\/files\/ing\/images\/template\/new.png\" alt=\"\"\/><b>CURRENT ISSUE<\/b>\n            <\/div>\n<div class=\"RightBlokExp\" onclick=\"location.href='contact.aspx'\">\n                <img decoding=\"async\" src=\"[get_bloginfo]url[\/get_bloginfo]\/files\/ing\/images\/template\/contact.png\" alt=\"\"\/><b>CONTACT US<\/b>\n            <\/div>\n<\/p><\/div>\n<\/p><\/div>\n<p>    <!---SayfaOrtaYazilariBitiyor---><br \/>\n        <!---Fotterstart---><\/p>\n","protected":false},"excerpt":{"rendered":"<p>SUBMIT YOUR MANUSCRIPT Register Author Login Reviewer Login \u00a9 Copyright Transfer Form A Theoretical Integration within Obsessive-Compulsive Disorder (OCD) and Dissociative Spectrums: Obsessional Dissociation Abdullah Y\u0131ld\u0131r\u0131m, Murat Boysan Sleep and Hypnosis: A Journal of Clinical Neuroscience and Psychopathology 2019;21(1):23-37 http:\/\/dx.doi.org\/10.5350\/Sleep.Hypn.2019.21.0169 Keywords: REFERENCES Aardema, F., Moulding, R., Radomsky, A. S., Doron, G., Allamby, J., &#038; Souki, [&hellip;]<\/p>\n","protected":false},"author":0,"featured_media":0,"parent":0,"menu_order":0,"comment_status":"closed","ping_status":"closed","template":"template_3.php","meta":{"om_disable_all_campaigns":false,"footnotes":""},"class_list":["post-535","page","type-page","status-publish","hentry","post-wrapper","thrv_wrapper"],"aioseo_notices":[],"_links":{"self":[{"href":"https:\/\/sleepandhypnosis.org\/research\/wp-json\/wp\/v2\/pages\/535","targetHints":{"allow":["GET"]}}],"collection":[{"href":"https:\/\/sleepandhypnosis.org\/research\/wp-json\/wp\/v2\/pages"}],"about":[{"href":"https:\/\/sleepandhypnosis.org\/research\/wp-json\/wp\/v2\/types\/page"}],"replies":[{"embeddable":true,"href":"https:\/\/sleepandhypnosis.org\/research\/wp-json\/wp\/v2\/comments?post=535"}],"version-history":[{"count":0,"href":"https:\/\/sleepandhypnosis.org\/research\/wp-json\/wp\/v2\/pages\/535\/revisions"}],"wp:attachment":[{"href":"https:\/\/sleepandhypnosis.org\/research\/wp-json\/wp\/v2\/media?parent=535"}],"curies":[{"name":"wp","href":"https:\/\/api.w.org\/{rel}","templated":true}]}}