{"id":529,"date":"2024-06-20T17:06:16","date_gmt":"2024-06-20T17:06:16","guid":{"rendered":"http:\/\/sleepandhypnosis.org\/research\/abstract-mkid-264\/"},"modified":"2024-06-20T17:06:16","modified_gmt":"2024-06-20T17:06:16","slug":"abstract-mkid-264","status":"publish","type":"page","link":"https:\/\/sleepandhypnosis.org\/research\/abstract-mkid-264\/","title":{"rendered":"Abstract Mkid 264"},"content":{"rendered":"<div class=\"SectionUst\">\n<div class=\"SectionSlayt\">\n<div><img decoding=\"async\" src=\"[get_bloginfo]url[\/get_bloginfo]\/files\/ing\/images\/banner\/9b4cdc717.png\" alt=\"\"\/><\/div>\n<\/p><\/div>\n<div class=\"SectionLogin\">\n<div class=\"ScopeMedmnu\">\n<div class=\"ScopeBaslik\">\n                        SUBMIT YOUR MANUSCRIPT<\/div>\n<div class=\"ScopeLink\">\n<div class=\"Newuser Scolinkstil\">\n                            <b>Register<\/b>\n                        <\/div>\n<div class=\"gouser Scolinkstil\">\n                            <b>Author Login<\/b><\/div>\n<div class=\"reviewer Scolinkstil\">\n                            <a href=\"http:\/\/www.ejmanager.com\/reviewers\/index.php?isl=login\" target=\"_blank\" rel=\"noopener\"><b>Reviewer Login<\/b><\/a><\/div>\n<div class=\"telif Scolinkstil\">\n                            <a href=\"[get_bloginfo]url[\/get_bloginfo]\/files\/word\/copyrighttransferform.pdf\" target=\"_blank\" rel=\"noopener\">\u00a9 Copyright Transfer Form<\/a><\/div>\n<\/p><\/div>\n<div style=\"float:left; margin-top:125px; margin-left:70px;\">\n                    <!-- Go to www.addthis.com\/dashboard to customize your tools --><\/p>\n<div class=\"addthis_sharing_toolbox\"><\/div>\n<\/p><\/div>\n<\/p><\/div>\n<\/p><\/div>\n<\/p><\/div>\n<p>        <!----SayfaORtas\u0131bitiyor---><br \/>\n    <!---SayfaOrtaYazilariBas\u015fliyot---><\/p>\n<div class=\"ArticleTitle\">\n<div class=\"ABaslik\">\n        <\/div>\n<\/p><\/div>\n<div class=\"ArticleX\">\n<div class=\"leftArticlecover\">\n<div class=\"covarticle\">\n<div class=\"Baslik\">\n                    Factors Affecting Sleep Quality in Firefighters\n                <\/div>\n<div class=\"icerikyazar\">\n                    Mahnaz Abbasi, Majid Rajabi, Zohreh Yazdi, Ali Akbar Shafikhani\n                <\/div>\n<div style=\"float: left; font-size: 14px; margin-top: 20px; padding-top: 2px; margin-bottom: 20px; color: #666666; font-style: italic;\">Sleep and Hypnosis: A Journal of Clinical Neuroscience and Psychopathology 2018;20(4):283-289<\/div>\n<div class=\"doilink\">http:\/\/dx.doi.org\/10.5350\/Sleep.Hypn.2018.20.0163<\/div>\n<div style=\"float: left; margin-top: 20px; margin-bottom: 20px;\">\n                    <!-- Go to www.addthis.com\/dashboard to customize your tools --><\/p>\n<div class=\"addthis_native_toolbox\"><\/div>\n<\/p><\/div>\n<div class=\"icerikyazi\">\n                    Background: Identifying factors affecting the quality of sleep in firefighters is of significant importance. Good sleep is one of the essential needs of firefighters, and poor sleep quality impairs their performance and decision making. The present study aimed to evaluate sleep quality and its relation with ergonomic, demographic, and psychological factors in firefighters employed in Qazvin.   <br class=\"m3ncsyod40qcuw2zf\"\/><br \/>\n<br class=\"m3ncsyod40qcuw2zf\"\/><br \/>\nMethods: 118 firefighters from seven stations participated in this study. Data were gathered by questionnaires including demographic, Pittsburgh Sleep Quality Index, Beck Depression Inventory, HSE questionnaire for occupational stress, and Nordic questionnaire. Data were compared between two groups of firefighters with good and poor sleep quality. Then the data were analyzed using regression analysis.   <br class=\"m3ncsyod40qcuw2zf\"\/><br \/>\n<br class=\"m3ncsyod40qcuw2zf\"\/><br \/>\nResults: 59.3% of firefighters had poor quality of sleep. Univariate analysis showed a significant correlation between sleep quality with musculoskeletal disorders, shift work, body mass index (BMI), and stress (P&lt;0.05). In multivariate analysis, all variables except the occupational stress maintained their significant relationship with sleep quality.  <br class=\"m3ncsyod40qcuw2zf\"\/><br \/>\n<br class=\"m3ncsyod40qcuw2zf\"\/><br \/>\nConclusion: this study showed that musculoskeletal disorders (MSDs), shift work, and high body mass index are associated with poor sleep quality in firefighters. Proper timely interventions are suggested to prevent the complications of sleep disorders in firefighters.\n                <\/div>\n<div class=\"icerikkeyw\">\n                    <b>Keywords:<\/b><br \/>\n                    sleep quality, firefighter, depression, stress\n                <\/div>\n<div class=\"down\">\n                    <a href=\"[get_bloginfo]url[\/get_bloginfo]\/files\/ing\/pdf\/13c304be6c724fa9b9462509848ec7fd.pdf\" rel=\"nofollow noopener\" target=\"_blank\"><br \/>\n                        <img decoding=\"async\" src=\"[get_bloginfo]url[\/get_bloginfo]\/files\/ing\/images\/template\/pdftambtn.png\" alt=\"indir\"\/><\/a><br \/>\n                    <br class=\"m3ncsyod40qcuw2zf\"\/><br \/>\n                    <br class=\"m3ncsyod40qcuw2zf\"\/>\n                <\/div>\n<div class=\"References\">\n<div style=\"float: left; width: 640px;\"><b>REFERENCES<\/b><\/div>\n<p>                    Abbasi, M., Yazdi, Z., &#038; Mahdavifar, M. (2016). AB0850 Prevalence of Musculoskeletal Disorders in Firefighters and Its Association with Insomnia. In: BMJ Publishing Group Ltd.<br class=\"m3ncsyod40qcuw2zf\"\/><br \/>\n<br class=\"m3ncsyod40qcuw2zf\"\/><br \/>\nA\u011farg\u00fcn, M. Y., Kara, H., &#038; Anlar, \u00d6. (1996). The validity and reliability of the Pittsburgh Sleep Quality Index. Turk Psikiyatri Derg, 7(2), 107-115. <br class=\"m3ncsyod40qcuw2zf\"\/><br \/>\n<br class=\"m3ncsyod40qcuw2zf\"\/><br \/>\nAloba, O. O., Adewuya, A. O., Ola, B. A., &#038; Mapayi, B. M. (2007). Validity of the Pittsburgh sleep quality index (PSQI) among Nigerian university students. Sleep medicine, 8(3), 266-270.<br class=\"m3ncsyod40qcuw2zf\"\/><br \/>\n<br class=\"m3ncsyod40qcuw2zf\"\/><br \/>\nAlsaadi, S. M., McAuley, J. H., Hush, J. M., Bartlett, D. J., Henschke, N., Grunstein, R. R., &#038; Maher, C. G. (2013). Detecting insomnia in patients with low back pain: accuracy of four self-report sleep measures. BMC musculoskeletal disorders, 14(1), 196. <br class=\"m3ncsyod40qcuw2zf\"\/><br \/>\n<br class=\"m3ncsyod40qcuw2zf\"\/><br \/>\nAZAD, M. E., &#038; GHOLAMI, F. M. (2011). Reliability and validity assessment for the HSE job stress questionnaire. <br class=\"m3ncsyod40qcuw2zf\"\/><br \/>\n<br class=\"m3ncsyod40qcuw2zf\"\/><br \/>\nBeck, A. T., Steer, R. A., &#038; Brown, G. K. (1996). Beck depression inventory-II. San Antonio, 78(2), 490-498.  <br class=\"m3ncsyod40qcuw2zf\"\/><br \/>\n<br class=\"m3ncsyod40qcuw2zf\"\/><br \/>\nBuysse, D. J., Reynolds, C. F., Monk, T. H., Berman, S. R., &#038; Kupfer, D. J. (1989). The Pittsburgh sleep quality index: A new instrument for psychiatric practice and research. Psychiatry research, 28(2), 193-213. doi:https:\/\/doi.org\/10.1016\/0165-1781(89)90047-4<br class=\"m3ncsyod40qcuw2zf\"\/><br \/>\n<br class=\"m3ncsyod40qcuw2zf\"\/><br \/>\nCarey, M. G., Al-Zaiti, S. S., Dean, G. E., Sessanna, L., &#038; Finnell, D. S. (2011). Sleep problems, depression, substance use, social bonding, and quality of life in professional firefighters. Journal of occupational and environmental medicine\/American College of Occupational and Environmental Medicine, 53(8), 928. <br class=\"m3ncsyod40qcuw2zf\"\/><br \/>\n<br class=\"m3ncsyod40qcuw2zf\"\/><br \/>\nChen, Y.-S., Chen, M.-C., Chou, F. H.-C., Sun, F.-C., Chen, P.-C., Tsai, K.-Y., &#038; Chao, S.-S. (2007). The relationship between quality of life and posttraumatic stress disorder or major depression for firefighters in Kaohsiung, Taiwan. Quality of life research, 16(8), 1289-1297. <br class=\"m3ncsyod40qcuw2zf\"\/><br \/>\n<br class=\"m3ncsyod40qcuw2zf\"\/><br \/>\nCousins*, R., Mackay, C. J., Clarke, S. D., Kelly, C., Kelly, P. J., &#038; McCaig, R. H. (2004). \u2018Management Standards\u2019 work-related stress in the UK: practical development. Work &#038; Stress, 18(2), 113-136 <br class=\"m3ncsyod40qcuw2zf\"\/><br \/>\n<br class=\"m3ncsyod40qcuw2zf\"\/><br \/>\nCrispim, C. A., Zimberg, I. Z., dos Reis, B. G., Diniz, R. M., Tufik, S., &#038; de Mello, M. T. (2011). Relationship between food intake and sleep pattern in healthy individuals. J Clin Sleep Med, 7(6), 659-664. <br class=\"m3ncsyod40qcuw2zf\"\/><br \/>\n<br class=\"m3ncsyod40qcuw2zf\"\/><br \/>\nDarvishi, E., Shafikhani, A., &#038; Shafikhani, A. (2015). Ergonomic Interventions in Manual Handling of Carpets to the retail sellers in a textile company. Health and Safety at Work, 5(1), 65-74. <br class=\"m3ncsyod40qcuw2zf\"\/><br \/>\n<br class=\"m3ncsyod40qcuw2zf\"\/><br \/>\nde Barros, V. V., Martins, L., Saitz, R., Bastos, R. R., &#038; Ronzani, T. M. (2012). Mental health conditions, individual and job characteristics and sleep disturbances among firefighters. Journal of health psychology, 1359105312443402. <br class=\"m3ncsyod40qcuw2zf\"\/><br \/>\n<br class=\"m3ncsyod40qcuw2zf\"\/><br \/>\nDeakin, J., Stevenson, J., Vail, G., &#038; Nelson, J. (1994). The use of the Nordic Questionnaire in an industrial setting: a case study. Applied ergonomics, 25(3), 182-185. <br class=\"m3ncsyod40qcuw2zf\"\/><br \/>\n<br class=\"m3ncsyod40qcuw2zf\"\/><br \/>\nDoi, Y., Minowa, M., Uchiyama, M., Okawa, M., Kim, K., Shibui, K., &#038; Kamei, Y. (2000). Psychometric assessment of subjective sleep quality using the Japanese version of the Pittsburgh Sleep Quality Index (PSQI-J) in psychiatric disordered and control subjects. Psychiatry research, 97(2), 165-172. <br class=\"m3ncsyod40qcuw2zf\"\/><br \/>\n<br class=\"m3ncsyod40qcuw2zf\"\/><br \/>\nErford, B. T., Johnson, E., &#038; Bardoshi, G. (2015). Meta-Analysis of the English Version of the Beck Depression Inventory\u2013Second Edition. Measurement and Evaluation in Counseling and Development, 0748175615596783. <br class=\"m3ncsyod40qcuw2zf\"\/><br \/>\n<br class=\"m3ncsyod40qcuw2zf\"\/><br \/>\nFarhadi Nasab, A., &#038; Azimi, H. (2008). Study of patterns and subjective quality of sleep and their correlation with personality traits among medical students of Hamadan University of Medical Sciences. Scientific Journal of Hamadan University of Medical Sciences, 15(1), 11-15. <br class=\"m3ncsyod40qcuw2zf\"\/><br \/>\n<br class=\"m3ncsyod40qcuw2zf\"\/><br \/>\nFillingim, R. B., King, C. D., Ribeiro-Dasilva, M. C., Rahim-Williams, B., &#038; Riley, J. L. (2009). Sex, gender, and pain: a review of recent clinical and experimental findings. The journal of pain, 10(5), 447-485. <br class=\"m3ncsyod40qcuw2zf\"\/><br \/>\n<br class=\"m3ncsyod40qcuw2zf\"\/><br \/>\nHarrison, L., Wilson, S., &#038; Munaf\u00f2, M. R. (2014). Exploring the associations between sleep problems and chronic musculoskeletal pain in adolescents: A prospective cohort study. Pain Research and Management, (5) 9, e139-e145. <br class=\"m3ncsyod40qcuw2zf\"\/><br \/>\n<br class=\"m3ncsyod40qcuw2zf\"\/><br \/>\nHurley, D. A., Eadie, J., O&#8217;Donoghue, G., Kelly, C., Lonsdale, C., Guerin, S., . . . Boreham, C. A. (2010). Physiotherapy for sleep disturbance in chronic low back pain: a feasibility randomised controlled trial. BMC musculoskeletal disorders, 11(1), 1. <br class=\"m3ncsyod40qcuw2zf\"\/><br \/>\n<br class=\"m3ncsyod40qcuw2zf\"\/><br \/>\nIrie, M., Asami, S., Nagata, S., Miyata, M., &#038; Kasai, H. (2001). Relationships between perceived workload, stress and oxidative DNA damage. International archives of occupational and environmental health, 74(2), 153-157. <br class=\"m3ncsyod40qcuw2zf\"\/><br \/>\n<br class=\"m3ncsyod40qcuw2zf\"\/><br \/>\nKang, S.-K., &#038; Kim, W. (2008). Work-related musculoskeletal disorders in firefighters. Journal of the Korean Medical Association, 51(12), 1111-1117. <br class=\"m3ncsyod40qcuw2zf\"\/><br \/>\n<br class=\"m3ncsyod40qcuw2zf\"\/><br \/>\nKarine, S., Esra, T., &#038; Plamen, P. (2004). Sleep curtailment in healthy young men is assocated with decreased leptin leveles, elevated ghrelin levels, and increased hunger and appetite. American College of Physicians, 141, 846-850. <br class=\"m3ncsyod40qcuw2zf\"\/><br \/>\n<br class=\"m3ncsyod40qcuw2zf\"\/><br \/>\nKeith, S. W., Redden, D. T., Katzmarzyk, P. T., Boggiano, M. M., Hanlon, E. C., Benca, R. M., . . . Fontaine, K. (2006). Putative contributors to the secular increase in obesity: exploring the roads less traveled. International journal of obesity, 30(11), 1585-1594. <br class=\"m3ncsyod40qcuw2zf\"\/><br \/>\n<br class=\"m3ncsyod40qcuw2zf\"\/><br \/>\nKim, M. G., Kim, K.-S., Ryoo, J.-H., &#038; Yoo, S.-W. (2013). Relationship between occupational stress and work-related musculoskeletal disorders in Korean male firefighters. Annals of occupational and environmental medicine, 25(1), 1. <br class=\"m3ncsyod40qcuw2zf\"\/><br \/>\n<br class=\"m3ncsyod40qcuw2zf\"\/><br \/>\nKleiser, C., Rosario, A. S., Mensink, G. B., Prinz-Langenohl, R., &#038; Kurth, B.-M. (2009). Potential determinants of obesity among children and adolescents in Germany: results from the cross-sectional KiGGS Study. BMC public health, 9(1), 46. <br class=\"m3ncsyod40qcuw2zf\"\/><br \/>\n<br class=\"m3ncsyod40qcuw2zf\"\/><br \/>\nKuorinka, I., Jonsson, B., Kilbom, A., Vinterberg, H., Biering-Sorensen, F., Andersson, G., &#038; Jorgensen, K. (1987). Standardised Nordic questionnaires for the analysis of musculoskeletal symptoms. Appl Ergon, 18(3), 233-237. <br class=\"m3ncsyod40qcuw2zf\"\/><br \/>\n<br class=\"m3ncsyod40qcuw2zf\"\/><br \/>\nLasa, L., Ayuso-Mateos, J., Vazquez-Barquero, J., D\u0131ez-Manrique, F., &#038; Dowrick, C. (2000). The use of the Beck Depression Inventory to screen for depression in the general population: a preliminary analysis. Journal of affective disorders, 57(1), 261-265. <br class=\"m3ncsyod40qcuw2zf\"\/><br \/>\n<br class=\"m3ncsyod40qcuw2zf\"\/><br \/>\nLim, D.-K., Baek, K.-O., Chung, I.-S., &#038; Lee, M.-Y. (2014). Factors related to sleep disorders among male firefighters. Annals of occupational and environmental medicine, 26(1), 1. <br class=\"m3ncsyod40qcuw2zf\"\/><br \/>\n<br class=\"m3ncsyod40qcuw2zf\"\/><br \/>\nLohsoonthorn, V., Khidir, H., Casillas, G., Lertmaharit, S., Tadesse, M. G., Pensuksan, W. C., . . . Williams, M. A. (2013). Sleep quality and sleep patterns in relation to consumption of energy drinks, caffeinated beverages, and other stimulants among Thai college students. Sleep and Breathing, 17(3), 1017-1028. <br class=\"m3ncsyod40qcuw2zf\"\/><br \/>\n<br class=\"m3ncsyod40qcuw2zf\"\/><br \/>\nMehrdad, R., Haghighi, K. S., &#038; Esfahani, A. H. N. (2013). Sleep quality of professional firefighters. International journal of preventive medicine, 4(9). <br class=\"m3ncsyod40qcuw2zf\"\/><br \/>\n<br class=\"m3ncsyod40qcuw2zf\"\/><br \/>\nMollayeva, T., Thurairajah, P., Burton, K., Mollayeva, S., Shapiro, C. M., &#038; Colantonio, A. (2015). The Pittsburgh sleep quality index as a screening tool for sleep dysfunction in clinical and non-clinical samples: A systematic review and meta-analysis. Sleep medicine reviews. <br class=\"m3ncsyod40qcuw2zf\"\/><br \/>\n<br class=\"m3ncsyod40qcuw2zf\"\/><br \/>\nSalazar, A., Due\u00f1as, M., Ojeda, B., &#038; Failde, I. (2014). Peer Reviewed: Association of Painful Musculoskeletal Conditions and Migraine Headache With Mental and Sleep Disorders Among Adults With Disabilities, Spain, 2007\u20132008. Preventing chronic disease, 11. <br class=\"m3ncsyod40qcuw2zf\"\/><br \/>\n<br class=\"m3ncsyod40qcuw2zf\"\/><br \/>\nSeegers, V., Petit, D., Falissard, B., Vitaro, F., Tremblay, R. E., Montplaisir, J., &#038; Touchette, E. (2011). Short sleep duration and body mass index: a prospective longitudinal study in preadolescence. American journal of epidemiology, 173(6), 621-629. <br class=\"m3ncsyod40qcuw2zf\"\/><br \/>\n<br class=\"m3ncsyod40qcuw2zf\"\/><br \/>\nSpiegel, K., Tasali, E., Leproult, R., &#038; Van Cauter, E. (2009). Effects of poor and short sleep on glucose metabolism and obesity risk. Nature Reviews Endocrinology, 5(5), 253-261. <br class=\"m3ncsyod40qcuw2zf\"\/><br \/>\n<br class=\"m3ncsyod40qcuw2zf\"\/><br \/>\nSzubert, Z., &#038; Sobala, W. (2001). [Health reason for firefighters to leave their job]. Medycyna pracy, 53(4), 291-298. <br class=\"m3ncsyod40qcuw2zf\"\/><br \/>\n<br class=\"m3ncsyod40qcuw2zf\"\/><br \/>\nTang, N. K., Goodchild, C. E., Sanborn, A. N., Howard, J., &#038; Salkovskis, P. M. (2012). Deciphering the temporal link between pain and sleep in a heterogeneous chronic pain patient sample: a multilevel daily process study. Sleep,(5) 35.687-675.<br class=\"m3ncsyod40qcuw2zf\"\/><br \/>\n<br class=\"m3ncsyod40qcuw2zf\"\/><br \/>\nVorona, R. D., Winn, M. P., Babineau, T. W., Eng, B. P., Feldman, H. R., &#038; Ware, J. C. (2005). Overweight and obese patients in a primary care population report less sleep than patients with a normal body mass index. Archives of Internal Medicine, 165(1), 25-30.\n                <\/div>\n<\/p><\/div>\n<\/p><\/div>\n<div class=\"RightArticle\">\n<div class=\"RightBlokExp\" onclick=\"location.href='guideforauthors.aspx'\">\n                <img decoding=\"async\" src=\"[get_bloginfo]url[\/get_bloginfo]\/files\/ing\/images\/template\/guide.png\" alt=\"\"\/><b>GUIDE FOR AUTHORS<\/b>\n            <\/div>\n<div class=\"RightBlokExp\" onclick=\"location.href='editorialboard.aspx'\">\n                <img decoding=\"async\" src=\"[get_bloginfo]url[\/get_bloginfo]\/files\/ing\/images\/template\/team.png\" alt=\"\"\/><b>EDITORIAL BOARD<\/b>\n            <\/div>\n<div class=\"RightBlokExp\" onclick=\"location.href='about.aspx'\">\n                <img decoding=\"async\" src=\"[get_bloginfo]url[\/get_bloginfo]\/files\/ing\/images\/template\/about.png\" alt=\"\"\/><b>ABOUT JOURNAL<\/b>\n            <\/div>\n<div class=\"RightBlokExp\" onclick=\"location.href='indexing.aspx'\">\n                <img decoding=\"async\" src=\"[get_bloginfo]url[\/get_bloginfo]\/files\/ing\/images\/template\/index.png\" alt=\"\"\/><b>INDEXED IN<\/b>\n            <\/div>\n<div class=\"RightBlokExp\" onclick=\"location.href='aheadofprint.aspx'\">\n                <img decoding=\"async\" src=\"[get_bloginfo]url[\/get_bloginfo]\/files\/ing\/images\/template\/sonlinefirst.png\" alt=\"\"\/><b>AHEAD OF PRINT<\/b>\n            <\/div>\n<div class=\"RightBlokExp\" onclick=\"location.href='archive.aspx'\">\n                <img decoding=\"async\" src=\"[get_bloginfo]url[\/get_bloginfo]\/files\/ing\/images\/template\/sarsiv.png\" alt=\"\"\/><b>ARCHIVES<\/b>\n            <\/div>\n<div class=\"RightBlokExp\" onclick=\"location.href='[get_bloginfo]url[\/get_bloginfo]\/ing\/default.html'\">\n                <img decoding=\"async\" src=\"[get_bloginfo]url[\/get_bloginfo]\/files\/ing\/images\/template\/new.png\" alt=\"\"\/><b>CURRENT ISSUE<\/b>\n            <\/div>\n<div class=\"RightBlokExp\" onclick=\"location.href='contact.aspx'\">\n                <img decoding=\"async\" src=\"[get_bloginfo]url[\/get_bloginfo]\/files\/ing\/images\/template\/contact.png\" alt=\"\"\/><b>CONTACT US<\/b>\n            <\/div>\n<\/p><\/div>\n<\/p><\/div>\n<p>    <!---SayfaOrtaYazilariBitiyor---><br \/>\n        <!---Fotterstart---><\/p>\n","protected":false},"excerpt":{"rendered":"<p>SUBMIT YOUR MANUSCRIPT Register Author Login Reviewer Login \u00a9 Copyright Transfer Form Factors Affecting Sleep Quality in Firefighters Mahnaz Abbasi, Majid Rajabi, Zohreh Yazdi, Ali Akbar Shafikhani Sleep and Hypnosis: A Journal of Clinical Neuroscience and Psychopathology 2018;20(4):283-289 http:\/\/dx.doi.org\/10.5350\/Sleep.Hypn.2018.20.0163 Background: Identifying factors affecting the quality of sleep in firefighters is of significant importance. Good sleep [&hellip;]<\/p>\n","protected":false},"author":0,"featured_media":0,"parent":0,"menu_order":0,"comment_status":"closed","ping_status":"closed","template":"template_3.php","meta":{"om_disable_all_campaigns":false,"footnotes":""},"class_list":["post-529","page","type-page","status-publish","hentry","post-wrapper","thrv_wrapper"],"aioseo_notices":[],"_links":{"self":[{"href":"https:\/\/sleepandhypnosis.org\/research\/wp-json\/wp\/v2\/pages\/529","targetHints":{"allow":["GET"]}}],"collection":[{"href":"https:\/\/sleepandhypnosis.org\/research\/wp-json\/wp\/v2\/pages"}],"about":[{"href":"https:\/\/sleepandhypnosis.org\/research\/wp-json\/wp\/v2\/types\/page"}],"replies":[{"embeddable":true,"href":"https:\/\/sleepandhypnosis.org\/research\/wp-json\/wp\/v2\/comments?post=529"}],"version-history":[{"count":0,"href":"https:\/\/sleepandhypnosis.org\/research\/wp-json\/wp\/v2\/pages\/529\/revisions"}],"wp:attachment":[{"href":"https:\/\/sleepandhypnosis.org\/research\/wp-json\/wp\/v2\/media?parent=529"}],"curies":[{"name":"wp","href":"https:\/\/api.w.org\/{rel}","templated":true}]}}