{"id":484,"date":"2024-06-20T17:06:12","date_gmt":"2024-06-20T17:06:12","guid":{"rendered":"http:\/\/sleepandhypnosis.org\/research\/abstract-mkid-220\/"},"modified":"2024-06-20T17:06:12","modified_gmt":"2024-06-20T17:06:12","slug":"abstract-mkid-220","status":"publish","type":"page","link":"https:\/\/sleepandhypnosis.org\/research\/abstract-mkid-220\/","title":{"rendered":"Abstract Mkid 220"},"content":{"rendered":"<div class=\"SectionUst\">\n<div class=\"SectionSlayt\">\n<div><img decoding=\"async\" src=\"[get_bloginfo]url[\/get_bloginfo]\/files\/ing\/images\/banner\/9b4cdc717.png\" alt=\"\"\/><\/div>\n<\/p><\/div>\n<div class=\"SectionLogin\">\n<div class=\"ScopeMedmnu\">\n<div class=\"ScopeBaslik\">\n                        SUBMIT YOUR MANUSCRIPT<\/div>\n<div class=\"ScopeLink\">\n<div class=\"Newuser Scolinkstil\">\n                            <b>Register<\/b>\n                        <\/div>\n<div class=\"gouser Scolinkstil\">\n                            <b>Author Login<\/b><\/div>\n<div class=\"reviewer Scolinkstil\">\n                            <a href=\"http:\/\/www.ejmanager.com\/reviewers\/index.php?isl=login\" target=\"_blank\" rel=\"noopener\"><b>Reviewer Login<\/b><\/a><\/div>\n<div class=\"telif Scolinkstil\">\n                            <a href=\"[get_bloginfo]url[\/get_bloginfo]\/files\/word\/copyrighttransferform.pdf\" target=\"_blank\" rel=\"noopener\">\u00a9 Copyright Transfer Form<\/a><\/div>\n<\/p><\/div>\n<div style=\"float:left; margin-top:125px; margin-left:70px;\">\n                    <!-- Go to www.addthis.com\/dashboard to customize your tools --><\/p>\n<div class=\"addthis_sharing_toolbox\"><\/div>\n<\/p><\/div>\n<\/p><\/div>\n<\/p><\/div>\n<\/p><\/div>\n<p>        <!----SayfaORtas\u0131bitiyor---><br \/>\n    <!---SayfaOrtaYazilariBas\u015fliyot---><\/p>\n<div class=\"ArticleTitle\">\n<div class=\"ABaslik\">\n        <\/div>\n<\/p><\/div>\n<div class=\"ArticleX\">\n<div class=\"leftArticlecover\">\n<div class=\"covarticle\">\n<div class=\"Baslik\">\n                    A Supportive Therapeutic and Diagnostic Modality: Sleep Deprivation\n                <\/div>\n<div class=\"icerikyazar\">\n                    Pinar Guzel Ozdemir, Ercan Atilla\n                <\/div>\n<div style=\"float: left; font-size: 14px; margin-top: 20px; padding-top: 2px; margin-bottom: 20px; color: #666666; font-style: italic;\">Sleep and Hypnosis: A Journal of Clinical Neuroscience and Psychopathology 2017;19(3):78-79<\/div>\n<div class=\"doilink\">http:\/\/dx.doi.org\/10.5350\/Sleep.Hypn.2016.18.0121<\/div>\n<div style=\"float: left; margin-top: 20px; margin-bottom: 20px;\">\n                    <!-- Go to www.addthis.com\/dashboard to customize your tools --><\/p>\n<div class=\"addthis_native_toolbox\"><\/div>\n<\/p><\/div>\n<div class=\"icerikyazi\">\n                <\/div>\n<div class=\"icerikkeyw\">\n                    <b>Keywords:<\/b>\n                <\/div>\n<div class=\"down\">\n                    <a href=\"[get_bloginfo]url[\/get_bloginfo]\/files\/ing\/pdf\/61ec419c59eb4af28671c7ac2a47df29.pdf\" rel=\"nofollow noopener\" target=\"_blank\"><br \/>\n                        <img decoding=\"async\" src=\"[get_bloginfo]url[\/get_bloginfo]\/files\/ing\/images\/template\/pdftambtn.png\" alt=\"indir\"\/><\/a><br \/>\n                    <br class=\"m3ncsyod40qcuw2zf\"\/><br \/>\n                    <br class=\"m3ncsyod40qcuw2zf\"\/>\n                <\/div>\n<div class=\"References\">\n<div style=\"float: left; width: 640px;\"><b>REFERENCES<\/b><\/div>\n<p>                    Dopiera\u0142a, E., &#038; Rybakowski, J. (2015). Sleep deprivation as a method of chronotherapy in the treatment of depression. Psychiatria Polska, 49(3), 423-433.<br class=\"m3ncsyod40qcuw2zf\"><br class=\"m3ncsyod40qcuw2zf\"><br \/>\nGiedke, H., &#038; Schw\u00e4rzler, F. (2002). Therapeutic use of sleep deprivation in depression. Sleep Medicine Reviews, 6 (5), 361-377. <br class=\"m3ncsyod40qcuw2zf\"><br class=\"m3ncsyod40qcuw2zf\"><br \/>\nGiorgi, F.S., Guida, M., Caciagli, L., Maestri, M., Carnicelli, L., Bonanni, E., &#038; Bonuccelli, U. (2014). What is the role for EEG after sleep deprivation in the diagnosis of epilepsy? Issues, controversies, and future directions. Neuroscience &#038; Biobehavioral Reviews, 47, 533-548.<br class=\"m3ncsyod40qcuw2zf\"><br class=\"m3ncsyod40qcuw2zf\"><br \/>\nLeibenluft, E., &#038; Wehr T. (1992). Is sleep deprivation useful in the treatment of depression? American Journal of Psychiatry, 149(2), 159-168.<br class=\"m3ncsyod40qcuw2zf\"><br class=\"m3ncsyod40qcuw2zf\"><br \/>\nPflug, B. &#038; Tolle, R. (1971). Disturbance of the 24-hour rhythm in endogenous depression and the treatment of endogenous depression by sleep deprivation. International Pharmacopsychiatry, 6, 187.<br class=\"m3ncsyod40qcuw2zf\"><br class=\"m3ncsyod40qcuw2zf\"><br \/>\nPilkington, S. (2013). Causes and consequences of sleep deprivation in hospitalised patients. Nursing Standard, 27(49), 35-42.<br class=\"m3ncsyod40qcuw2zf\"><br class=\"m3ncsyod40qcuw2zf\"><br \/>\nRenzel, R., Baumann, C.R., &#038; Poryazova, R. (2016). EEG after sleep deprivation is a sensitive tool in the first diagnosis of idiopathic generalized but not focal epilepsy. Clinical Neurophysiology, 127(1), 209\u2013213. <br class=\"m3ncsyod40qcuw2zf\"><br class=\"m3ncsyod40qcuw2zf\"><br \/>\nSelvi, Y., K\u0131l\u0131\u00e7, S., Ayd\u0131n, A., &#038; \u00d6zdemir, P.G. (2015). The effects of sleep deprivation on dissociation and profiles of mood, and its association with biochemical changes. Archives of Neuropsychiatry, 52(1), 83-88.<br class=\"m3ncsyod40qcuw2zf\"><br class=\"m3ncsyod40qcuw2zf\"><br \/>\nWirz-Justice, A., Benedetti, F., &#038; Terman, M. (2013). Chronotherapeutics for affective disorders. A clinician\u2019s manual for light and wake therapy. Basel: Karger.\n                <\/div>\n<\/p><\/div>\n<\/p><\/div>\n<div class=\"RightArticle\">\n<div class=\"RightBlokExp\" onclick=\"location.href='guideforauthors.aspx'\">\n                <img decoding=\"async\" src=\"[get_bloginfo]url[\/get_bloginfo]\/files\/ing\/images\/template\/guide.png\" alt=\"\"\/><b>GUIDE FOR AUTHORS<\/b>\n            <\/div>\n<div class=\"RightBlokExp\" onclick=\"location.href='editorialboard.aspx'\">\n                <img decoding=\"async\" src=\"[get_bloginfo]url[\/get_bloginfo]\/files\/ing\/images\/template\/team.png\" alt=\"\"\/><b>EDITORIAL BOARD<\/b>\n            <\/div>\n<div class=\"RightBlokExp\" onclick=\"location.href='about.aspx'\">\n                <img decoding=\"async\" src=\"[get_bloginfo]url[\/get_bloginfo]\/files\/ing\/images\/template\/about.png\" alt=\"\"\/><b>ABOUT JOURNAL<\/b>\n            <\/div>\n<div class=\"RightBlokExp\" onclick=\"location.href='indexing.aspx'\">\n                <img decoding=\"async\" src=\"[get_bloginfo]url[\/get_bloginfo]\/files\/ing\/images\/template\/index.png\" alt=\"\"\/><b>INDEXED IN<\/b>\n            <\/div>\n<div class=\"RightBlokExp\" onclick=\"location.href='aheadofprint.aspx'\">\n                <img decoding=\"async\" src=\"[get_bloginfo]url[\/get_bloginfo]\/files\/ing\/images\/template\/sonlinefirst.png\" alt=\"\"\/><b>AHEAD OF PRINT<\/b>\n            <\/div>\n<div class=\"RightBlokExp\" onclick=\"location.href='archive.aspx'\">\n                <img decoding=\"async\" src=\"[get_bloginfo]url[\/get_bloginfo]\/files\/ing\/images\/template\/sarsiv.png\" alt=\"\"\/><b>ARCHIVES<\/b>\n            <\/div>\n<div class=\"RightBlokExp\" onclick=\"location.href='[get_bloginfo]url[\/get_bloginfo]\/ing\/default.html'\">\n                <img decoding=\"async\" src=\"[get_bloginfo]url[\/get_bloginfo]\/files\/ing\/images\/template\/new.png\" alt=\"\"\/><b>CURRENT ISSUE<\/b>\n            <\/div>\n<div class=\"RightBlokExp\" onclick=\"location.href='contact.aspx'\">\n                <img decoding=\"async\" src=\"[get_bloginfo]url[\/get_bloginfo]\/files\/ing\/images\/template\/contact.png\" alt=\"\"\/><b>CONTACT US<\/b>\n            <\/div>\n<\/p><\/div>\n<\/p><\/div>\n<p>    <!---SayfaOrtaYazilariBitiyor---><br \/>\n        <!---Fotterstart---><\/p>\n","protected":false},"excerpt":{"rendered":"<p>SUBMIT YOUR MANUSCRIPT Register Author Login Reviewer Login \u00a9 Copyright Transfer Form A Supportive Therapeutic and Diagnostic Modality: Sleep Deprivation Pinar Guzel Ozdemir, Ercan Atilla Sleep and Hypnosis: A Journal of Clinical Neuroscience and Psychopathology 2017;19(3):78-79 http:\/\/dx.doi.org\/10.5350\/Sleep.Hypn.2016.18.0121 Keywords: REFERENCES Dopiera\u0142a, E., &#038; Rybakowski, J. (2015). Sleep deprivation as a method of chronotherapy in the treatment [&hellip;]<\/p>\n","protected":false},"author":0,"featured_media":0,"parent":0,"menu_order":0,"comment_status":"closed","ping_status":"closed","template":"template_3.php","meta":{"om_disable_all_campaigns":false,"footnotes":""},"class_list":["post-484","page","type-page","status-publish","hentry","post-wrapper","thrv_wrapper"],"aioseo_notices":[],"_links":{"self":[{"href":"https:\/\/sleepandhypnosis.org\/research\/wp-json\/wp\/v2\/pages\/484","targetHints":{"allow":["GET"]}}],"collection":[{"href":"https:\/\/sleepandhypnosis.org\/research\/wp-json\/wp\/v2\/pages"}],"about":[{"href":"https:\/\/sleepandhypnosis.org\/research\/wp-json\/wp\/v2\/types\/page"}],"replies":[{"embeddable":true,"href":"https:\/\/sleepandhypnosis.org\/research\/wp-json\/wp\/v2\/comments?post=484"}],"version-history":[{"count":0,"href":"https:\/\/sleepandhypnosis.org\/research\/wp-json\/wp\/v2\/pages\/484\/revisions"}],"wp:attachment":[{"href":"https:\/\/sleepandhypnosis.org\/research\/wp-json\/wp\/v2\/media?parent=484"}],"curies":[{"name":"wp","href":"https:\/\/api.w.org\/{rel}","templated":true}]}}