{"id":465,"date":"2024-06-20T17:06:11","date_gmt":"2024-06-20T17:06:11","guid":{"rendered":"http:\/\/sleepandhypnosis.org\/research\/abstract-mkid-201\/"},"modified":"2024-06-20T17:06:11","modified_gmt":"2024-06-20T17:06:11","slug":"abstract-mkid-201","status":"publish","type":"page","link":"https:\/\/sleepandhypnosis.org\/research\/abstract-mkid-201\/","title":{"rendered":"Abstract Mkid 201"},"content":{"rendered":"<div class=\"SectionUst\">\n<div class=\"SectionSlayt\">\n<div><img decoding=\"async\" src=\"[get_bloginfo]url[\/get_bloginfo]\/files\/ing\/images\/banner\/9b4cdc717.png\" alt=\"\"\/><\/div>\n<\/p><\/div>\n<div class=\"SectionLogin\">\n<div class=\"ScopeMedmnu\">\n<div class=\"ScopeBaslik\">\n                        SUBMIT YOUR MANUSCRIPT<\/div>\n<div class=\"ScopeLink\">\n<div class=\"Newuser Scolinkstil\">\n                            <b>Register<\/b>\n                        <\/div>\n<div class=\"gouser Scolinkstil\">\n                            <b>Author Login<\/b><\/div>\n<div class=\"reviewer Scolinkstil\">\n                            <a href=\"http:\/\/www.ejmanager.com\/reviewers\/index.php?isl=login\" target=\"_blank\" rel=\"noopener\"><b>Reviewer Login<\/b><\/a><\/div>\n<div class=\"telif Scolinkstil\">\n                            <a href=\"[get_bloginfo]url[\/get_bloginfo]\/files\/word\/copyrighttransferform.pdf\" target=\"_blank\" rel=\"noopener\">\u00a9 Copyright Transfer Form<\/a><\/div>\n<\/p><\/div>\n<div style=\"float:left; margin-top:125px; margin-left:70px;\">\n                    <!-- Go to www.addthis.com\/dashboard to customize your tools --><\/p>\n<div class=\"addthis_sharing_toolbox\"><\/div>\n<\/p><\/div>\n<\/p><\/div>\n<\/p><\/div>\n<\/p><\/div>\n<p>        <!----SayfaORtas\u0131bitiyor---><br \/>\n    <!---SayfaOrtaYazilariBas\u015fliyot---><\/p>\n<div class=\"ArticleTitle\">\n<div class=\"ABaslik\">\n        <\/div>\n<\/p><\/div>\n<div class=\"ArticleX\">\n<div class=\"leftArticlecover\">\n<div class=\"covarticle\">\n<div class=\"Baslik\">\n                    Influence of Body Composition on Sleep in People Who Exercise\n                <\/div>\n<div class=\"icerikyazar\">\n                    Ismael San Mauro Mart\u00edn, Paulina Gudalewska, Licia de la Calle de la Rosa, Miguel Gonz\u00e1lez Fern\u00e1ndez, Ana Meg\u00edas Gamarra, Bel\u00e9n Miralles Rivera, M\u00aa \u00c1ngeles Bonilla Navarro, Ana Mar\u00eda Ruiz Le\u00f3n, Esther Moraleda Ponzol, Elena Garicano Vilar\n                <\/div>\n<div style=\"float: left; font-size: 14px; margin-top: 20px; padding-top: 2px; margin-bottom: 20px; color: #666666; font-style: italic;\">Sleep and Hypnosis: A Journal of Clinical Neuroscience and Psychopathology 2016;18(1):2-7<\/div>\n<div class=\"doilink\">http:\/\/dx.doi.org\/10.5350\/Sleep.Hypn.2016.180102<\/div>\n<div style=\"float: left; margin-top: 20px; margin-bottom: 20px;\">\n                    <!-- Go to www.addthis.com\/dashboard to customize your tools --><\/p>\n<div class=\"addthis_native_toolbox\"><\/div>\n<\/p><\/div>\n<div class=\"icerikyazi\">\n                    Study objective: Epidemiological studies have shown an inverse relationship between sleep duration and body mass<br \/>\nindex. Respiratory sleep problems are also correlated with abdominal adiposity and fat mass indicators. We analyzed if<br \/>\nbody fat has influence on sleep duration and quality, according to percentiles, gender and exercise.<br \/>\n<br class=\"m3ncsyod40qcuw2zf\"><br class=\"m3ncsyod40qcuw2zf\"><br \/>\nMethods: An observational, descriptive, retrospective study with 264 subjects from different sports clubs and gyms in<br \/>\nthe Community of Madrid was conducted. Anthropometric measurements (weight, height, BMI, body fat %, fat free<br \/>\nmass, waist circumference, basal metabolic rate) and a questionnaire, including medical history, eating habits, sleep<br \/>\nand exercise items, were taken. Different percentiles for body fat % were calculated according to gender and age.<br \/>\nParticipants were classified into three groups: percentile&lt;45, between 45-55 and percentile&gt;55. Data analysis was<br \/>\nperformed with SPSS\u00ae 20 software. Quantitative variables were presented as mean\u00b1standard-deviation; qualitative<br \/>\nvariables as absolute frequencies and percentages.<br \/>\n<br class=\"m3ncsyod40qcuw2zf\"><br class=\"m3ncsyod40qcuw2zf\"><br \/>\nResults: Men and women slept the same number of hours and had similar body fat % percentiles. No relationship<br \/>\nbetween body fat and sleep quality was found. Subjects with percentile &gt;55 had longer sleep duration than percentile<br \/>\n&lt;45 and 45-55.<br \/>\n<br class=\"m3ncsyod40qcuw2zf\"><br class=\"m3ncsyod40qcuw2zf\"><br \/>\nConclusion: Body composition influences on sleep, being worse in individuals with obesity and better in individuals<br \/>\nwho exercise.\n                <\/div>\n<div class=\"icerikkeyw\">\n                    <b>Keywords:<\/b><br \/>\n                    Physical activity, obesity, somnolence, health, overweight\n                <\/div>\n<div class=\"down\">\n                    <a href=\"[get_bloginfo]url[\/get_bloginfo]\/files\/ing\/pdf\/381a856d9433456fb8885549881cf560.pdf\" rel=\"nofollow noopener\" target=\"_blank\"><br \/>\n                        <img decoding=\"async\" src=\"[get_bloginfo]url[\/get_bloginfo]\/files\/ing\/images\/template\/pdftambtn.png\" alt=\"indir\"\/><\/a><br \/>\n                    <br class=\"m3ncsyod40qcuw2zf\"\/><br \/>\n                    <br class=\"m3ncsyod40qcuw2zf\"\/>\n                <\/div>\n<\/p><\/div>\n<\/p><\/div>\n<div class=\"RightArticle\">\n<div class=\"RightBlokExp\" onclick=\"location.href='guideforauthors.aspx'\">\n                <img decoding=\"async\" src=\"[get_bloginfo]url[\/get_bloginfo]\/files\/ing\/images\/template\/guide.png\" alt=\"\"\/><b>GUIDE FOR AUTHORS<\/b>\n            <\/div>\n<div class=\"RightBlokExp\" onclick=\"location.href='editorialboard.aspx'\">\n                <img decoding=\"async\" src=\"[get_bloginfo]url[\/get_bloginfo]\/files\/ing\/images\/template\/team.png\" alt=\"\"\/><b>EDITORIAL BOARD<\/b>\n            <\/div>\n<div class=\"RightBlokExp\" onclick=\"location.href='about.aspx'\">\n                <img decoding=\"async\" src=\"[get_bloginfo]url[\/get_bloginfo]\/files\/ing\/images\/template\/about.png\" alt=\"\"\/><b>ABOUT JOURNAL<\/b>\n            <\/div>\n<div class=\"RightBlokExp\" onclick=\"location.href='indexing.aspx'\">\n                <img decoding=\"async\" src=\"[get_bloginfo]url[\/get_bloginfo]\/files\/ing\/images\/template\/index.png\" alt=\"\"\/><b>INDEXED IN<\/b>\n            <\/div>\n<div class=\"RightBlokExp\" onclick=\"location.href='aheadofprint.aspx'\">\n                <img decoding=\"async\" src=\"[get_bloginfo]url[\/get_bloginfo]\/files\/ing\/images\/template\/sonlinefirst.png\" alt=\"\"\/><b>AHEAD OF PRINT<\/b>\n            <\/div>\n<div class=\"RightBlokExp\" onclick=\"location.href='archive.aspx'\">\n                <img decoding=\"async\" src=\"[get_bloginfo]url[\/get_bloginfo]\/files\/ing\/images\/template\/sarsiv.png\" alt=\"\"\/><b>ARCHIVES<\/b>\n            <\/div>\n<div class=\"RightBlokExp\" onclick=\"location.href='[get_bloginfo]url[\/get_bloginfo]\/ing\/default.html'\">\n                <img decoding=\"async\" src=\"[get_bloginfo]url[\/get_bloginfo]\/files\/ing\/images\/template\/new.png\" alt=\"\"\/><b>CURRENT ISSUE<\/b>\n            <\/div>\n<div class=\"RightBlokExp\" onclick=\"location.href='contact.aspx'\">\n                <img decoding=\"async\" src=\"[get_bloginfo]url[\/get_bloginfo]\/files\/ing\/images\/template\/contact.png\" alt=\"\"\/><b>CONTACT US<\/b>\n            <\/div>\n<\/p><\/div>\n<\/p><\/div>\n<p>    <!---SayfaOrtaYazilariBitiyor---><br \/>\n        <!---Fotterstart---><\/p>\n","protected":false},"excerpt":{"rendered":"<p>SUBMIT YOUR MANUSCRIPT Register Author Login Reviewer Login \u00a9 Copyright Transfer Form Influence of Body Composition on Sleep in People Who Exercise Ismael San Mauro Mart\u00edn, Paulina Gudalewska, Licia de la Calle de la Rosa, Miguel Gonz\u00e1lez Fern\u00e1ndez, Ana Meg\u00edas Gamarra, Bel\u00e9n Miralles Rivera, M\u00aa \u00c1ngeles Bonilla Navarro, Ana Mar\u00eda Ruiz Le\u00f3n, Esther Moraleda Ponzol, [&hellip;]<\/p>\n","protected":false},"author":0,"featured_media":0,"parent":0,"menu_order":0,"comment_status":"closed","ping_status":"closed","template":"template_3.php","meta":{"om_disable_all_campaigns":false,"footnotes":""},"class_list":["post-465","page","type-page","status-publish","hentry","post-wrapper","thrv_wrapper"],"aioseo_notices":[],"_links":{"self":[{"href":"https:\/\/sleepandhypnosis.org\/research\/wp-json\/wp\/v2\/pages\/465","targetHints":{"allow":["GET"]}}],"collection":[{"href":"https:\/\/sleepandhypnosis.org\/research\/wp-json\/wp\/v2\/pages"}],"about":[{"href":"https:\/\/sleepandhypnosis.org\/research\/wp-json\/wp\/v2\/types\/page"}],"replies":[{"embeddable":true,"href":"https:\/\/sleepandhypnosis.org\/research\/wp-json\/wp\/v2\/comments?post=465"}],"version-history":[{"count":0,"href":"https:\/\/sleepandhypnosis.org\/research\/wp-json\/wp\/v2\/pages\/465\/revisions"}],"wp:attachment":[{"href":"https:\/\/sleepandhypnosis.org\/research\/wp-json\/wp\/v2\/media?parent=465"}],"curies":[{"name":"wp","href":"https:\/\/api.w.org\/{rel}","templated":true}]}}