{"id":350,"date":"2024-06-20T17:06:02","date_gmt":"2024-06-20T17:06:02","guid":{"rendered":"http:\/\/sleepandhypnosis.org\/research\/information\/"},"modified":"2024-06-20T17:06:02","modified_gmt":"2024-06-20T17:06:02","slug":"information","status":"publish","type":"page","link":"https:\/\/sleepandhypnosis.org\/research\/information\/","title":{"rendered":"Information"},"content":{"rendered":"<table width=\"100%\" border=\"0\" cellpadding=\"0\" cellspacing=\"0\">\n<tr>\n<td background=\"[get_bloginfo]url[\/get_bloginfo]\/files\/images\/searchbg.gif\">\n<table border=\"0\" cellpadding=\"0\" cellspacing=\"0\">\n<tr>\n<td width=\"553\">\n<table width=\"100%\" border=\"0\" cellpadding=\"0\" cellspacing=\"0\">\n<tr>\n<td width=\"400\" class=\"metingri1\"><strong><font color=\"#ffffff\"><img loading=\"lazy\" decoding=\"async\" src=\"[get_bloginfo]url[\/get_bloginfo]\/files\/images\/clr.gif\" width=\"17\" height=\"1\">INFORMATION TO AUTHORS<\/font><\/strong><\/td>\n<td width=\"100\"><\/td>\n<form action=\"[get_bloginfo]url[\/get_bloginfo]\/search.html\" method=\"post\" name=\"search\">\n<td align=\"right\"><!---<IMG SRC=\"images\/find.gif\" WIDTH=\"20\" HEIGHT=\"19\" BORDER=0 ALT=\"\">--><\/td>\n<td height=\"25\" align=\"right\"><font face=\"verdana\" size=\"1\"><!--<select name=\"searchtype\" class=\"inputselect\"> \n<option value=\"w\">within site<\/option>\n <\/select>--><\/font><\/td>\n<\/tr>\n<\/table>\n<\/td>\n<td>\n<table width=\"209\" background=\"[get_bloginfo]url[\/get_bloginfo]\/files\/images\/s_bg.gif\" border=\"0\" cellpadding=\"0\" cellspacing=\"0\" height=\"25\">\n<tr>\n<td><img loading=\"lazy\" decoding=\"async\" src=\"[get_bloginfo]url[\/get_bloginfo]\/files\/images\/clr.gif\" width=\"5\" height=\"1\"><\/td>\n<td height=\"25\"><input type=\"text\" name=\"keyword\" size=\"16\" class=\"inputsearch\"><\/td>\n<td><input type=\"image\" src=\"[get_bloginfo]url[\/get_bloginfo]\/files\/images\/buttons\/search.gif\" border=\"0\"><\/td>\n<td><img loading=\"lazy\" decoding=\"async\" src=\"[get_bloginfo]url[\/get_bloginfo]\/files\/images\/clr.gif\" width=\"5\" height=\"1\"><\/td>\n<\/tr>\n<\/form>\n<\/table>\n<\/td>\n<\/tr>\n<\/table>\n<\/td>\n<\/tr>\n<\/table>\n<p><!-- search bar \/end --><\/p>\n<table width=\"100%\" border=\"0\" cellpadding=\"0\" cellspacing=\"0\" bgcolor=\"#ffffff\">\n<tr>\n<td>\n<table width=\"762\" border=\"0\" cellpadding=\"0\" cellspacing=\"0\">\n<tr>\n<td valign=\"top\">\n<!-- icerik --><br \/>\n<img loading=\"lazy\" decoding=\"async\" src=\"[get_bloginfo]url[\/get_bloginfo]\/files\/images\/clr.gif\" width=\"1\" height=\"5\"><br class=\"m3ncsyod40qcuw2zf\"><\/p>\n<table border=\"0\" cellpadding=\"0\" cellspacing=\"0\">\n<tr>\n<td width=\"18\"><img loading=\"lazy\" decoding=\"async\" src=\"[get_bloginfo]url[\/get_bloginfo]\/files\/images\/clr.gif\" width=\"10\" height=\"1\"><\/td>\n<td valign=\"top\">\n<!-- icerik \/\/\/\/\/\/\/\/\/\/\/\/\/\/\/\/\/\/\/\/\/\/\/  -->\n<\/td>\n<td valign=\"top\" bgcolor=\"#ffffff\" background=\"[get_bloginfo]url[\/get_bloginfo]\/files\/images\/clr.gif\">\n<table bgcolor=\"#ffffff\" width=\"100%\" border=\"0\" cellpadding=\"0\" cellspacing=\"0\">\n<tr>\n<td class=\"metin\"><br class=\"m3ncsyod40qcuw2zf\"><br \/>\nTo insure a timely publication process, authors are asked to read the following instructions carefully.<br class=\"m3ncsyod40qcuw2zf\"><br class=\"m3ncsyod40qcuw2zf\"><br \/>\n<b>General Policies<\/b><br class=\"m3ncsyod40qcuw2zf\"><br \/>\nSleep and Hypnosis will consider for publication papers in the following categories:<br class=\"m3ncsyod40qcuw2zf\"><\/p>\n<ul>\n<li>Original articles\n<li>Case reports\n<li>Reviews\n<li>Letters to the Editor\n<\/ul>\n<p>Editorials, book reviews, news and notes, announcement of meetings and awards, and bibliography of recent literature in sleep, dream, and hypnosis research may be published.<br class=\"m3ncsyod40qcuw2zf\"><br \/>\nThe submission of a paper to Sleep and Hypnosis is understood to imply that:<br class=\"m3ncsyod40qcuw2zf\"><\/p>\n<ul>\n<li>Data contained therein has not previously been published (except in abstract form) and is not being considered for publication elsewhere,\n<li>The article is written in English\n<\/ul>\n<p>Papers will be evaluated for their importance to the field, scientific rigor, novelty, suitability for the journal, and clarity of writing.<br class=\"m3ncsyod40qcuw2zf\"><br class=\"m3ncsyod40qcuw2zf\"><br \/>\n<b>Submission of Manuscripts<br class=\"m3ncsyod40qcuw2zf\"><br \/>\n<\/b>All manuscripts may be sent to the Editor electronically or by mail:<br class=\"m3ncsyod40qcuw2zf\"><br \/>\nMehmet Yucel Agargun, M.D.<br class=\"m3ncsyod40qcuw2zf\"><br \/>\nEditor-in-Chief<br class=\"m3ncsyod40qcuw2zf\"><br \/>\nY\u00fcz\u00fcnc\u00fc Yil University School of Medicine Department of Psychiatry Van 65200<br \/>\nTurkey<br class=\"m3ncsyod40qcuw2zf\"><br \/>\ne-mail: <a class=\"link1\" href=\"mailto:myagargun@kure.com.tr\">myagargun@kure.com.tr<\/a><br class=\"m3ncsyod40qcuw2zf\"><br \/>\n<br class=\"m3ncsyod40qcuw2zf\"><br \/>\nManuscripts should also sent to one of the associate editors:<br class=\"m3ncsyod40qcuw2zf\"><br \/>\n<i>for dream and dreaming;<\/i><br class=\"m3ncsyod40qcuw2zf\"><br \/>\nKelly Bulkeley, Ph.D.<br class=\"m3ncsyod40qcuw2zf\"><br \/>\n226 Amherst Avenue Kensington CA 94708 USA<br class=\"m3ncsyod40qcuw2zf\"><br \/>\ne-mail: <a class=\"link1\" href=\"mailto:kellybulkeley@earthlink.net\">kellybulkeley@earthlink.net<\/a><br class=\"m3ncsyod40qcuw2zf\"><br \/>\n<br class=\"m3ncsyod40qcuw2zf\"><br \/>\n<i>for sleep and sleep disorders;<\/i><br class=\"m3ncsyod40qcuw2zf\"><br \/>\nJoel Hasan, M.D.<br class=\"m3ncsyod40qcuw2zf\"><br \/>\nConsultant in Charge Department of Clinical Neurophysiology Tampere University<br \/>\nHospital P.O. Box 2000 FIN-33521 Tampere Finland<br class=\"m3ncsyod40qcuw2zf\"><br \/>\ne-mail: <a class=\"link1\" href=\"mailto:joel.hasan@pshp.fi\">joel.hasan@pshp.fi<\/a><br class=\"m3ncsyod40qcuw2zf\"><br \/>\n<br class=\"m3ncsyod40qcuw2zf\"><br \/>\n<i>for hypnosis and hypnotherapy;<\/i><br class=\"m3ncsyod40qcuw2zf\"><br \/>\nSteven Jay Lynn, Ph.D.<br class=\"m3ncsyod40qcuw2zf\"><br \/>\nPsychology Department State University of New York at Binghamton, NY 13902, USA<br class=\"m3ncsyod40qcuw2zf\"><br \/>\ne-mail: <a class=\"link1\" href=\"mailto:slynn@binghamton.edu\">slynn@binghamton.edu<\/a>.<br class=\"m3ncsyod40qcuw2zf\"><br \/>\n<br class=\"m3ncsyod40qcuw2zf\"><br \/>\n<i>Book reviews should be sent to;<\/i><br class=\"m3ncsyod40qcuw2zf\"><br \/>\nPatrick McNamara, Ph.D.<br class=\"m3ncsyod40qcuw2zf\"><br \/>\nDepartment of Neurology, Boston University School of Medicine and VA New England<br \/>\nHealthcare System, 150 South Huntington Avenue, Boston, MA 02130 USA<br class=\"m3ncsyod40qcuw2zf\"><br \/>\ne-mail: <a class=\"link1\" href=\"mailto:mcnamar@bu.edu\">mcnamar@bu.edu<\/a><br class=\"m3ncsyod40qcuw2zf\"><br \/>\n<br class=\"m3ncsyod40qcuw2zf\"><br \/>\nAuthors are advised to keep one copy of the complete manuscript on file, since<br \/>\nno manuscripts or photographs will be returned.<br class=\"m3ncsyod40qcuw2zf\"><br \/>\nThe Journal is not responsible for manuscripts lost or damaged.<br class=\"m3ncsyod40qcuw2zf\"><br \/>\nPapers should be accompanied by a cover letter indicating that it has not been published previously, are not being considered for publication elsewhere, and have been approved by each author. If any data are derived from subjects or animals of a previous report, this must be stated explicitly in a cover letter and in the manuscript.<br class=\"m3ncsyod40qcuw2zf\"><br class=\"m3ncsyod40qcuw2zf\"><br \/>\n<b>Manuscript Submission Forms<\/b><br class=\"m3ncsyod40qcuw2zf\"><br \/>\nThe following forms should be signed and enclosed in the envelope with the manuscript by each author:<br class=\"m3ncsyod40qcuw2zf\"><br class=\"m3ncsyod40qcuw2zf\"><\/p>\n<ul>\n<li>Manuscript Submission Checklist &#038; Copyright Release\n<li>Financial Disclosure Form\n<\/ul>\n<p>These forms can be downloaded in PDF format from <a class=\"link1\" href=\"#above\">above<\/a> or can be obtained by postal system from K\u00fcre Iletisim Grubu A.S. (&#8220;K\u00fcre&#8221;).<br class=\"m3ncsyod40qcuw2zf\"><br class=\"m3ncsyod40qcuw2zf\"><br \/>\n<b>Presentation of Manuscripts<\/b><br class=\"m3ncsyod40qcuw2zf\"><br \/>\nTitle Page<br class=\"m3ncsyod40qcuw2zf\"><br \/>\nTitle page should include full names of authors, academic or professional affiliations, complete address and e-mail address with phone and fax numbers of the corresponding author. Grant support should be acknowledged in a separate paragraph and should include the full name of the granting agency and grant number.<br class=\"m3ncsyod40qcuw2zf\"><br class=\"m3ncsyod40qcuw2zf\"><br \/>\nAbstract<br class=\"m3ncsyod40qcuw2zf\"><br \/>\nAn abstract is to be provided, preferably no longer than 250 words. All manuscripts should include structured abstracts with the following information, under the headings indicated: Objective- the primary purpose of the article; Method- data sources, subjects, design, measurements, data analysis; Results- key findings; and Conclusions- implications, future directions. Case reports should include unstructured abstracts.<br class=\"m3ncsyod40qcuw2zf\"><br class=\"m3ncsyod40qcuw2zf\"><br \/>\nKey Words<br class=\"m3ncsyod40qcuw2zf\"><br \/>\nUp to eight key words should be included for indexing in all manuscripts, and acknowledgments for personal and technical assistance should be indicated on the title page.<br class=\"m3ncsyod40qcuw2zf\"><br class=\"m3ncsyod40qcuw2zf\"><br \/>\nOrganization of The Manuscript<br class=\"m3ncsyod40qcuw2zf\"><br \/>\nAll part of the manuscript or letter to the Editor, including case reports, quotations, references, and tables must be typed double-spaced with wide margins throughout on one side.<br \/>\nOriginal articles, have no specific word limitation, but keep in mind that a short paper is more likely to be read. The text should be ordered under the following principle headings (subheadings are acceptable), with each heading and subheading clearly defined:<br class=\"m3ncsyod40qcuw2zf\"><\/p>\n<ul>\n<li>Abstract\n<li>Introduction\n<li>Method\n<li>Results\n<li>Discussion\n<li>References\n<li>Tables\n<li>Figures\n<li>Legends\n<\/ul>\n<p>Case reports must be strictly limited to 1000 words, carry no abstract, and have minimal figures, tables, and references.<br class=\"m3ncsyod40qcuw2zf\"><br class=\"m3ncsyod40qcuw2zf\"><br \/>\nReviews, have no specific word limitation. Letters to the Editor (maximum of 600 words, including references; no tables or figures) will be considered if they include the notation &#8220;for publication.&#8221; A letter must be signed by all of its authors. Letters critical of an article published in the journal must be received within 12 weeks.<br class=\"m3ncsyod40qcuw2zf\"><br class=\"m3ncsyod40qcuw2zf\"><br \/>\nReferences should be numbered and listed by their order of appearance in the text; the appropriate reference number in parentheses follows the text citation. Provide all authors&#8217; names when fewer than seven; when seven or more, list the first three and add et al. Provide article titles and inclusive pages.<br class=\"m3ncsyod40qcuw2zf\"><br class=\"m3ncsyod40qcuw2zf\"><br \/>\nAccuracy of reference data is the responsibility of the author. Authors&#8217; names and initials, full title of cited article, title of the journal in which the article appeared (abbreviated), year of publication, volume of the journal and finally the pagination, first and last pages should be included.  Please carefully follow these examples, paying attention to spacing, punctuation and text format:<br class=\"m3ncsyod40qcuw2zf\"><br class=\"m3ncsyod40qcuw2zf\"><br \/>\nJournal:<br class=\"m3ncsyod40qcuw2zf\"><br \/>\nAgarg\u00fcn MY, Kara H, Solmaz M. Sleep disturbances and suicidal behavior in patients with major depression. J Clin Psychiatry 1997;58:249-251.<br class=\"m3ncsyod40qcuw2zf\"><br \/>\nBook:<br class=\"m3ncsyod40qcuw2zf\"><br \/>\nHilgard ER, Hilgard JR. Hypnosis in the Relief of Pain, Revised Ed, New York: Brunner\/Mazel Publishers, 1994.<br class=\"m3ncsyod40qcuw2zf\"><br \/>\nEdited book:<br class=\"m3ncsyod40qcuw2zf\"><br \/>\nKupfer DJ, Reynolds CF. Sleep and affective disorders. In: Paykel ES, ed. Handbook of Affective Disorders, 2nd ed. Edinburgh: Churchill Livingstone, 1992;311-323.<br class=\"m3ncsyod40qcuw2zf\"><br \/>\nTables should bear Arabic numerals and be typed on separate sheets of paper. Each table requires a title and should be numbered in the order of their mention in text.<br class=\"m3ncsyod40qcuw2zf\"><br \/>\nFigures should be submitted as clear, glossy prints, and professionally drawn and numbered with Arabic numerals in order of their mention in text. Uncounted photographs on glossy paper should be provided.<br class=\"m3ncsyod40qcuw2zf\"><br \/>\nType reference lists, tables, and figure legends on separate sheets.<br class=\"m3ncsyod40qcuw2zf\"><br class=\"m3ncsyod40qcuw2zf\"><br \/>\n<b>Proofs and Reprints<\/b><br class=\"m3ncsyod40qcuw2zf\"><br \/>\nAfter acceptance, manuscripts are forwarded to the publisher, and questions regarding publication, reprints, proofs, etc. should be addressed to them. The corresponding author receives proofs approximately 6 weeks prior to the publication, which must be corrected and returned to the publisher within 48 hours of receipt. Late return of proofs may cause delay in publication. Text, tables, legends, and references must be checked carefully.<br class=\"m3ncsyod40qcuw2zf\"><br \/>\nReprints may be ordered prior to publication at the prices quoted, using the reprint order form that accompanies proofs. This form can also be downloaded in PDF format from <a class=\"link2\" href=\"[get_bloginfo]url[\/get_bloginfo]\/reprintorder.html\">www.sleepandhypnosis.org\/research\/reprintorder.asp<\/a>.<br class=\"m3ncsyod40qcuw2zf\"><br class=\"m3ncsyod40qcuw2zf\"><br \/>\n<b>Copyright<\/b><br class=\"m3ncsyod40qcuw2zf\"><br \/>\nThe journal requires approval of manuscript submission by all authors in addition to transfer of copyright to the K\u00fcre so that the author(s) and the publisher are protected from misuse of copyrighted material. A covering letter signed by all authors constitutes submission approval. Manuscripts will not receive a final decision until a completed copyright transfer form has been received. As soon as the article is published, the author is to have considered transferred his right to the publisher. This transfer will ensure the widest possible dissemination of information under Turkish Copyright Law. <br class=\"m3ncsyod40qcuw2zf\"><br class=\"m3ncsyod40qcuw2zf\"><br \/>\nAll concepts, ideas, comments, manuscripts, illustrations, and all other materials disclosed or offered to K\u00fcre on or in connection with this Journal are submitted without any restrictions or expectation of confidentiality. K\u00fcre shall have no financial or other obligations to you when you submit such information, nor shall you assert any proprietary or moral right of any kind with respect to such submissions. K\u00fcre shall have the right to use, publish, reproduce, transmit, download, upload, post, display or otherwise distribute your submissions in any manner without notice or compensation to you. <br class=\"m3ncsyod40qcuw2zf\"><br class=\"m3ncsyod40qcuw2zf\">\n<\/td>\n<\/tr>\n<\/table>\n<p><!-- icerik \/\/\/\/\/\/\/\/\/\/\/\/\/\/\/\/\/\/\/\/\/\/\/ son -->\n<\/td>\n<td width=\"10\" background=\"[get_bloginfo]url[\/get_bloginfo]\/files\/images\/clr.gif\"><img loading=\"lazy\" decoding=\"async\" src=\"[get_bloginfo]url[\/get_bloginfo]\/files\/images\/clr.gif\" width=\"10\" height=\"1\"><\/td>\n<\/tr>\n<\/table>\n<\/td>\n<p><!-- right --><\/p>\n<td valign=\"top\" width=\"210\" background=\"[get_bloginfo]url[\/get_bloginfo]\/files\/images\/right_bg.gif\"><img loading=\"lazy\" decoding=\"async\" src=\"[get_bloginfo]url[\/get_bloginfo]\/files\/images\/menu_up.gif\" width=\"210\" height=\"10\" border=\"0\" alt=\"\"><br class=\"m3ncsyod40qcuw2zf\"><img loading=\"lazy\" decoding=\"async\" src=\"[get_bloginfo]url[\/get_bloginfo]\/files\/images\/clr.gif\" width=\"1\" height=\"5\" border=\"0\"><br class=\"m3ncsyod40qcuw2zf\"><br \/>\n<img loading=\"lazy\" decoding=\"async\" src=\"[get_bloginfo]url[\/get_bloginfo]\/files\/images\/clr.gif\" width=\"5\" height=\"1\"><\/p>\n<table border=\"0\" cellpadding=\"1\" cellspacing=\"0\" width=\"200\">\n<tr>\n<td valign=\"baseline\"><img loading=\"lazy\" decoding=\"async\" src=\"[get_bloginfo]url[\/get_bloginfo]\/files\/images\/clr.gif\" width=\"12\" height=\"9\" border=\"0\"><\/td>\n<td class=\"metingri\" colspan=\"2\" background=\"[get_bloginfo]url[\/get_bloginfo]\/files\/images\/clr.gif\" bgcolor=\"#E6E6E6\"><\/td>\n<\/tr>\n<tr>\n<td valign=\"baseline\"><\/td>\n<td background=\"[get_bloginfo]url[\/get_bloginfo]\/files\/images\/clr.gif\" bgcolor=\"#E6E6E6\" class=\"metingri\"><b><font size=\"3\"><a name=\"above\">&nbsp;&nbsp;&nbsp;&nbsp;FOR AUTHORS<\/a><\/font><\/b><\/td>\n<\/tr>\n<tr>\n<td height=\"4\"><\/td>\n<\/tr>\n<tr>\n<td valign=\"baseline\"><\/td>\n<td background=\"[get_bloginfo]url[\/get_bloginfo]\/files\/images\/clr.gif\" bgcolor=\"#E6E6E6\" class=\"metingri\"><b>Copyright Release<br class=\"m3ncsyod40qcuw2zf\">Financial Disclosure<br class=\"m3ncsyod40qcuw2zf\">Manuscript Submission Checklist<\/b><br class=\"m3ncsyod40qcuw2zf\"> are available in PDF format. (308 KB)<\/td>\n<\/tr>\n<tr>\n<td height=\"4\"><\/td>\n<\/tr>\n<tr>\n<td valign=\"baseline\"><\/td>\n<td background=\"[get_bloginfo]url[\/get_bloginfo]\/files\/images\/clr.gif\" bgcolor=\"#E6E6E6\" class=\"metingri\">Please <a class=\"link1\" href=\"[get_bloginfo]url[\/get_bloginfo]\/files\/pdf\/copyright.pdf\">click here<\/a> to download<\/td>\n<\/tr>\n<tr>\n<td height=\"4\"><\/td>\n<\/tr>\n<\/table>\n<p><img loading=\"lazy\" decoding=\"async\" src=\"[get_bloginfo]url[\/get_bloginfo]\/files\/images\/clr.gif\" width=\"1\" height=\"5\"><br \/>\n<br class=\"m3ncsyod40qcuw2zf\"><br class=\"m3ncsyod40qcuw2zf\"><br \/>\n<!-- right --><br \/>\n<\/tr>\n<\/table>\n<\/td>\n<\/tr>\n<\/table>\n","protected":false},"excerpt":{"rendered":"<p>INFORMATION TO AUTHORS To insure a timely publication process, authors are asked to read the following instructions carefully. General Policies Sleep and Hypnosis will consider for publication papers in the following categories: Original articles Case reports Reviews Letters to the Editor Editorials, book reviews, news and notes, announcement of meetings and awards, and bibliography of [&hellip;]<\/p>\n","protected":false},"author":0,"featured_media":0,"parent":0,"menu_order":0,"comment_status":"closed","ping_status":"closed","template":"template_2.php","meta":{"om_disable_all_campaigns":false,"footnotes":""},"class_list":["post-350","page","type-page","status-publish","hentry","post-wrapper","thrv_wrapper"],"aioseo_notices":[],"_links":{"self":[{"href":"https:\/\/sleepandhypnosis.org\/research\/wp-json\/wp\/v2\/pages\/350","targetHints":{"allow":["GET"]}}],"collection":[{"href":"https:\/\/sleepandhypnosis.org\/research\/wp-json\/wp\/v2\/pages"}],"about":[{"href":"https:\/\/sleepandhypnosis.org\/research\/wp-json\/wp\/v2\/types\/page"}],"replies":[{"embeddable":true,"href":"https:\/\/sleepandhypnosis.org\/research\/wp-json\/wp\/v2\/comments?post=350"}],"version-history":[{"count":0,"href":"https:\/\/sleepandhypnosis.org\/research\/wp-json\/wp\/v2\/pages\/350\/revisions"}],"wp:attachment":[{"href":"https:\/\/sleepandhypnosis.org\/research\/wp-json\/wp\/v2\/media?parent=350"}],"curies":[{"name":"wp","href":"https:\/\/api.w.org\/{rel}","templated":true}]}}