{"id":338,"date":"2024-06-20T17:06:00","date_gmt":"2024-06-20T17:06:00","guid":{"rendered":"http:\/\/sleepandhypnosis.org\/research\/editboard\/"},"modified":"2024-06-20T17:06:00","modified_gmt":"2024-06-20T17:06:00","slug":"editboard","status":"publish","type":"page","link":"https:\/\/sleepandhypnosis.org\/research\/editboard\/","title":{"rendered":"Editboard"},"content":{"rendered":"<table width=\"100%\" border=\"0\" cellpadding=\"0\" cellspacing=\"0\">\n<tr>\n<td background=\"[get_bloginfo]url[\/get_bloginfo]\/files\/images\/searchbg.gif\">\n<table border=\"0\" cellpadding=\"0\" cellspacing=\"0\">\n<tr>\n<td width=\"553\">\n<table width=\"100%\" border=\"0\" cellpadding=\"0\" cellspacing=\"0\">\n<tr>\n<td width=\"400\" class=\"metingri1\"><strong><font color=\"#ffffff\"><img loading=\"lazy\" decoding=\"async\" src=\"[get_bloginfo]url[\/get_bloginfo]\/files\/images\/clr.gif\" width=\"17\" height=\"1\">EDITORIAL BOARD<\/font><\/strong><\/td>\n<td width=\"100\"><\/td>\n<form action=\"[get_bloginfo]url[\/get_bloginfo]\/search.html\" method=\"post\" name=\"search\">\n<td align=\"right\"><!---<IMG SRC=\"images\/find.gif\" WIDTH=\"20\" HEIGHT=\"19\" BORDER=0 ALT=\"\">--><\/td>\n<td height=\"25\" align=\"right\"><font face=\"verdana\" size=\"1\"><!--<select name=\"searchtype\" class=\"inputselect\"> \n<option value=\"w\">within site<\/option>\n <\/select>--><\/font><\/td>\n<\/tr>\n<\/table>\n<\/td>\n<td>\n<table width=\"209\" background=\"[get_bloginfo]url[\/get_bloginfo]\/files\/images\/s_bg.gif\" border=\"0\" cellpadding=\"0\" cellspacing=\"0\" height=\"25\">\n<tr>\n<td><img loading=\"lazy\" decoding=\"async\" src=\"[get_bloginfo]url[\/get_bloginfo]\/files\/images\/clr.gif\" width=\"5\" height=\"1\"><\/td>\n<td height=\"25\"><input type=\"text\" name=\"keyword\" size=\"16\" class=\"inputsearch\"><\/td>\n<td><input type=\"image\" src=\"[get_bloginfo]url[\/get_bloginfo]\/files\/images\/buttons\/search.gif\" border=\"0\"><\/td>\n<td><img loading=\"lazy\" decoding=\"async\" src=\"[get_bloginfo]url[\/get_bloginfo]\/files\/images\/clr.gif\" width=\"5\" height=\"1\"><\/td>\n<\/tr>\n<\/form>\n<\/table>\n<\/td>\n<\/tr>\n<\/table>\n<\/td>\n<\/tr>\n<\/table>\n<p><!-- search bar \/end --><\/p>\n<table width=\"100%\" border=\"0\" cellpadding=\"0\" cellspacing=\"0\" bgcolor=\"#ffffff\">\n<tr>\n<td>\n<table width=\"762\" border=\"0\" cellpadding=\"0\" cellspacing=\"0\">\n<tr>\n<td valign=\"top\">\n<!-- icerik --><br \/>\n<img loading=\"lazy\" decoding=\"async\" src=\"[get_bloginfo]url[\/get_bloginfo]\/files\/images\/clr.gif\" width=\"1\" height=\"5\"><br class=\"m3ncsyod40qcuw2zf\"><\/p>\n<table width=\"100%\" border=\"0\" cellpadding=\"0\" cellspacing=\"0\">\n<tr>\n<td width=\"18\"><img loading=\"lazy\" decoding=\"async\" src=\"[get_bloginfo]url[\/get_bloginfo]\/files\/images\/clr.gif\" width=\"10\" height=\"1\"><\/td>\n<td valign=\"top\">\n<!-- icerik \/\/\/\/\/\/\/\/\/\/\/\/\/\/\/\/\/\/\/\/\/\/\/  -->\n<\/td>\n<td valign=\"top\" bgcolor=\"#ffffff\" background=\"[get_bloginfo]url[\/get_bloginfo]\/files\/images\/clr.gif\">\n<table bgcolor=\"#ffffff\" width=\"100%\" border=\"0\" cellpadding=\"0\" cellspacing=\"0\">\n<tr>\n<td class=\"metin\" width=\"200\"><br class=\"m3ncsyod40qcuw2zf\"><strong>EDITOR-IN-CHIEF<\/strong><br class=\"m3ncsyod40qcuw2zf\"><br \/>\n<a class=\"link1\" href=\"[get_bloginfo]url[\/get_bloginfo]\/inquiries_ed-1.html\">Mehmed Y\u00fccel Agarg\u00fcn, M.D.<\/a><br class=\"m3ncsyod40qcuw2zf\"><br class=\"m3ncsyod40qcuw2zf\"><strong>DEPUTY EDITOR<br class=\"m3ncsyod40qcuw2zf\"><br \/>\n<\/strong><a class=\"link1\" href=\"[get_bloginfo]url[\/get_bloginfo]\/inquiries_ed-1.html\">G\u00fcrkan \u00d6zt\u00fcrk, M.D., Ph.D.<\/a><br class=\"m3ncsyod40qcuw2zf\"><br class=\"m3ncsyod40qcuw2zf\"><strong>ASSOCIATE EDITORS<\/strong><br class=\"m3ncsyod40qcuw2zf\"><br \/>\nKelly Bulkeley, Ph.D.<br class=\"m3ncsyod40qcuw2zf\"><br \/>\nJoel Hassan, M.D.<br class=\"m3ncsyod40qcuw2zf\"><br \/>\nSteven Jay Lyn, Ph.D.<br class=\"m3ncsyod40qcuw2zf\"><br \/>\n<br class=\"m3ncsyod40qcuw2zf\"><strong>BOOK REVIEW EDITOR<\/strong><br class=\"m3ncsyod40qcuw2zf\"><br \/>\nPatrick Mc Namara, Ph.D.<br class=\"m3ncsyod40qcuw2zf\"><br class=\"m3ncsyod40qcuw2zf\"><strong>STATISTICAL EDITOR<\/strong><br class=\"m3ncsyod40qcuw2zf\"><br \/>\nAli Savas Cilli, M.D.<br class=\"m3ncsyod40qcuw2zf\"><br class=\"m3ncsyod40qcuw2zf\"><br \/>\n<!---<strong>MANAGING EDITOR<\/strong><br class=\"m3ncsyod40qcuw2zf\">\nDidem Sar<br class=\"m3ncsyod40qcuw2zf\"><br class=\"m3ncsyod40qcuw2zf\">\n<strong>TECHNICAL EDITOR<\/strong><br class=\"m3ncsyod40qcuw2zf\"> \nMehmed Zahid Ercan ---->\n<\/td>\n<td class=\"metin\" valign=\"top\" width=\"330\"><br class=\"m3ncsyod40qcuw2zf\"><br \/>\n<!--<strong>Graphic Arts Manager<\/strong><br class=\"m3ncsyod40qcuw2zf\">\nAdem Durmaz<br class=\"m3ncsyod40qcuw2zf\"><br class=\"m3ncsyod40qcuw2zf\">\n<strong>Production Editor<\/strong><br class=\"m3ncsyod40qcuw2zf\">\nL\u00fctf\u00fc Hano\u00f0lu, M.D.<br class=\"m3ncsyod40qcuw2zf\"><br class=\"m3ncsyod40qcuw2zf\">---><br \/>\n<strong>Assistant Editor<\/strong><br class=\"m3ncsyod40qcuw2zf\"><br \/>\nHanefi \u00d6zbek, MD.<br class=\"m3ncsyod40qcuw2zf\"><br class=\"m3ncsyod40qcuw2zf\"><strong>Publisher<\/strong><br class=\"m3ncsyod40qcuw2zf\"><br \/>\n<a class=\"link1\" href=\"[get_bloginfo]url[\/get_bloginfo]\/inquiries_advb-1.html\">N\u00fcket Dilmen Korkmaz<\/a><br class=\"m3ncsyod40qcuw2zf\"><br class=\"m3ncsyod40qcuw2zf\"><strong>Web Team:<\/strong><br class=\"m3ncsyod40qcuw2zf\"><a class=\"link1\" href=\"[get_bloginfo]url[\/get_bloginfo]\/inquiries_web-1.html\">K\u00fcre Iletisim Web Department<\/a><\/td>\n<\/tr>\n<p><br class=\"m3ncsyod40qcuw2zf\"><br class=\"m3ncsyod40qcuw2zf\"><br \/>\n<\/table>\n<table>\n<tr>\n<td>\n<b>ABSTRACTING AND INDEXING<\/b><br class=\"m3ncsyod40qcuw2zf\"><br class=\"m3ncsyod40qcuw2zf\"><br \/>\n<a class=\"link1\" href=\"http:\/\/www.ebscohost.com\/cinahl\/\" target=\"_blank\" rel=\"noopener\">CINAHL<\/a><br class=\"m3ncsyod40qcuw2zf\"><br \/>\n<a class=\"link1\" href=\"http:\/\/www.embase.com\/\" target=\"_blank\" rel=\"noopener\">EMBASE<\/a><br class=\"m3ncsyod40qcuw2zf\"><br \/>\n<a class=\"link1\" href=\"http:\/\/www.excerptamedica.com\/\" target=\"_blank\" rel=\"noopener\">EXCERPTA MEDICA<\/a><br class=\"m3ncsyod40qcuw2zf\"><br \/>\nCURRENT AWARENESS IN BIOLOGICAL SCIENCES<br class=\"m3ncsyod40qcuw2zf\"><br \/>\nELSEVIER GEO ABSTRACTS <br class=\"m3ncsyod40qcuw2zf\"><br \/>\n<a class=\"link1\" href=\"http:\/\/www.apa.org\/pubs\/databases\/psycinfo\/index.aspx\" target=\"_blank\" rel=\"noopener\">PsycINFO<\/a><br class=\"m3ncsyod40qcuw2zf\"><br \/>\n<a class=\"link1\" href=\"http:\/\/www.apa.org\/pubs\/databases\/training\/index.aspx\" target=\"_blank\" rel=\"noopener\">PsycLIT<\/a><br class=\"m3ncsyod40qcuw2zf\"><br \/>\n<a class=\"link1\" href=\"#\">ClinPSYC<\/a><br class=\"m3ncsyod40qcuw2zf\"><br \/>\n<a class=\"link1\" href=\"#\">PSYCHOLOHICAL ABSTRACTS<\/a><br class=\"m3ncsyod40qcuw2zf\"><br \/>\nSCOPUS<br class=\"m3ncsyod40qcuw2zf\"><br \/>\n<a class=\"link1\" href=\"http:\/\/epsych.msstate.edu\/\" target=\"_blank\" rel=\"noopener\">E-PSYCHE<\/a><br class=\"m3ncsyod40qcuw2zf\"><br \/>\n<br class=\"m3ncsyod40qcuw2zf\"><br class=\"m3ncsyod40qcuw2zf\">\n<\/td>\n<\/tr>\n<\/table>\n<p><!-- icerik \/\/\/\/\/\/\/\/\/\/\/\/\/\/\/\/\/\/\/\/\/\/\/ son -->\n<\/td>\n<td width=\"10\" background=\"[get_bloginfo]url[\/get_bloginfo]\/files\/images\/clr.gif\"><img loading=\"lazy\" decoding=\"async\" src=\"[get_bloginfo]url[\/get_bloginfo]\/files\/images\/clr.gif\" width=\"10\" height=\"1\"><\/td>\n<\/tr>\n<\/table>\n<\/td>\n<p><!-- right --><\/p>\n<td valign=\"top\" bgcolor=\"#E6E6E6\" width=\"210\" background=\"[get_bloginfo]url[\/get_bloginfo]\/files\/images\/right_bg.gif\"><a href=\"[get_bloginfo]url[\/get_bloginfo]\/information.html\"><img loading=\"lazy\" decoding=\"async\" src=\"[get_bloginfo]url[\/get_bloginfo]\/files\/images\/buttons\/inf.gif\" width=\"210\" height=\"32\" border=\"0\" alt=\"\"><\/a><br class=\"m3ncsyod40qcuw2zf\"><br \/>\n<a href=\"[get_bloginfo]url[\/get_bloginfo]\/register.html\"><img loading=\"lazy\" decoding=\"async\" src=\"[get_bloginfo]url[\/get_bloginfo]\/files\/images\/buttons\/reg.jpg\" width=\"200\" height=\"19\" border=\"0\" alt=\"\"><\/a><br class=\"m3ncsyod40qcuw2zf\"><br \/>\n<img loading=\"lazy\" decoding=\"async\" src=\"[get_bloginfo]url[\/get_bloginfo]\/files\/images\/clr.gif\" width=\"1\" height=\"12\"><br class=\"m3ncsyod40qcuw2zf\"><\/p>\n<table border=\"0\" cellpadding=\"0\" cellspacing=\"0\">\n<tr>\n<td><img loading=\"lazy\" decoding=\"async\" src=\"[get_bloginfo]url[\/get_bloginfo]\/files\/images\/clr.gif\" width=\"13\" height=\"1\"><\/td>\n<td>\n<table border=\"0\" width=\"176\" cellpadding=\"0\" cellspacing=\"0\">\n<tr>\n<td><img decoding=\"async\" src=\"[get_bloginfo]url[\/get_bloginfo]\/files\/images\/scopemed.jpg\" width=\"177\" border=\"0\" alt=\"\"><\/a><\/td>\n<\/tr>\n<\/table>\n<\/td>\n<\/tr>\n<\/table>\n<p><img loading=\"lazy\" decoding=\"async\" src=\"[get_bloginfo]url[\/get_bloginfo]\/files\/images\/clr.gif\" width=\"1\" height=\"5\"><br class=\"m3ncsyod40qcuw2zf\"><br \/>\n<a href=\"[get_bloginfo]url[\/get_bloginfo]\/calendar.html\"><img loading=\"lazy\" decoding=\"async\" src=\"[get_bloginfo]url[\/get_bloginfo]\/files\/images\/buttons\/_calander.gif\" width=\"210\" height=\"20\" border=\"0\" alt=\"\"><\/a><br class=\"m3ncsyod40qcuw2zf\"><\/p>\n<table border=\"0\" cellpadding=\"1\" cellspacing=\"0\">\n<tr>\n<td width=\"17\" align=\"right\" valign=\"baseline\"><img loading=\"lazy\" decoding=\"async\" src=\"[get_bloginfo]url[\/get_bloginfo]\/files\/images\/bullet2.gif\" width=\"16\" height=\"9\" border=\"0\" alt=\"\"><\/td>\n<td width=\"175\" background=\"[get_bloginfo]url[\/get_bloginfo]\/files\/images\/clr.gif\" bgcolor=\"#E6E6E6\" class=\"metingri\"><a href=\"[get_bloginfo]url[\/get_bloginfo]\/calendar.html\" class=\"link5\">20th Annual International Conference of the Association For the Study Of Dreams<\/a><\/td>\n<\/tr>\n<tr>\n<td colspan=\"2\"><img loading=\"lazy\" decoding=\"async\" src=\"[get_bloginfo]url[\/get_bloginfo]\/files\/images\/clr.gif\" width=\"1\" height=\"5\"><\/td>\n<\/tr>\n<tr>\n<td width=\"17\" align=\"right\" valign=\"baseline\"><img loading=\"lazy\" decoding=\"async\" src=\"[get_bloginfo]url[\/get_bloginfo]\/files\/images\/bullet2.gif\" width=\"16\" height=\"9\" border=\"0\" alt=\"\"><\/td>\n<td width=\"175\" background=\"[get_bloginfo]url[\/get_bloginfo]\/files\/images\/clr.gif\" bgcolor=\"#E6E6E6\" class=\"metingri\"><a href=\"[get_bloginfo]url[\/get_bloginfo]\/calendar.html\" class=\"link5\">The  7th World Congress on Sleep Apnea<\/a><\/td>\n<\/tr>\n<tr>\n<td colspan=\"2\"><img loading=\"lazy\" decoding=\"async\" src=\"[get_bloginfo]url[\/get_bloginfo]\/files\/images\/clr.gif\" width=\"1\" height=\"5\"><\/td>\n<\/tr>\n<tr>\n<td width=\"17\" align=\"right\" valign=\"baseline\"><img loading=\"lazy\" decoding=\"async\" src=\"[get_bloginfo]url[\/get_bloginfo]\/files\/images\/bullet2.gif\" width=\"16\" height=\"9\" border=\"0\" alt=\"\"><\/td>\n<td width=\"175\" background=\"[get_bloginfo]url[\/get_bloginfo]\/files\/images\/clr.gif\" bgcolor=\"#E6E6E6\" class=\"metingri\"><a href=\"[get_bloginfo]url[\/get_bloginfo]\/calendar.html\" class=\"link5\">APSS 17th Annual Meeting<\/a><\/td>\n<\/tr>\n<tr>\n<td colspan=\"2\"><img loading=\"lazy\" decoding=\"async\" src=\"[get_bloginfo]url[\/get_bloginfo]\/files\/images\/clr.gif\" width=\"1\" height=\"5\"><\/td>\n<\/tr>\n<\/table>\n<p><img loading=\"lazy\" decoding=\"async\" src=\"[get_bloginfo]url[\/get_bloginfo]\/files\/images\/clr.gif\" width=\"1\" height=\"10\"><br class=\"m3ncsyod40qcuw2zf\"><\/p>\n<table border=\"0\" cellpadding=\"0\" cellspacing=\"0\">\n<tr>\n<td width=\"4\"><img loading=\"lazy\" decoding=\"async\" src=\"[get_bloginfo]url[\/get_bloginfo]\/files\/images\/clr.gif\" width=\"4\" height=\"1\"><\/p>\n<td>\n<td>\n<table border=\"0\" cellpadding=\"1\" cellspacing=\"0\">\n<br class=\"m3ncsyod40qcuw2zf\"\/><br class=\"m3ncsyod40qcuw2zf\"\/><br class=\"m3ncsyod40qcuw2zf\"\/><br \/>\n<\/table>\n<\/td>\n<\/tr>\n<\/table>\n<p><img loading=\"lazy\" decoding=\"async\" src=\"[get_bloginfo]url[\/get_bloginfo]\/files\/images\/clr.gif\" width=\"4\" height=\"1\"><img loading=\"lazy\" decoding=\"async\" src=\"[get_bloginfo]url[\/get_bloginfo]\/files\/images\/buttons\/_message_board_alt.gif\" width=\"192\" height=\"8\" border=\"0\" alt=\"\"><br class=\"m3ncsyod40qcuw2zf\"><br \/>\n<img loading=\"lazy\" decoding=\"async\" src=\"[get_bloginfo]url[\/get_bloginfo]\/files\/images\/clr.gif\" width=\"1\" height=\"5\"><br class=\"m3ncsyod40qcuw2zf\"><br class=\"m3ncsyod40qcuw2zf\"><br class=\"m3ncsyod40qcuw2zf\"><br \/>\n<center><span style=\"padding-top:40px;\" class=\"metingri\">Publisher:<\/span><br class=\"m3ncsyod40qcuw2zf\"><br \/>\n<a href=\"http:\/\/www.kure.com.tr\/\" target=\"_blank\" rel=\"noopener\"><img decoding=\"async\" src=\"[get_bloginfo]url[\/get_bloginfo]\/files\/images\/kure_logo.gif\" border=\"0\" alt=\"\"><\/a><\/center><br \/>\n<br class=\"m3ncsyod40qcuw2zf\"><br class=\"m3ncsyod40qcuw2zf\"><br \/>\n<!-- right -->\n<\/td>\n<\/tr>\n<\/table>\n<\/td>\n<\/tr>\n<\/table>\n","protected":false},"excerpt":{"rendered":"<p>EDITORIAL BOARD EDITOR-IN-CHIEF Mehmed Y\u00fccel Agarg\u00fcn, M.D.DEPUTY EDITOR G\u00fcrkan \u00d6zt\u00fcrk, M.D., Ph.D.ASSOCIATE EDITORS Kelly Bulkeley, Ph.D. Joel Hassan, M.D. Steven Jay Lyn, Ph.D. BOOK REVIEW EDITOR Patrick Mc Namara, Ph.D.STATISTICAL EDITOR Ali Savas Cilli, M.D. Assistant Editor Hanefi \u00d6zbek, MD.Publisher N\u00fcket Dilmen KorkmazWeb Team:K\u00fcre Iletisim Web Department ABSTRACTING AND INDEXING CINAHL EMBASE EXCERPTA MEDICA CURRENT [&hellip;]<\/p>\n","protected":false},"author":0,"featured_media":0,"parent":0,"menu_order":0,"comment_status":"closed","ping_status":"closed","template":"template_2.php","meta":{"om_disable_all_campaigns":false,"footnotes":""},"class_list":["post-338","page","type-page","status-publish","hentry","post-wrapper","thrv_wrapper"],"aioseo_notices":[],"_links":{"self":[{"href":"https:\/\/sleepandhypnosis.org\/research\/wp-json\/wp\/v2\/pages\/338","targetHints":{"allow":["GET"]}}],"collection":[{"href":"https:\/\/sleepandhypnosis.org\/research\/wp-json\/wp\/v2\/pages"}],"about":[{"href":"https:\/\/sleepandhypnosis.org\/research\/wp-json\/wp\/v2\/types\/page"}],"replies":[{"embeddable":true,"href":"https:\/\/sleepandhypnosis.org\/research\/wp-json\/wp\/v2\/comments?post=338"}],"version-history":[{"count":0,"href":"https:\/\/sleepandhypnosis.org\/research\/wp-json\/wp\/v2\/pages\/338\/revisions"}],"wp:attachment":[{"href":"https:\/\/sleepandhypnosis.org\/research\/wp-json\/wp\/v2\/media?parent=338"}],"curies":[{"name":"wp","href":"https:\/\/api.w.org\/{rel}","templated":true}]}}