{"id":320,"date":"2024-06-20T17:05:56","date_gmt":"2024-06-20T17:05:56","guid":{"rendered":"http:\/\/sleepandhypnosis.org\/research\/author-process-name-luigi-surname-ferini-strambi\/"},"modified":"2024-06-20T17:05:56","modified_gmt":"2024-06-20T17:05:56","slug":"author-process-name-luigi-surname-ferini-strambi","status":"publish","type":"page","link":"https:\/\/sleepandhypnosis.org\/research\/author-process-name-luigi-surname-ferini-strambi\/","title":{"rendered":"Author Process Name Luigi Surname Ferini Strambi"},"content":{"rendered":"<table width=\"100%\" border=\"0\" cellpadding=\"0\" cellspacing=\"0\">\n<tr>\n<td background=\"[get_bloginfo]url[\/get_bloginfo]\/files\/images\/searchbg.gif\">\n<table border=\"0\" cellpadding=\"0\" cellspacing=\"0\">\n<tr>\n<td width=\"553\">\n<table width=\"100%\" border=\"0\" cellpadding=\"0\" cellspacing=\"0\">\n<tr>\n<td width=\"400\" class=\"metingri1\"><strong><font color=\"#ffffff\"><img loading=\"lazy\" decoding=\"async\" src=\"[get_bloginfo]url[\/get_bloginfo]\/files\/images\/clr.gif\" width=\"17\" height=\"1\">AUTHOR INDEX RESULTS<\/font><\/strong><\/td>\n<td width=\"100\"><\/td>\n<form action=\"[get_bloginfo]url[\/get_bloginfo]\/search.html\" method=\"post\" name=\"search\">\n<td align=\"right\"><!---<IMG SRC=\"images\/find.gif\" WIDTH=\"20\" HEIGHT=\"19\" BORDER=0 ALT=\"\">--><\/td>\n<td height=\"25\" align=\"right\"><font face=\"verdana\" size=\"1\"><!--<select name=\"searchtype\" class=\"inputselect\"> \n<option value=\"w\">within site<\/option>\n <\/select>--><\/font><\/td>\n<\/tr>\n<\/table>\n<\/td>\n<td>\n<table width=\"209\" background=\"[get_bloginfo]url[\/get_bloginfo]\/files\/images\/s_bg.gif\" border=\"0\" cellpadding=\"0\" cellspacing=\"0\" height=\"25\">\n<tr>\n<td><img loading=\"lazy\" decoding=\"async\" src=\"[get_bloginfo]url[\/get_bloginfo]\/files\/images\/clr.gif\" width=\"5\" height=\"1\"><\/td>\n<td height=\"25\"><input type=\"text\" name=\"keyword\" size=\"16\" class=\"inputsearch\"><\/td>\n<td><input type=\"image\" src=\"[get_bloginfo]url[\/get_bloginfo]\/files\/images\/buttons\/search.gif\" border=\"0\"><\/td>\n<td><img loading=\"lazy\" decoding=\"async\" src=\"[get_bloginfo]url[\/get_bloginfo]\/files\/images\/clr.gif\" width=\"5\" height=\"1\"><\/td>\n<\/tr>\n<\/form>\n<\/table>\n<\/td>\n<\/tr>\n<\/table>\n<\/td>\n<\/tr>\n<\/table>\n<p><!-- search bar \/end --><\/p>\n<table width=\"100%\" border=\"0\" cellpadding=\"0\" cellspacing=\"0\" bgcolor=\"#ffffff\">\n<tr>\n<td>\n<table width=\"762\" border=\"0\" cellpadding=\"0\" cellspacing=\"0\">\n<tr>\n<td valign=\"top\">\n<!-- icerik --><br \/>\n<img loading=\"lazy\" decoding=\"async\" src=\"[get_bloginfo]url[\/get_bloginfo]\/files\/images\/clr.gif\" width=\"1\" height=\"5\"><br class=\"m3ncsyod40qcuw2zf\"><\/p>\n<table border=\"0\" cellpadding=\"0\" cellspacing=\"0\">\n<tr>\n<td><img loading=\"lazy\" decoding=\"async\" src=\"[get_bloginfo]url[\/get_bloginfo]\/files\/images\/clr.gif\" width=\"18\" height=\"1\"><\/td>\n<td valign=\"top\">\n<!-- icerik \/\/\/\/\/\/\/\/\/\/\/\/\/\/\/\/\/\/\/\/\/\/\/  -->\n<\/td>\n<td width=\"500\" valign=\"top\" bgcolor=\"#ffffff\" background=\"[get_bloginfo]url[\/get_bloginfo]\/files\/images\/clr.gif\">\n<table bgcolor=\"#ffffff\" border=\"0\" cellpadding=\"0\" cellspacing=\"0\">\n<tr>\n<td height=\"20\"><\/td>\n<\/tr>\n<tr>\n<td class=\"metingri1\"> <b>Luigi Ferini-Strambi<\/font><\/b><br class=\"m3ncsyod40qcuw2zf\"> 2 Articles Found.<br class=\"m3ncsyod40qcuw2zf\"><br class=\"m3ncsyod40qcuw2zf\">\n<\/td>\n<\/tr>\n<\/table>\n<table>\n<tr>\n<td height=\"5\"><\/td>\n<\/tr>\n<tr>\n<\/tr>\n<tr>\n<td height=\"10\"><\/td>\n<\/tr>\n<tr>\n<td valign=\"BASELINE\"><img loading=\"lazy\" decoding=\"async\" src=\"[get_bloginfo]url[\/get_bloginfo]\/files\/images\/bullet6.gif\" width=\"12\" height=\"9\" border=\"0\"><\/td>\n<td class=\"metin\" width=\"100%\"><a class=\"link2\" href=\"[get_bloginfo]url[\/get_bloginfo]\">Nocturnal Frontal Lobe Epilepsy: Sporadic Versus<br \/>\nFamilial Cases<\/a><br class=\"m3ncsyod40qcuw2zf\"><br \/>\nVolume:2&nbsp;Number:1&nbsp;Year:2000<\/td>\n<\/tr>\n<tr>\n<td height=\"10\"><\/td>\n<\/tr>\n<tr>\n<td valign=\"BASELINE\"><img loading=\"lazy\" decoding=\"async\" src=\"[get_bloginfo]url[\/get_bloginfo]\/files\/images\/bullet6.gif\" width=\"12\" height=\"9\" border=\"0\"><\/td>\n<td class=\"metin\" width=\"100%\"><a class=\"link2\" href=\"[get_bloginfo]url[\/get_bloginfo]\">Evaluation of the Efficacy of a Nasal<br \/>\nDilator in Habitual-Snorer Patients<\/a><br class=\"m3ncsyod40qcuw2zf\"><br \/>\nVolume:1&nbsp;Number:3&nbsp;Year:1999<\/td>\n<\/tr>\n<\/table>\n<table>\n<\/table>\n<table>\n<\/table>\n<table>\n<\/table>\n<p><!-- icerik \/\/\/\/\/\/\/\/\/\/\/\/\/\/\/\/\/\/\/\/\/\/\/ son --><br \/>\n<img loading=\"lazy\" decoding=\"async\" src=\"[get_bloginfo]url[\/get_bloginfo]\/files\/images\/clr.gif\" width=\"10\" height=\"1\">\n<\/td>\n<td width=\"10\" background=\"[get_bloginfo]url[\/get_bloginfo]\/files\/images\/clr.gif\"><img loading=\"lazy\" decoding=\"async\" src=\"[get_bloginfo]url[\/get_bloginfo]\/files\/images\/clr.gif\" width=\"10\" height=\"1\"><\/td>\n<\/tr>\n<tr>\n<td height=\"30\"><\/td>\n<\/tr>\n<\/table>\n<\/td>\n<p><!-- right --><\/p>\n<td valign=\"top\" bgcolor=\"#E6E6E6\" width=\"210\" background=\"[get_bloginfo]url[\/get_bloginfo]\/files\/images\/right_bg.gif\"><a href=\"[get_bloginfo]url[\/get_bloginfo]\/information.html\"><img loading=\"lazy\" decoding=\"async\" src=\"[get_bloginfo]url[\/get_bloginfo]\/files\/images\/buttons\/inf.gif\" width=\"210\" height=\"32\" border=\"0\" alt=\"\"><\/a><br class=\"m3ncsyod40qcuw2zf\"><br \/>\n<a href=\"[get_bloginfo]url[\/get_bloginfo]\/subs_service.html\"><img loading=\"lazy\" decoding=\"async\" src=\"[get_bloginfo]url[\/get_bloginfo]\/files\/images\/buttons\/subscribe.gif\" width=\"103\" height=\"19\" border=\"0\" alt=\"\"><\/a><a href=\"[get_bloginfo]url[\/get_bloginfo]\/register.html\"><img loading=\"lazy\" decoding=\"async\" src=\"[get_bloginfo]url[\/get_bloginfo]\/files\/images\/buttons\/register.gif\" width=\"97\" height=\"19\" border=\"0\" alt=\"\"><\/a><br class=\"m3ncsyod40qcuw2zf\"><br \/>\n<img loading=\"lazy\" decoding=\"async\" src=\"[get_bloginfo]url[\/get_bloginfo]\/files\/images\/clr.gif\" width=\"1\" height=\"12\"><br class=\"m3ncsyod40qcuw2zf\"><br \/>\n<!-- user --><\/p>\n<table border=\"0\" cellpadding=\"0\" cellspacing=\"0\">\n<tr>\n<td><img loading=\"lazy\" decoding=\"async\" src=\"[get_bloginfo]url[\/get_bloginfo]\/files\/images\/clr.gif\" width=\"13\" height=\"1\"><\/td>\n<td>\n<img loading=\"lazy\" decoding=\"async\" src=\"[get_bloginfo]url[\/get_bloginfo]\/files\/images\/usr_up.gif\" width=\"177\" height=\"26\" border=\"0\" alt=\"\"><br class=\"m3ncsyod40qcuw2zf\"><\/p>\n<table border=\"0\" width=\"176\" cellpadding=\"0\" cellspacing=\"0\">\n<tr>\n<td width=\"1\" background=\"[get_bloginfo]url[\/get_bloginfo]\/files\/images\/a1a1a1.gif\"><img loading=\"lazy\" decoding=\"async\" src=\"[get_bloginfo]url[\/get_bloginfo]\/files\/images\/clr.gif\" width=\"1\" height=\"1\"><\/td>\n<td width=\"176\" background=\"[get_bloginfo]url[\/get_bloginfo]\/files\/images\/f2f2f2.gif\">\n<table border=\"0\" cellpadding=\"0\" cellspacing=\"0\">\n<form action=\"[get_bloginfo]url[\/get_bloginfo]\" method=\"post\">\n<tr>\n<td><img loading=\"lazy\" decoding=\"async\" src=\"[get_bloginfo]url[\/get_bloginfo]\/files\/images\/clr.gif\" width=\"10\" height=\"1\"><\/td>\n<td class=\"metingri\">Username:&nbsp;<\/td>\n<td><input name=\"kullanici\" size=\"10\" maxlength=\"100\" class=\"input\"><\/td>\n<\/tr>\n<tr>\n<td><img loading=\"lazy\" decoding=\"async\" src=\"[get_bloginfo]url[\/get_bloginfo]\/files\/images\/clr.gif\" width=\"1\" height=\"1\"><\/td>\n<td class=\"metingri\">Password:&nbsp;<\/td>\n<td><input type=\"password\" name=\"sifre\" size=\"10\" maxlength=\"100\" value=\"\" class=\"input\"><\/td>\n<\/tr>\n<tr>\n<td><img loading=\"lazy\" decoding=\"async\" src=\"[get_bloginfo]url[\/get_bloginfo]\/files\/images\/clr.gif\" width=\"1\" height=\"1\"><\/td>\n<td><img loading=\"lazy\" decoding=\"async\" src=\"[get_bloginfo]url[\/get_bloginfo]\/files\/images\/clr.gif\" width=\"2\" height=\"1\"><\/td>\n<td><input name=\"submit\" type=\"image\" value=\"\" src=\"[get_bloginfo]url[\/get_bloginfo]\/files\/images\/buttons\/signin.gif\" width=\"45\" height=\"18\" border=\"0\"><\/td>\n<\/tr>\n<tr>\n<td colspan=\"3\"><center><\/p>\n<table border=\"0\" cellpadding=\"0\" cellspacing=\"0\">\n<tr>\n<td valign=\"BASELINE\">&nbsp;&nbsp;<img loading=\"lazy\" decoding=\"async\" src=\"[get_bloginfo]url[\/get_bloginfo]\/files\/images\/question.gif\" width=\"18\" height=\"11\" border=\"0\" alt=\"\"><\/td>\n<td> <a href=\"[get_bloginfo]url[\/get_bloginfo]\/forgot_pass.html\" class=\"metingri\">Forgotten your password?<\/a><\/td>\n<\/tr>\n<\/table>\n<p><\/center><\/td>\n<\/tr>\n<tr>\n<td colspan=\"3\">\n<table border=\"0\" cellpadding=\"0\" cellspacing=\"0\">\n<tr>\n<td valign=\"BASELINE\">&nbsp;&nbsp;<img loading=\"lazy\" decoding=\"async\" src=\"[get_bloginfo]url[\/get_bloginfo]\/files\/images\/question.gif\" width=\"18\" height=\"11\" border=\"0\" alt=\"\"><\/td>\n<td><a href=\"[get_bloginfo]url[\/get_bloginfo]\/subs_manage.html\" class=\"metingri\">Member Services<\/a><\/td>\n<\/tr>\n<\/table>\n<\/td>\n<\/tr>\n<\/form>\n<\/table>\n<\/td>\n<td width=\"1\" background=\"[get_bloginfo]url[\/get_bloginfo]\/files\/images\/a1a1a1.gif\"><img loading=\"lazy\" decoding=\"async\" src=\"[get_bloginfo]url[\/get_bloginfo]\/files\/images\/clr.gif\" width=\"1\" height=\"1\"><\/td>\n<\/tr>\n<\/table>\n<p><img loading=\"lazy\" decoding=\"async\" src=\"[get_bloginfo]url[\/get_bloginfo]\/files\/images\/usr_down.gif\" width=\"177\" height=\"6\" border=\"0\" alt=\"\"><\/td>\n<\/tr>\n<\/table>\n<p><!-- user --><br \/>\n<img loading=\"lazy\" decoding=\"async\" src=\"[get_bloginfo]url[\/get_bloginfo]\/files\/images\/clr.gif\" width=\"1\" height=\"12\"><br class=\"m3ncsyod40qcuw2zf\"><br \/>\n<a href=\"[get_bloginfo]url[\/get_bloginfo]\/news.html\"><img loading=\"lazy\" decoding=\"async\" src=\"[get_bloginfo]url[\/get_bloginfo]\/files\/images\/buttons\/_news.gif\" width=\"210\" height=\"20\" border=\"0\"><\/a><br class=\"m3ncsyod40qcuw2zf\"><\/p>\n<table border=\"0\" cellpadding=\"1\" cellspacing=\"0\">\n<tr>\n<td width=\"17\" align=\"right\" valign=\"baseline\"><img loading=\"lazy\" decoding=\"async\" src=\"[get_bloginfo]url[\/get_bloginfo]\/files\/images\/bullet2.gif\" width=\"16\" height=\"9\" border=\"0\" alt=\"\"><\/td>\n<td width=\"175\" background=\"[get_bloginfo]url[\/get_bloginfo]\/files\/images\/clr.gif\" bgcolor=\"#E6E6E6\" class=\"metingri\"><a class=\"link5\" href=\"[get_bloginfo]url[\/get_bloginfo]\/newsdetail_id-6.html\"><br \/>\nCompleting fifth publication year&nbsp;<br \/>\n<\/a><\/td>\n<\/tr>\n<tr>\n<td colspan=\"2\"><img loading=\"lazy\" decoding=\"async\" src=\"[get_bloginfo]url[\/get_bloginfo]\/files\/images\/clr.gif\" width=\"1\" height=\"5\"><\/td>\n<\/tr>\n<tr>\n<td width=\"17\" align=\"right\" valign=\"baseline\"><img loading=\"lazy\" decoding=\"async\" src=\"[get_bloginfo]url[\/get_bloginfo]\/files\/images\/bullet2.gif\" width=\"16\" height=\"9\" border=\"0\" alt=\"\"><\/td>\n<td width=\"175\" background=\"[get_bloginfo]url[\/get_bloginfo]\/files\/images\/clr.gif\" bgcolor=\"#E6E6E6\" class=\"metingri\"><a class=\"link5\" href=\"[get_bloginfo]url[\/get_bloginfo]\/newsdetail_id-1.html\"><br \/>\nNew SleepandHypnosis Web Site Is Now Online&#8230;&nbsp;<br \/>\n<\/a><\/td>\n<\/tr>\n<tr>\n<td colspan=\"2\"><img loading=\"lazy\" decoding=\"async\" src=\"[get_bloginfo]url[\/get_bloginfo]\/files\/images\/clr.gif\" width=\"1\" height=\"5\"><\/td>\n<\/tr>\n<\/table>\n<p><img loading=\"lazy\" decoding=\"async\" src=\"[get_bloginfo]url[\/get_bloginfo]\/files\/images\/clr.gif\" width=\"1\" height=\"5\"><br class=\"m3ncsyod40qcuw2zf\"><br \/>\n<a href=\"[get_bloginfo]url[\/get_bloginfo]\/announcement.html\"><img loading=\"lazy\" decoding=\"async\" src=\"[get_bloginfo]url[\/get_bloginfo]\/files\/images\/buttons\/_annoucement.gif\" width=\"210\" height=\"20\" border=\"0\" alt=\"\"><\/a><br class=\"m3ncsyod40qcuw2zf\"><\/p>\n<table border=\"0\" cellpadding=\"1\" cellspacing=\"0\">\n<tr>\n<td width=\"17\" align=\"right\" valign=\"baseline\"><img loading=\"lazy\" decoding=\"async\" src=\"[get_bloginfo]url[\/get_bloginfo]\/files\/images\/bullet2.gif\" width=\"16\" height=\"9\" border=\"0\" alt=\"\"><\/td>\n<td background=\"[get_bloginfo]url[\/get_bloginfo]\/files\/images\/clr.gif\" bgcolor=\"#E6E6E6\" class=\"metingri\" width=\"179\"><a class=\"link5\" href=\"[get_bloginfo]url[\/get_bloginfo]\/announcementdetail_id-9.html\">International Mini-Fellowship Training Program in Sleep Medicine<\/a><\/td>\n<\/tr>\n<tr>\n<td colspan=\"2\"><img loading=\"lazy\" decoding=\"async\" src=\"[get_bloginfo]url[\/get_bloginfo]\/files\/images\/clr.gif\" width=\"1\" height=\"5\"><\/td>\n<\/tr>\n<tr>\n<td width=\"17\" align=\"right\" valign=\"baseline\"><img loading=\"lazy\" decoding=\"async\" src=\"[get_bloginfo]url[\/get_bloginfo]\/files\/images\/bullet2.gif\" width=\"16\" height=\"9\" border=\"0\" alt=\"\"><\/td>\n<td background=\"[get_bloginfo]url[\/get_bloginfo]\/files\/images\/clr.gif\" bgcolor=\"#E6E6E6\" class=\"metingri\" width=\"179\"><a class=\"link5\" href=\"[get_bloginfo]url[\/get_bloginfo]\/announcementdetail_id-8.html\">The 15th International Congress of Hypnosis of the International Society of Hypnosis (ISH)<\/a><\/td>\n<\/tr>\n<tr>\n<td colspan=\"2\"><img loading=\"lazy\" decoding=\"async\" src=\"[get_bloginfo]url[\/get_bloginfo]\/files\/images\/clr.gif\" width=\"1\" height=\"5\"><\/td>\n<\/tr>\n<tr>\n<td width=\"17\" align=\"right\" valign=\"baseline\"><img loading=\"lazy\" decoding=\"async\" src=\"[get_bloginfo]url[\/get_bloginfo]\/files\/images\/bullet2.gif\" width=\"16\" height=\"9\" border=\"0\" alt=\"\"><\/td>\n<td background=\"[get_bloginfo]url[\/get_bloginfo]\/files\/images\/clr.gif\" bgcolor=\"#E6E6E6\" class=\"metingri\" width=\"179\"><a class=\"link5\" href=\"[get_bloginfo]url[\/get_bloginfo]\/announcementdetail_id-7.html\">The 3rd ASRS Congress in the Year 2000 in Thailand<\/a><\/td>\n<\/tr>\n<tr>\n<td colspan=\"2\"><img loading=\"lazy\" decoding=\"async\" src=\"[get_bloginfo]url[\/get_bloginfo]\/files\/images\/clr.gif\" width=\"1\" height=\"5\"><\/td>\n<\/tr>\n<tr>\n<td width=\"17\" align=\"right\" valign=\"baseline\"><img loading=\"lazy\" decoding=\"async\" src=\"[get_bloginfo]url[\/get_bloginfo]\/files\/images\/bullet2.gif\" width=\"16\" height=\"9\" border=\"0\" alt=\"\"><\/td>\n<td background=\"[get_bloginfo]url[\/get_bloginfo]\/files\/images\/clr.gif\" bgcolor=\"#E6E6E6\" class=\"metingri\" width=\"179\"><a href=\"[get_bloginfo]url[\/get_bloginfo]\/announcement.html\" class=\"link5\">Announcement List<\/a><\/td>\n<\/tr>\n<\/table>\n<p><img loading=\"lazy\" decoding=\"async\" src=\"[get_bloginfo]url[\/get_bloginfo]\/files\/images\/clr.gif\" width=\"1\" height=\"5\"><br class=\"m3ncsyod40qcuw2zf\"><br \/>\n<a href=\"[get_bloginfo]url[\/get_bloginfo]\/calendar.html\"><img loading=\"lazy\" decoding=\"async\" src=\"[get_bloginfo]url[\/get_bloginfo]\/files\/images\/buttons\/_calander.gif\" width=\"210\" height=\"20\" border=\"0\" alt=\"\"><\/a><br class=\"m3ncsyod40qcuw2zf\"><\/p>\n<table border=\"0\" cellpadding=\"1\" cellspacing=\"0\">\n<tr>\n<td width=\"17\" align=\"right\" valign=\"baseline\"><img loading=\"lazy\" decoding=\"async\" src=\"[get_bloginfo]url[\/get_bloginfo]\/files\/images\/bullet2.gif\" width=\"16\" height=\"9\" border=\"0\" alt=\"\"><\/td>\n<td width=\"175\" background=\"[get_bloginfo]url[\/get_bloginfo]\/files\/images\/clr.gif\" bgcolor=\"#E6E6E6\" class=\"metingri\"><a href=\"[get_bloginfo]url[\/get_bloginfo]\/calendar.html\" class=\"link5\">22nd Annual Conference on Sleep Disorders in Infancy and Childhood<\/a><\/td>\n<\/tr>\n<tr>\n<td colspan=\"2\"><img loading=\"lazy\" decoding=\"async\" src=\"[get_bloginfo]url[\/get_bloginfo]\/files\/images\/clr.gif\" width=\"1\" height=\"5\"><\/td>\n<\/tr>\n<tr>\n<td width=\"17\" align=\"right\" valign=\"baseline\"><img loading=\"lazy\" decoding=\"async\" src=\"[get_bloginfo]url[\/get_bloginfo]\/files\/images\/bullet2.gif\" width=\"16\" height=\"9\" border=\"0\" alt=\"\"><\/td>\n<td width=\"175\" background=\"[get_bloginfo]url[\/get_bloginfo]\/files\/images\/clr.gif\" bgcolor=\"#E6E6E6\" class=\"metingri\"><a href=\"[get_bloginfo]url[\/get_bloginfo]\/calendar.html\" class=\"link5\">20th Annual International Conference of the Association For the Study Of Dreams<\/a><\/td>\n<\/tr>\n<tr>\n<td colspan=\"2\"><img loading=\"lazy\" decoding=\"async\" src=\"[get_bloginfo]url[\/get_bloginfo]\/files\/images\/clr.gif\" width=\"1\" height=\"5\"><\/td>\n<\/tr>\n<tr>\n<td width=\"17\" align=\"right\" valign=\"baseline\"><img loading=\"lazy\" decoding=\"async\" src=\"[get_bloginfo]url[\/get_bloginfo]\/files\/images\/bullet2.gif\" width=\"16\" height=\"9\" border=\"0\" alt=\"\"><\/td>\n<td width=\"175\" background=\"[get_bloginfo]url[\/get_bloginfo]\/files\/images\/clr.gif\" bgcolor=\"#E6E6E6\" class=\"metingri\"><a href=\"[get_bloginfo]url[\/get_bloginfo]\/calendar.html\" class=\"link5\">The  7th World Congress on Sleep Apnea<\/a><\/td>\n<\/tr>\n<tr>\n<td colspan=\"2\"><img loading=\"lazy\" decoding=\"async\" src=\"[get_bloginfo]url[\/get_bloginfo]\/files\/images\/clr.gif\" width=\"1\" height=\"5\"><\/td>\n<\/tr>\n<\/table>\n<p><img loading=\"lazy\" decoding=\"async\" src=\"[get_bloginfo]url[\/get_bloginfo]\/files\/images\/clr.gif\" width=\"1\" height=\"10\"><br class=\"m3ncsyod40qcuw2zf\"><br \/>\n<img loading=\"lazy\" decoding=\"async\" src=\"[get_bloginfo]url[\/get_bloginfo]\/files\/images\/clr.gif\" width=\"4\" height=\"1\"><a href=\"[get_bloginfo]url[\/get_bloginfo]\/msgboard.html\"><img loading=\"lazy\" decoding=\"async\" src=\"[get_bloginfo]url[\/get_bloginfo]\/files\/images\/buttons\/_message_board.gif\" width=\"192\" height=\"21\" border=\"0\" alt=\"\"><\/a><br class=\"m3ncsyod40qcuw2zf\"><\/p>\n<table border=\"0\" cellpadding=\"0\" cellspacing=\"0\">\n<tr>\n<td width=\"4\"><img loading=\"lazy\" decoding=\"async\" src=\"[get_bloginfo]url[\/get_bloginfo]\/files\/images\/clr.gif\" width=\"4\" height=\"1\"><\/p>\n<td>\n<td>\n<table border=\"0\" cellpadding=\"1\" cellspacing=\"0\">\n<tr>\n<td width=\"17\" align=\"right\" valign=\"baseline\"><img loading=\"lazy\" decoding=\"async\" src=\"[get_bloginfo]url[\/get_bloginfo]\/files\/images\/bullet2.gif\" width=\"16\" height=\"9\" border=\"0\" alt=\"\"><\/td>\n<td width=\"175\" background=\"[get_bloginfo]url[\/get_bloginfo]\/files\/images\/clr.gif\" bgcolor=\"#E6E6E6\" class=\"metingri\">\nT\u00dcRK\u00c7EM\u00ddZ\u00dd EN \u00ddY\u00dd \u00deEK\u00ddLDE KULL&nbsp;&#8230;<\/td>\n<\/tr>\n<tr>\n<td width=\"17\" align=\"right\" valign=\"baseline\"><img loading=\"lazy\" decoding=\"async\" src=\"[get_bloginfo]url[\/get_bloginfo]\/files\/images\/bullet2.gif\" width=\"16\" height=\"9\" border=\"0\" alt=\"\"><\/td>\n<td width=\"175\" background=\"[get_bloginfo]url[\/get_bloginfo]\/files\/images\/clr.gif\" bgcolor=\"#E6E6E6\" class=\"metingri\">\nNew Book About Sleep Paralysis&nbsp;&#8230;<\/td>\n<\/tr>\n<tr>\n<td width=\"17\" align=\"right\" valign=\"baseline\"><img loading=\"lazy\" decoding=\"async\" src=\"[get_bloginfo]url[\/get_bloginfo]\/files\/images\/bullet2.gif\" width=\"16\" height=\"9\" border=\"0\" alt=\"\"><\/td>\n<td width=\"175\" background=\"[get_bloginfo]url[\/get_bloginfo]\/files\/images\/clr.gif\" bgcolor=\"#E6E6E6\" class=\"metingri\">\nsleep and postpartum depressio&nbsp;&#8230;<\/td>\n<\/tr>\n<\/table>\n<\/td>\n<\/tr>\n<\/table>\n<p><img loading=\"lazy\" decoding=\"async\" src=\"[get_bloginfo]url[\/get_bloginfo]\/files\/images\/clr.gif\" width=\"4\" height=\"1\"><img loading=\"lazy\" decoding=\"async\" src=\"[get_bloginfo]url[\/get_bloginfo]\/files\/images\/buttons\/_message_board_alt.gif\" width=\"192\" height=\"8\" border=\"0\" alt=\"\"><br class=\"m3ncsyod40qcuw2zf\"><br \/>\n<img loading=\"lazy\" decoding=\"async\" src=\"[get_bloginfo]url[\/get_bloginfo]\/files\/images\/clr.gif\" width=\"1\" height=\"5\"><br class=\"m3ncsyod40qcuw2zf\"><br class=\"m3ncsyod40qcuw2zf\"><br class=\"m3ncsyod40qcuw2zf\"><br \/>\n<center><span class=\"metingri\">Publisher:<\/span><br class=\"m3ncsyod40qcuw2zf\"><br \/>\n<a href=\"http:\/\/www.kure.com.tr\/\" target=\"_blank\" rel=\"noopener\"><img loading=\"lazy\" decoding=\"async\" src=\"[get_bloginfo]url[\/get_bloginfo]\/files\/images\/kure_logo.gif\" width=\"78\" height=\"31\" border=\"0\" alt=\"\"><\/a><\/center><br \/>\n<br class=\"m3ncsyod40qcuw2zf\"><br class=\"m3ncsyod40qcuw2zf\"><br \/>\n<!-- right -->\n<\/td>\n<\/tr>\n<\/table>\n<\/td>\n<\/tr>\n<\/table>\n","protected":false},"excerpt":{"rendered":"<p>AUTHOR INDEX RESULTS Luigi Ferini-Strambi 2 Articles Found. Nocturnal Frontal Lobe Epilepsy: Sporadic Versus Familial Cases Volume:2&nbsp;Number:1&nbsp;Year:2000 Evaluation of the Efficacy of a Nasal Dilator in Habitual-Snorer Patients Volume:1&nbsp;Number:3&nbsp;Year:1999 Username:&nbsp; Password:&nbsp; &nbsp;&nbsp; Forgotten your password? &nbsp;&nbsp; Member Services Completing fifth publication year&nbsp; New SleepandHypnosis Web Site Is Now Online&#8230;&nbsp; International Mini-Fellowship Training Program in Sleep [&hellip;]<\/p>\n","protected":false},"author":0,"featured_media":0,"parent":0,"menu_order":0,"comment_status":"closed","ping_status":"closed","template":"template_2.php","meta":{"om_disable_all_campaigns":false,"footnotes":""},"class_list":["post-320","page","type-page","status-publish","hentry","post-wrapper","thrv_wrapper"],"aioseo_notices":[],"_links":{"self":[{"href":"https:\/\/sleepandhypnosis.org\/research\/wp-json\/wp\/v2\/pages\/320","targetHints":{"allow":["GET"]}}],"collection":[{"href":"https:\/\/sleepandhypnosis.org\/research\/wp-json\/wp\/v2\/pages"}],"about":[{"href":"https:\/\/sleepandhypnosis.org\/research\/wp-json\/wp\/v2\/types\/page"}],"replies":[{"embeddable":true,"href":"https:\/\/sleepandhypnosis.org\/research\/wp-json\/wp\/v2\/comments?post=320"}],"version-history":[{"count":0,"href":"https:\/\/sleepandhypnosis.org\/research\/wp-json\/wp\/v2\/pages\/320\/revisions"}],"wp:attachment":[{"href":"https:\/\/sleepandhypnosis.org\/research\/wp-json\/wp\/v2\/media?parent=320"}],"curies":[{"name":"wp","href":"https:\/\/api.w.org\/{rel}","templated":true}]}}